{"id":332727,"date":"2026-03-06T23:39:52","date_gmt":"2026-03-06T20:39:52","guid":{"rendered":"https:\/\/baldumarket.lt\/?post_type=product&#038;p=332727"},"modified":"2026-03-26T09:51:41","modified_gmt":"2026-03-26T06:51:41","slug":"erdvi-sienine-spintele-su-atviromis-lentynomis-stalciais-ir-spintelemis-340-x-220-cm-naturalus-azuolas-modena","status":"publish","type":"product","link":"https:\/\/baldumarket.lt\/lt\/produktas\/erdvi-sienine-spintele-su-atviromis-lentynomis-stalciais-ir-spintelemis-340-x-220-cm-naturalus-azuolas-modena\/","title":{"rendered":"Erdvi sienin\u0117 spintel\u0117 su atviromis lentynomis, stal\u010diais ir spintel\u0117mis, 340 \u00d7 220 cm, D\u0105b Grand Naturalny, MODENA"},"content":{"rendered":"<p>MODENA sienin\u0117 spintel\u0117 \u201eGrand Natural Oak\u201c spalvos \u2013 tai erdvus blokas su atviromis lentynomis, stal\u010diais ir u\u017edaromis spintel\u0117mis, skirtas tvarkingai ir funkcionaliai gyvenamajai erdvei. 340 x 220 cm dyd\u017eio dizainas suteikia daug vietos daiktams susid\u0117ti, tuo pa\u010diu i\u0161laikant darn\u0173 ir ai\u0161k\u0173 i\u0161d\u0117stym\u0105.<br \/>\nAtviros lentynos leid\u017eia esteti\u0161kai eksponuoti dekoracijas, knygas ar asmeninius daiktus, suteikdamos spintelei unikal\u0173 charakter\u012f. Centrin\u0117 dalis su vieta televizoriui sukuria patogi\u0105 multimedijos zon\u0105, o apgalvotas moduli\u0173 i\u0161d\u0117stymas padeda tvarkingai i\u0161d\u0117styti elektronik\u0105 ir priedus.<br \/>\nRakinamos spintel\u0117s ir erdv\u016bs stal\u010diai suteikia prakti\u0161kos vietos dokumentams, tekstilei ir kasdieniams daiktams laikyti, padeda palaikyti tvark\u0105 neatidengiant turinio. Sienin\u0117s spintel\u0117s i\u0161d\u0117stymas palengvina kasdien\u012f naudojim\u0105 ir leid\u017eia greitai pasiekti visus komponentus.<br \/>\n\u201eGrand Natural Oak\u201c spalva pary\u0161kina nat\u016bral\u0173 spintel\u0117s charakter\u012f ir suteikia interjerui \u0161ilt\u0105, sant\u016br\u0173 atspalv\u012f. Med\u017eio ra\u0161tas dera prie \u0161viesaus ir neutralaus interjero, sukurdamas darni\u0105 visum\u0105 su kitais baldais, ta\u010diau pernelyg neu\u017ego\u017edamas erdv\u0117s. Kaip ir visas \u201ee-Meblast\u201c si\u016blomas sienines spinteles, MODENA model\u012f galima pritaikyti pagal spalv\u0105, matmenis ir furnit\u016br\u0105, tod\u0117l galite pritaikyti spintel\u0119 prie individuali\u0173 poreiki\u0173 ir interjero i\u0161planavimo.<\/p>\n<p>Galimos spalvos:<br \/>\nBalta<br \/>\nBaltas \/ juodas oniksas<br \/>\nAmerikos \u0105\u017euolas<br \/>\nCarpenter viskio \u0105\u017euolas<br \/>\nLanceloto \u0105\u017euolas<br \/>\nLefkos \u0105\u017euolas \/ Juodasis oniksas<br \/>\nDidysis \u0105\u017euolas + MDF juostel\u0117<br \/>\nPorto vy\u0161nia + MDF juostel\u0117<\/p>","protected":false},"excerpt":{"rendered":"<p>Matmenys:<br \/>\nPlotis: 340 cm<br \/>\nAuk\u0161tis: 220 cm<br \/>\nGylis: 45 cm<\/p>","protected":false},"featured_media":332845,"comment_status":"open","ping_status":"closed","template":"","meta":[],"product_brand":[],"product_cat":[9983,9857,2008],"product_tag":[],"class_list":{"0":"post-332727","1":"product","2":"type-product","3":"status-publish","4":"has-post-thumbnail","6":"product_cat-furniture-sets-room-sets-meblast","7":"product_cat-meblast","8":"product_cat-wall-units","10":"first","11":"instock","12":"shipping-taxable","13":"purchasable","14":"product-type-variable","15":"wvs-archive-product-wrapper"},"_links":{"self":[{"href":"https:\/\/baldumarket.lt\/lt\/wp-json\/wp\/v2\/product\/332727","targetHints":{"allow":["GET"]}}],"collection":[{"href":"https:\/\/baldumarket.lt\/lt\/wp-json\/wp\/v2\/product"}],"about":[{"href":"https:\/\/baldumarket.lt\/lt\/wp-json\/wp\/v2\/types\/product"}],"replies":[{"embeddable":true,"href":"https:\/\/baldumarket.lt\/lt\/wp-json\/wp\/v2\/comments?post=332727"}],"wp:featuredmedia":[{"embeddable":true,"href":"https:\/\/baldumarket.lt\/lt\/wp-json\/wp\/v2\/media\/332845"}],"wp:attachment":[{"href":"https:\/\/baldumarket.lt\/lt\/wp-json\/wp\/v2\/media?parent=332727"}],"wp:term":[{"taxonomy":"product_brand","embeddable":true,"href":"https:\/\/baldumarket.lt\/lt\/wp-json\/wp\/v2\/product_brand?post=332727"},{"taxonomy":"product_cat","embeddable":true,"href":"https:\/\/baldumarket.lt\/lt\/wp-json\/wp\/v2\/product_cat?post=332727"},{"taxonomy":"product_tag","embeddable":true,"href":"https:\/\/baldumarket.lt\/lt\/wp-json\/wp\/v2\/product_tag?post=332727"}],"curies":[{"name":"wp","href":"https:\/\/api.w.org\/{rel}","templated":true}]}}