{"id":332673,"date":"2026-03-06T23:38:16","date_gmt":"2026-03-06T20:38:16","guid":{"rendered":"https:\/\/baldumarket.lt\/?post_type=product&#038;p=332673"},"modified":"2026-03-23T17:44:37","modified_gmt":"2026-03-23T14:44:37","slug":"svetaines-spintele-su-tv-lentyna-spintelemis-ir-stalciais-300-x-220-cm-lefkas-azuolas-grafito-pilka-stilo","status":"publish","type":"product","link":"https:\/\/baldumarket.lt\/lt\/produktas\/svetaines-spintele-su-tv-lentyna-spintelemis-ir-stalciais-300-x-220-cm-lefkas-azuolas-grafito-pilka-stilo\/","title":{"rendered":"Svetain\u0117s spintel\u0117 su TV lentyna, spintel\u0117mis ir stal\u010diais, 300 \u00d7 220 cm, Lefkas \u0105\u017euolas \/ grafito pilka \u2013 STILO"},"content":{"rendered":"<p>\u201eSTILO\u201c sienin\u0117 spintel\u0117 \u201eLefkas Oak\u201c ir grafito pilkos spalvos \u2013 tai modernus svetain\u0117s bald\u0173 komplektas, kuriame nat\u016brali med\u017eio spalva derinama su i\u0161skirtiniu, tamsiu akcentu. \u0160is spalv\u0173 derinys suteikia baldui i\u0161skirtinio charakterio ir puikiai tinka moderniam, lofto ir industrinio stiliaus svetain\u0117s dizainui.<\/p>\n<p>Centrin\u0117 televizoriaus lentyna sukuria funkcionali\u0105 multimedijos zon\u0105, kurioje patogu i\u0161d\u0117styti ekran\u0105 ir elektronik\u0105. Spinteli\u0173 ir erdvi\u0173 stal\u010di\u0173 i\u0161d\u0117stymas leid\u017eia prakti\u0161kai laikyti kasdienius daiktus \u2013 nuo dokument\u0173 ir aksesuar\u0173 iki tekstil\u0117s gamini\u0173 ir bald\u0173, kuriuos pravartu tur\u0117ti po ranka, bet pasl\u0117pti.<\/p>\n<p>\u201eLefkas \u0105\u017euolo\u201c apdaila vizualiai pary\u0161kina spintel\u0117s form\u0105, o grafito elementai suteikia modernumo ir gylio. Tai leid\u017eia STILO sieninei spintelei nedominuoti interjere, o tapti i\u0161skirtiniu, tvarkingu elementu. Tai geras sprendimas tiek didesn\u0117ms svetain\u0117ms, tiek erdv\u0117ms, kuriose svarbus ai\u0161kus funkcij\u0173 atskyrimas. Baldai pagaminti i\u0161 patvarios 18 mm laminuotos plok\u0161t\u0117s, u\u017etikrinan\u010dios konstrukcijos stabilum\u0105 ir atsparum\u0105 intensyviam naudojimui. PVC kra\u0161tai efektyviai apsaugo kra\u0161tus nuo dr\u0117gm\u0117s ir pa\u017eeidim\u0173, o HDF pagrindas sutvirtina vis\u0105 konstrukcij\u0105. Atsi\u017evelgdami \u012f savo pageidavimus, galite rinktis standartin\u0119 arba auk\u0161\u010diausios kokyb\u0117s furnit\u016br\u0105.<\/p>\n<p>Kaip ir kiekvien\u0105 \u201ee-Meblast\u201c si\u016blom\u0105 model\u012f, STILO sienin\u0119 spintel\u0119 galima pritaikyti pagal individualius poreikius, atsi\u017evelgiant \u012f matmenis, spalvas ir atskir\u0173 element\u0173 i\u0161d\u0117stym\u0105.<\/p>\n<p>Galimos spalvos:<br \/>\nBalta<br \/>\nKa\u0161myro sm\u0117lio spalvos<br \/>\nMedkir\u010dio Frost Oak<br \/>\nEleganti\u0161kas \u0105\u017euolas<br \/>\nLefkas \u0105\u017euolas \/ grafito pilka<br \/>\nLefkas \u0105\u017euolas + MDF juostel\u0117<br \/>\nDidysis \u0105\u017euolas + MDF juostel\u0117<br \/>\nTamsi Sonoma \/ \u0160viesi Sonoma + MDF juostel\u0117<\/p>","protected":false},"excerpt":{"rendered":"<p>Matmenys:<br \/>\nPlotis: 300 cm<br \/>\nAuk\u0161tis: 220 cm<br \/>\nGylis: 45 cm<\/p>","protected":false},"featured_media":332793,"comment_status":"open","ping_status":"closed","template":"","meta":[],"product_brand":[],"product_cat":[9857,2008],"product_tag":[],"class_list":{"0":"post-332673","1":"product","2":"type-product","3":"status-publish","4":"has-post-thumbnail","6":"product_cat-meblast","7":"product_cat-wall-units","9":"first","10":"instock","11":"shipping-taxable","12":"purchasable","13":"product-type-variable","14":"wvs-archive-product-wrapper"},"_links":{"self":[{"href":"https:\/\/baldumarket.lt\/lt\/wp-json\/wp\/v2\/product\/332673","targetHints":{"allow":["GET"]}}],"collection":[{"href":"https:\/\/baldumarket.lt\/lt\/wp-json\/wp\/v2\/product"}],"about":[{"href":"https:\/\/baldumarket.lt\/lt\/wp-json\/wp\/v2\/types\/product"}],"replies":[{"embeddable":true,"href":"https:\/\/baldumarket.lt\/lt\/wp-json\/wp\/v2\/comments?post=332673"}],"wp:featuredmedia":[{"embeddable":true,"href":"https:\/\/baldumarket.lt\/lt\/wp-json\/wp\/v2\/media\/332793"}],"wp:attachment":[{"href":"https:\/\/baldumarket.lt\/lt\/wp-json\/wp\/v2\/media?parent=332673"}],"wp:term":[{"taxonomy":"product_brand","embeddable":true,"href":"https:\/\/baldumarket.lt\/lt\/wp-json\/wp\/v2\/product_brand?post=332673"},{"taxonomy":"product_cat","embeddable":true,"href":"https:\/\/baldumarket.lt\/lt\/wp-json\/wp\/v2\/product_cat?post=332673"},{"taxonomy":"product_tag","embeddable":true,"href":"https:\/\/baldumarket.lt\/lt\/wp-json\/wp\/v2\/product_tag?post=332673"}],"curies":[{"name":"wp","href":"https:\/\/api.w.org\/{rel}","templated":true}]}}