{"id":332671,"date":"2026-03-06T23:38:14","date_gmt":"2026-03-06T20:38:14","guid":{"rendered":"https:\/\/baldumarket.lt\/?post_type=product&#038;p=332671"},"modified":"2026-03-23T17:44:37","modified_gmt":"2026-03-23T14:44:37","slug":"svetaines-spintele-su-tv-lentyna-spintelemis-ir-stalciais-300-x-220-cm-kasmyro-smelio-spalvos-stilo","status":"publish","type":"product","link":"https:\/\/baldumarket.lt\/lt\/produktas\/svetaines-spintele-su-tv-lentyna-spintelemis-ir-stalciais-300-x-220-cm-kasmyro-smelio-spalvos-stilo\/","title":{"rendered":"Svetain\u0117s spintel\u0117 su TV lentyna, spintel\u0117mis ir stal\u010diais, 300 \u00d7 220 cm, ka\u0161myro sm\u0117lio spalvos \u2013 STILO"},"content":{"rendered":"<p>Ka\u0161myro sm\u0117lio spalvos STILO sienin\u0117 spintel\u0117 puikiai tinka tiems, kurie vertina \u0161vies\u0173, ram\u0173 interjer\u0105 ir subtili\u0105 elegancij\u0105. Subtilus, neutralus sm\u0117lio spalvos atspalvis puikiai pa\u0161viesina erdv\u0119, suteikdamas svetainei harmonijos ir tvarkos poj\u016bt\u012f, be \u0161alto sterilumo, b\u016bdingo grynai baltai spalvai.<br \/>\nCentrin\u0117 televizoriaus lentyna sukuria patogi\u0105 ir esteti\u0161kai patraukli\u0105 multimedijos zon\u0105, leid\u017eian\u010di\u0105 patogiai i\u0161d\u0117styti ekran\u0105 ir elektronik\u0105. Rakinamos spintel\u0117s ir erdv\u016bs stal\u010diai leid\u017eia laikyti dokumentus, aksesuarus, tekstil\u0119 ir smulkius kasdienius daiktus. Tai u\u017etikrina, kad gyvenamoji erdv\u0117 i\u0161likt\u0173 tvarkinga ir funkcionali.<br \/>\nKa\u0161myro sm\u0117lio spalva puikiai dera moderniuose, minimalistiniuose, japoni\u0161ko ir \u0161velnaus lofto \u012fkv\u0117ptuose interjeruose. \u0160i spalva puikiai dera su med\u017eio, juodos, auksin\u0117s ar nat\u016bralaus audinio akcentais, tod\u0117l sienin\u0117 spintel\u0117 lengvai prisitaiko prie kintan\u010dio interjero dizaino. STILO sienin\u0117 spintel\u0117 pagaminta i\u0161 patvarios, 18 mm storio laminuotos plok\u0161t\u0117s, u\u017etikrinan\u010dios konstrukcijos stabilum\u0105 ir ilgaam\u017ei\u0161kum\u0105. PVC kra\u0161tai efektyviai apsaugo kra\u0161tus nuo dr\u0117gm\u0117s ir pa\u017eeidim\u0173, o HDF plok\u0161t\u0117 sutvirtina vis\u0105 konstrukcij\u0105. Atsi\u017evelgdami \u012f savo poreikius, galite rinktis standartin\u0119 arba auk\u0161\u010diausios kokyb\u0117s furnit\u016br\u0105.<br \/>\nKaip ir visus \u201ee-Meblast\u201c si\u016blomus baldus, \u0161\u012f model\u012f galima pritaikyti pagal matmenis, spalvas ir element\u0173 i\u0161d\u0117stym\u0105, tod\u0117l j\u012f lengvai priderinsite prie savo svetain\u0117s ar poilsio kambario.<\/p>\n<p>Galimos spalvos:<br \/>\nBalta<br \/>\nKa\u0161myro sm\u0117lio spalvos<br \/>\nMedkir\u010dio Frost Oak<br \/>\nEleganti\u0161kas \u0105\u017euolas<br \/>\nLefkas \u0105\u017euolas \/ grafito pilka<br \/>\nLefkas \u0105\u017euolas + MDF juostel\u0117<br \/>\nDidysis \u0105\u017euolas + MDF juostel\u0117<br \/>\nTamsi Sonoma \/ \u0160viesi Sonoma + MDF juostel\u0117<\/p>","protected":false},"excerpt":{"rendered":"<p>Matmenys:<br \/>\nPlotis: 300 cm<br \/>\nAuk\u0161tis: 220 cm<br \/>\nGylis: 45 cm<\/p>","protected":false},"featured_media":332782,"comment_status":"open","ping_status":"closed","template":"","meta":[],"product_brand":[],"product_cat":[9857,2008],"product_tag":[],"class_list":{"0":"post-332671","1":"product","2":"type-product","3":"status-publish","4":"has-post-thumbnail","6":"product_cat-meblast","7":"product_cat-wall-units","9":"first","10":"instock","11":"shipping-taxable","12":"purchasable","13":"product-type-variable","14":"wvs-archive-product-wrapper"},"_links":{"self":[{"href":"https:\/\/baldumarket.lt\/lt\/wp-json\/wp\/v2\/product\/332671","targetHints":{"allow":["GET"]}}],"collection":[{"href":"https:\/\/baldumarket.lt\/lt\/wp-json\/wp\/v2\/product"}],"about":[{"href":"https:\/\/baldumarket.lt\/lt\/wp-json\/wp\/v2\/types\/product"}],"replies":[{"embeddable":true,"href":"https:\/\/baldumarket.lt\/lt\/wp-json\/wp\/v2\/comments?post=332671"}],"wp:featuredmedia":[{"embeddable":true,"href":"https:\/\/baldumarket.lt\/lt\/wp-json\/wp\/v2\/media\/332782"}],"wp:attachment":[{"href":"https:\/\/baldumarket.lt\/lt\/wp-json\/wp\/v2\/media?parent=332671"}],"wp:term":[{"taxonomy":"product_brand","embeddable":true,"href":"https:\/\/baldumarket.lt\/lt\/wp-json\/wp\/v2\/product_brand?post=332671"},{"taxonomy":"product_cat","embeddable":true,"href":"https:\/\/baldumarket.lt\/lt\/wp-json\/wp\/v2\/product_cat?post=332671"},{"taxonomy":"product_tag","embeddable":true,"href":"https:\/\/baldumarket.lt\/lt\/wp-json\/wp\/v2\/product_tag?post=332671"}],"curies":[{"name":"wp","href":"https:\/\/api.w.org\/{rel}","templated":true}]}}