{"id":332644,"date":"2026-03-06T23:37:23","date_gmt":"2026-03-06T20:37:23","guid":{"rendered":"https:\/\/baldumarket.lt\/?post_type=product&#038;p=332644"},"modified":"2026-03-23T17:44:37","modified_gmt":"2026-03-23T14:44:37","slug":"svetaines-spintele-su-televizoriaus-lentyna-spintelemis-ir-stalciais-300-x-220-cm-elegantiskas-azuolas-stilo","status":"publish","type":"product","link":"https:\/\/baldumarket.lt\/lt\/produktas\/svetaines-spintele-su-televizoriaus-lentyna-spintelemis-ir-stalciais-300-x-220-cm-elegantiskas-azuolas-stilo\/","title":{"rendered":"Svetain\u0117s spintel\u0117 su televizoriaus lentyna, spintel\u0117mis ir stal\u010diais, 300 \u00d7 220 cm, eleganti\u0161kas \u0105\u017euolas \u2013 STILO"},"content":{"rendered":"<p>\u201eSTILO\u201c sienin\u0117 spintel\u0117 \u201eElegant Oak\u201c spalvos puikiai tinka ie\u0161kantiems subalansuoto klasikinio ir modernaus stiliaus derinio. Subtilus medienos ra\u0161tas ir prislopintos spalvos suteikia \u0161iam baldui eleganti\u0161k\u0105 ir nesenstant\u012f vaizd\u0105, puikiai dera prie \u012fvairi\u0173 svetain\u0117s ar darbo kambario i\u0161d\u0117stym\u0173.<\/p>\n<p>Centrin\u0117 televizoriaus lentyna sukuria funkcionali\u0105 multimedijos zon\u0105, leid\u017eian\u010di\u0105 esteti\u0161kai patraukliai i\u0161d\u0117styti ekran\u0105 ir elektronik\u0105. Erdvios spintel\u0117s ir prakti\u0161ki stal\u010diai u\u017etikrina patog\u0173 dokument\u0173, pried\u0173, \u017eaidim\u0173 ir bald\u0173 laikym\u0105, padeda palaikyti tvark\u0105 kasdien naudojantis.<\/p>\n<p>\u201eElegant Oak\u201c dekoras puikiai dera tiek moderniuose, tiek klasikiniuose interjeruose. Neutrali spalva leid\u017eia lengvai derinti su \u0161viesiais ar tamsesniais akcentais, sukuriant darni\u0105 ir harmoning\u0105 gyvenam\u0105j\u0105 erdv\u0119, ta\u010diau nejau\u010diant per didelio \u017eavesio.<\/p>\n<p>STILO sienin\u0117 spintel\u0117 pagaminta i\u0161 patvarios 18 mm laminuotos plok\u0161t\u0117s, u\u017etikrinan\u010dios konstrukcijos stabilum\u0105 ir atsparum\u0105 kasdieniam naudojimui. PVC kra\u0161tai efektyviai apsaugo kra\u0161tus nuo dr\u0117gm\u0117s ir mechanini\u0173 pa\u017eeidim\u0173, o HDF pagrindas dar labiau sutvirtina vis\u0105 konstrukcij\u0105. Priklausomai nuo j\u016bs\u0173 poreiki\u0173, galite rinktis standartin\u0119 arba auk\u0161\u010diausios kokyb\u0117s furnit\u016br\u0105. Kaip ir visus \u201ee-Meblast\u201c si\u016blomus baldus, STILO sienin\u0119 spintel\u0119 galima pritaikyti pagal j\u016bs\u0173 individualius poreikius \u2013 matmen\u0173, spalv\u0173 ir element\u0173 i\u0161d\u0117stymo at\u017evilgiu, tod\u0117l ji puikiai papildys j\u016bs\u0173 konkret\u0173 interjer\u0105.<\/p>\n<p>Galimos spalvos:<br \/>\nBalta<br \/>\nKa\u0161myro sm\u0117lio spalvos<br \/>\nMedkir\u010dio Frost Oak<br \/>\nEleganti\u0161kas \u0105\u017euolas<br \/>\nLefkas \u0105\u017euolas \/ grafito pilka<br \/>\nLefkas \u0105\u017euolas + MDF juostel\u0117<br \/>\nDidysis \u0105\u017euolas + MDF juostel\u0117<br \/>\nTamsi Sonoma \/ \u0160viesi Sonoma + MDF juostel\u0117<\/p>","protected":false},"excerpt":{"rendered":"<p>Matmenys:<br \/>\nPlotis: 300 cm<br \/>\nAuk\u0161tis: 220 cm<br \/>\nGylis: 45 cm<\/p>","protected":false},"featured_media":332755,"comment_status":"open","ping_status":"closed","template":"","meta":[],"product_brand":[],"product_cat":[9857,2008],"product_tag":[],"class_list":{"0":"post-332644","1":"product","2":"type-product","3":"status-publish","4":"has-post-thumbnail","6":"product_cat-meblast","7":"product_cat-wall-units","9":"first","10":"instock","11":"shipping-taxable","12":"purchasable","13":"product-type-variable","14":"wvs-archive-product-wrapper"},"_links":{"self":[{"href":"https:\/\/baldumarket.lt\/lt\/wp-json\/wp\/v2\/product\/332644","targetHints":{"allow":["GET"]}}],"collection":[{"href":"https:\/\/baldumarket.lt\/lt\/wp-json\/wp\/v2\/product"}],"about":[{"href":"https:\/\/baldumarket.lt\/lt\/wp-json\/wp\/v2\/types\/product"}],"replies":[{"embeddable":true,"href":"https:\/\/baldumarket.lt\/lt\/wp-json\/wp\/v2\/comments?post=332644"}],"wp:featuredmedia":[{"embeddable":true,"href":"https:\/\/baldumarket.lt\/lt\/wp-json\/wp\/v2\/media\/332755"}],"wp:attachment":[{"href":"https:\/\/baldumarket.lt\/lt\/wp-json\/wp\/v2\/media?parent=332644"}],"wp:term":[{"taxonomy":"product_brand","embeddable":true,"href":"https:\/\/baldumarket.lt\/lt\/wp-json\/wp\/v2\/product_brand?post=332644"},{"taxonomy":"product_cat","embeddable":true,"href":"https:\/\/baldumarket.lt\/lt\/wp-json\/wp\/v2\/product_cat?post=332644"},{"taxonomy":"product_tag","embeddable":true,"href":"https:\/\/baldumarket.lt\/lt\/wp-json\/wp\/v2\/product_tag?post=332644"}],"curies":[{"name":"wp","href":"https:\/\/api.w.org\/{rel}","templated":true}]}}