{"id":332624,"date":"2026-03-06T23:36:46","date_gmt":"2026-03-06T20:36:46","guid":{"rendered":"https:\/\/baldumarket.lt\/?post_type=product&#038;p=332624"},"modified":"2026-03-31T10:00:33","modified_gmt":"2026-03-31T07:00:33","slug":"tv-sienine-spintele-su-stiklinemis-vitrinomis-303-x-240-cm-snieguole-vero","status":"publish","type":"product","link":"https:\/\/baldumarket.lt\/lt\/product\/tv-sienine-spintele-su-stiklinemis-vitrinomis-303-x-240-cm-snieguole-vero\/","title":{"rendered":"TV sienin\u0117 spintel\u0117 su stiklin\u0117mis vitrinomis 303 \u00d7 240 cm \u015anie\u017cna Biel \u2013 VERO"},"content":{"rendered":"<p>VERO sienin\u0117 spintel\u0117 su ry\u0161kiai balta apdaila \u2013 tai moderni televizoriaus sienin\u0117 spintel\u0117, kurioje dera eleganti\u0161kas dizainas ir i\u0161skirtinis funkcionalumas. Iki 240 cm auk\u0161\u010dio ir daugiau nei 3 metr\u0173 plo\u010dio ji sukuria vientis\u0105, esteti\u0161kai patraukli\u0105 bald\u0173 sien\u0105, puikiai tinkan\u010di\u0105 moderniai svetainei ar darbo kambariui.<\/p>\n<p>Centrin\u0117 televizoriaus zona buvo sukurta patogiai i\u0161d\u0117styti televizori\u0173 ir multimedijos \u012frang\u0105, o daugyb\u0117 lentyn\u0173 ir u\u017erakinam\u0173 spinteli\u0173 leid\u017eia susitvarkyti priedus, dokumentus ir kitus daiktus. I\u0161skirtinis \u0161io modelio bruo\u017eas \u2013 stiklin\u0117s vitrinos, kurios suteikia dizainui lengvumo ir leid\u017eia eleganti\u0161kai eksponuoti dekoracijas, knygas ar stiklinius indus. Stiklas subtiliai suardo vientis\u0105 spintel\u0117s form\u0105, tod\u0117l ji vizualiai lengvesn\u0117, nepaisant didelio dyd\u017eio.<\/p>\n<p>D\u0117l ry\u0161kios baltos spalvos sienin\u0117 spintel\u0117 puikiai tinka \u0161viesiam, minimalistiniam ir moderniam interjerui. Balta spalva vizualiai i\u0161ple\u010dia erdv\u0119, pa\u0161viesina interjer\u0105 ir suteikia universal\u0173 fon\u0105 kitiems svetain\u0117s baldams. \u0160is sprendimas ypa\u010d rekomenduojamas interjerams, kuriuose svarbus tvarkos, harmonijos ir nesenstan\u010dios estetikos poj\u016btis.<br \/>\nVERO sienin\u0117 spintel\u0117 buvo sukurta kaip komplektas, kuris ne tik gerai atrodo, bet ir, svarbiausia, suteikia daug vietos daiktams susid\u0117ti, tod\u0117l nereikia daugyb\u0117s atskir\u0173 bald\u0173. Tai suteikia svetainei vientis\u0105 charakter\u012f ir i\u0161lieka funkcionali kasdien.<br \/>\nKaip ir visus \u201ee-Meblast\u201c si\u016blomus baldus, \u0161\u012f model\u012f galima modifikuoti pagal individualius poreikius, \u012fskaitant matmenis, element\u0173 i\u0161d\u0117stym\u0105, spalvas ir furnit\u016br\u0105. Tai sprendimas tiems, kurie ie\u0161ko televizoriaus sienin\u0117s spintel\u0117s, kuri puikiai papildyt\u0173 j\u0173 interjer\u0105.<\/p>\n<p>Derinkite spalv\u0105 prie savo interjero<\/p>\n<p>Balta<br \/>\nKa\u0161myro sm\u0117lio spalvos<br \/>\nKa\u0161myro sm\u0117lio \/ juodo onikso<br \/>\nOkapi rie\u0161utas<br \/>\nDidysis \u0105\u017euolas + MDF juostel\u0117<br \/>\n\u0160viesus Sonoma + MDF juostel\u0117<br \/>\nTamsi Sonoma \/ \u0160viesi Sonoma + MDF juostel\u0117<\/p>\n<p>Tai leid\u017eia lengvai priderinti baldus prie interjero stiliaus \u2013 nuo minimalistinio, skandinavi\u0161ko iki klasikinio ar lofto stiliaus.<br \/>\nTik \u201ee-Meblast\u201c \u2013 pagal u\u017esakym\u0105 pagaminti baldai<br \/>\nAr j\u016bs\u0173 svetain\u0117s i\u0161planavimas ne\u012fprastas? Reikia didesnio televizoriaus staliuko ar kitokio lentyn\u0173 i\u0161d\u0117stymo?<br \/>\n\u201ee-Meblast\u201c galite pritaikyti \u201eVero\u201c sienin\u0119 spintel\u0119 pagal savo poreikius!<br \/>\nJ\u016bs\u0173 svetain\u0117 \u2013 j\u016bs\u0173 taisykl\u0117s! Su mumis galite susikurti ne tik gra\u017eius, bet ir funkcionalius baldus (100%).<br \/>\n\u201eVero\u201c sienin\u0117 spintel\u0117 \u2013 nes j\u016bs\u0173 namai nusipelno daugiau<br \/>\nInvestuokite \u012f kokyb\u0119, estetik\u0105 ir kasdienio gyvenimo komfort\u0105. Rinkit\u0117s \u201eVero\u201c \u2013 sienin\u0119 spintel\u0119, kuri \u017eavi savo dizainu ir atitinka \u0161iuolaikini\u0173 nam\u0173 poreikius. U\u017esisakykite \u0161iandien arba susisiekite su mumis ir sukurkite savo \u201eVero\u201c versij\u0105!<\/p>\n<p>Galimos spalvos:<br \/>\nBalta<br \/>\nKa\u0161myro sm\u0117lio spalvos<br \/>\nKa\u0161myro sm\u0117lio \/ juodo onikso<br \/>\nOkapi rie\u0161utas<br \/>\nDidysis \u0105\u017euolas + MDF juostel\u0117<br \/>\n\u0160viesus Sonoma + MDF juostel\u0117<br \/>\nTamsi Sonoma \/ \u0160viesi Sonoma + MDF juostel\u0117<\/p>","protected":false},"excerpt":{"rendered":"<p>Matmenys:<br \/>\nPlotis: 303,2 cm<br \/>\nAuk\u0161tis: 240 cm<br \/>\nGylis: 43 cm<\/p>","protected":false},"featured_media":332748,"comment_status":"open","ping_status":"closed","template":"","meta":[],"product_brand":[],"product_cat":[9983,9857,2008],"product_tag":[],"class_list":{"0":"post-332624","1":"product","2":"type-product","3":"status-publish","4":"has-post-thumbnail","6":"product_cat-furniture-sets-room-sets-meblast","7":"product_cat-meblast","8":"product_cat-wall-units","10":"first","11":"instock","12":"shipping-taxable","13":"purchasable","14":"product-type-variable","15":"wvs-archive-product-wrapper"},"_links":{"self":[{"href":"https:\/\/baldumarket.lt\/lt\/wp-json\/wp\/v2\/product\/332624","targetHints":{"allow":["GET"]}}],"collection":[{"href":"https:\/\/baldumarket.lt\/lt\/wp-json\/wp\/v2\/product"}],"about":[{"href":"https:\/\/baldumarket.lt\/lt\/wp-json\/wp\/v2\/types\/product"}],"replies":[{"embeddable":true,"href":"https:\/\/baldumarket.lt\/lt\/wp-json\/wp\/v2\/comments?post=332624"}],"wp:featuredmedia":[{"embeddable":true,"href":"https:\/\/baldumarket.lt\/lt\/wp-json\/wp\/v2\/media\/332748"}],"wp:attachment":[{"href":"https:\/\/baldumarket.lt\/lt\/wp-json\/wp\/v2\/media?parent=332624"}],"wp:term":[{"taxonomy":"product_brand","embeddable":true,"href":"https:\/\/baldumarket.lt\/lt\/wp-json\/wp\/v2\/product_brand?post=332624"},{"taxonomy":"product_cat","embeddable":true,"href":"https:\/\/baldumarket.lt\/lt\/wp-json\/wp\/v2\/product_cat?post=332624"},{"taxonomy":"product_tag","embeddable":true,"href":"https:\/\/baldumarket.lt\/lt\/wp-json\/wp\/v2\/product_tag?post=332624"}],"curies":[{"name":"wp","href":"https:\/\/api.w.org\/{rel}","templated":true}]}}