{"id":332608,"date":"2026-03-06T23:36:07","date_gmt":"2026-03-06T20:36:07","guid":{"rendered":"https:\/\/baldumarket.lt\/?post_type=product&#038;p=332608"},"modified":"2026-03-31T10:00:33","modified_gmt":"2026-03-31T07:00:33","slug":"tv-spintele-su-stiklinemis-vitrinomis-303-x-240-cm-sonoma-light-vero","status":"publish","type":"product","link":"https:\/\/baldumarket.lt\/lt\/product\/tv-spintele-su-stiklinemis-vitrinomis-303-x-240-cm-sonoma-light-vero\/","title":{"rendered":"TV spintel\u0117 su stiklin\u0117mis vitrinomis 303 \u00d7 240 cm Sonoma Jasna \u2013 VERO"},"content":{"rendered":"<p>\u201eVERO\u201c sienin\u0117 spintel\u0117 \u201eLight Sonoma\u201c spalvos \u2013 tai moderni televizoriaus sienin\u0117 spintel\u0117, skirta \u0161viesioms, tvarkingoms ir funkcionalioms svetain\u0117ms. Nat\u016brali, \u0161viesios medienos \u012fkv\u0117pta spalva vizualiai pagyvina interjer\u0105 ir net dideliems spintel\u0117ms suteikia lengvumo bei harmoningumo.<br \/>\nCentrin\u0117je televizoriaus zonoje patogiai \u012fsitaisys televizorius ir multimedijos \u012franga, o platus lentyn\u0173 ir rakinam\u0173 spinteli\u0173 i\u0161d\u0117stymas leid\u017eia esteti\u0161kai laikyti knygas, dekoracijas ir kasdienius aksesuarus. Stiklin\u0117s vitrinos yra vienas i\u0161 pagrindini\u0173 VERO sienin\u0117s spintel\u0117s skiriam\u0173j\u0173 bruo\u017e\u0173 \u2013 jose galima eksponuoti ornamentus, stiklo dirbinius ar kolekcijas, kartu suteikiant visai konstrukcijai modernumo.<br \/>\n\u201eLight Sonoma\u201c spalva puikiai dera prie skandinavi\u0161ko, modernaus ir minimalistinio interjero, sukurdama jauki\u0105, bet tvarking\u0105 gyvenam\u0105j\u0105 erdv\u0119. Sienin\u0117 spintel\u0117 dera su \u0161viesiomis sienomis ir kontrastingais aksesuarais, tod\u0117l j\u0105 lengva priderinti prie individualaus interjero stiliaus. VERO yra puikus pasirinkimas tiems, kurie ie\u0161ko televizoriaus sienin\u0117s spintel\u0117s su didele daikt\u0173 laikymo vieta, nereikalaujanti keli\u0173 atskir\u0173 bald\u0173. Auk\u0161tas spintel\u0117s auk\u0161tis iki 240 cm leid\u017eia maksimaliai i\u0161naudoti sien\u0173 erdv\u0119, i\u0161laikant vientis\u0105 ir esteti\u0161kai patraukl\u0173 svetain\u0117s vaizd\u0105.<br \/>\nKaip ir visus \u201ee-Meblast\u201c si\u016blomus baldus, VERO sienin\u0119 spintel\u0119 galima pritaikyti pagal matmenis, element\u0173 i\u0161d\u0117stym\u0105, spalvas ir furnit\u016br\u0105. Tai leid\u017eia jums sukurti komplekt\u0105, puikiai atitinkant\u012f j\u016bs\u0173 konkret\u0173 interjer\u0105 ir poreikius.<\/p>\n<p>Derinkite spalv\u0105 prie savo interjero<\/p>\n<p>Balta<br \/>\nKa\u0161myro sm\u0117lio spalvos<br \/>\nKa\u0161myro sm\u0117lio \/ onikso juodumo<br \/>\nOkapi rie\u0161utas<br \/>\nDidysis \u0105\u017euolas + MDF juostel\u0117<br \/>\n\u0160viesus Sonoma + MDF juostel\u0117<br \/>\nTamsi Sonoma \/ \u0160viesi Sonoma + MDF juostel\u0117<\/p>\n<p>Tai leid\u017eia lengvai priderinti baldus prie j\u016bs\u0173 interjero stiliaus \u2013 nuo minimalistinio iki skandinavi\u0161ko, iki klasikinio ar lofto stiliaus. Tik \u201ee-Meblast\u201c \u2013 pagal u\u017esakym\u0105 gaminami baldai.<br \/>\nAr j\u016bs\u0173 svetain\u0117s i\u0161planavimas ne\u012fprastas? Reikia didesnio televizoriaus staliuko ar kitokio lentyn\u0173 i\u0161d\u0117stymo?<br \/>\n\u201ee-Meblast\u201c galite pritaikyti \u201eVero\u201c sienin\u0119 spintel\u0119 pagal savo poreikius!<br \/>\nJ\u016bs\u0173 svetain\u0117 \u2013 j\u016bs\u0173 taisykl\u0117s! Su mumis susikursite ne tik gra\u017eius, bet ir funkcionalius baldus. 100%.<br \/>\n\u201eVero\u201c sienin\u0117 spintel\u0117 \u2013 nes j\u016bs\u0173 namai nusipelno daugiau<br \/>\nInvestuokite \u012f kokyb\u0119, estetik\u0105 ir kasdien\u012f komfort\u0105. Rinkit\u0117s \u201eVero\u201c \u2013 sienin\u0119 spintel\u0119, kuri d\u017eiugina savo i\u0161vaizda ir atitinka \u0161iuolaikini\u0173 nam\u0173 poreikius.<br \/>\nU\u017esisakykite \u0161iandien arba susisiekite su mumis ir sukurkite savo \u201eVero\u201c versij\u0105!<\/p>\n<p>Galimos spalvos:<br \/>\nBalta<br \/>\nKa\u0161myro sm\u0117lio spalvos<br \/>\nKa\u0161myro sm\u0117lio \/ juodo onikso<br \/>\nOkapi rie\u0161utas<br \/>\nDidysis \u0105\u017euolas + MDF juostel\u0117<br \/>\n\u0160viesus Sonoma + MDF juostel\u0117<br \/>\nTamsi Sonoma \/ \u0160viesi Sonoma + MDF juostel\u0117<\/p>","protected":false},"excerpt":{"rendered":"<p>Matmenys:<br \/>\nPlotis: 303,2 cm<br \/>\nAuk\u0161tis: 240 cm<br \/>\nGylis: 43 cm<\/p>","protected":false},"featured_media":332730,"comment_status":"open","ping_status":"closed","template":"","meta":[],"product_brand":[],"product_cat":[9983,9857,2008],"product_tag":[],"class_list":{"0":"post-332608","1":"product","2":"type-product","3":"status-publish","4":"has-post-thumbnail","6":"product_cat-furniture-sets-room-sets-meblast","7":"product_cat-meblast","8":"product_cat-wall-units","10":"first","11":"instock","12":"shipping-taxable","13":"purchasable","14":"product-type-variable","15":"wvs-archive-product-wrapper"},"_links":{"self":[{"href":"https:\/\/baldumarket.lt\/lt\/wp-json\/wp\/v2\/product\/332608","targetHints":{"allow":["GET"]}}],"collection":[{"href":"https:\/\/baldumarket.lt\/lt\/wp-json\/wp\/v2\/product"}],"about":[{"href":"https:\/\/baldumarket.lt\/lt\/wp-json\/wp\/v2\/types\/product"}],"replies":[{"embeddable":true,"href":"https:\/\/baldumarket.lt\/lt\/wp-json\/wp\/v2\/comments?post=332608"}],"wp:featuredmedia":[{"embeddable":true,"href":"https:\/\/baldumarket.lt\/lt\/wp-json\/wp\/v2\/media\/332730"}],"wp:attachment":[{"href":"https:\/\/baldumarket.lt\/lt\/wp-json\/wp\/v2\/media?parent=332608"}],"wp:term":[{"taxonomy":"product_brand","embeddable":true,"href":"https:\/\/baldumarket.lt\/lt\/wp-json\/wp\/v2\/product_brand?post=332608"},{"taxonomy":"product_cat","embeddable":true,"href":"https:\/\/baldumarket.lt\/lt\/wp-json\/wp\/v2\/product_cat?post=332608"},{"taxonomy":"product_tag","embeddable":true,"href":"https:\/\/baldumarket.lt\/lt\/wp-json\/wp\/v2\/product_tag?post=332608"}],"curies":[{"name":"wp","href":"https:\/\/api.w.org\/{rel}","templated":true}]}}