{"id":332606,"date":"2026-03-06T23:36:05","date_gmt":"2026-03-06T20:36:05","guid":{"rendered":"https:\/\/baldumarket.lt\/?post_type=product&#038;p=332606"},"modified":"2026-03-31T10:00:33","modified_gmt":"2026-03-31T07:00:33","slug":"tv-sienine-spintele-su-stiklinemis-vitrinomis-303-x-240-cm-okapi-riesuto-spalvos-vero","status":"publish","type":"product","link":"https:\/\/baldumarket.lt\/lt\/produktas\/tv-sienine-spintele-su-stiklinemis-vitrinomis-303-x-240-cm-okapi-riesuto-spalvos-vero\/","title":{"rendered":"TV sienin\u0117 spintel\u0117 su stiklin\u0117mis vitrinomis 303 \u00d7 240 cm, Orzech Okapi \u2013 VERO"},"content":{"rendered":"<p>\u201eVERO Okapi Walnut\u201c sienin\u0117 spintel\u0117 \u2013 tai moderni televizoriaus sienin\u0117 spintel\u0117, pasi\u017eyminti eleganti\u0161ka, sodria, nat\u016bralaus rie\u0161utmed\u017eio \u012fkv\u0117pta spalva. \u0160iltas atspalvis suteikia interjerui jaukumo ir klas\u0117s poj\u016bt\u012f, tod\u0117l puikiai tinka svetain\u0117ms, suprojektuotoms atsi\u017evelgiant \u012f komfort\u0105 ir estetik\u0105.<br \/>\nCentrin\u0117 televizoriaus dalis sukurta taip, kad patogiai tilpt\u0173 televizorius ir multimedijos \u012franga, o daugyb\u0117 lentyn\u0173 ir u\u017erakinam\u0173 spinteli\u0173 palengvina daikt\u0173 laikym\u0105 ir organizavim\u0105. Stiklin\u0117s vitrinos yra pagrindinis VERO modelio bruo\u017eas \u2013 jos leid\u017eia eleganti\u0161kai eksponuoti dekoracijas, knygas ar stiklinius indus, tuo pa\u010diu vizualiai suma\u017einant auk\u0161tos spintel\u0117s, kuri siekia iki 240 cm, svor\u012f.<br \/>\n\u201eOkapi Walnut\u201c spalva puikiai tinka moderniam, klasikiniam ir lofto stiliaus interjerui, suteikdama svetainei \u0161ilt\u0105, sant\u016bri\u0105 atmosfer\u0105. \u0160i spalva dera su \u0161viesiomis sienomis ir tamsesniais aksesuarais, sukurdama darni\u0105 ir nesenstan\u010di\u0105 gyvenam\u0105j\u0105 erdv\u0119. VERO yra puikus pasirinkimas tiems, kurie ie\u0161ko televizoriaus sienin\u0117s spintel\u0117s su didele daikt\u0173 laikymo vieta, bet taip pat nori baldo, kuris atlikt\u0173 dekoratyvin\u0119 funkcij\u0105 ir suteikt\u0173 interjerui charakterio. Vientisas sien\u0173 dizainas leid\u017eia palaikyti tvark\u0105 ir estetik\u0105, nereikalaujant keli\u0173 atskir\u0173 bald\u0173.<br \/>\nKaip ir visus \u201ee-Meblast\u201c si\u016blomus baldus, VERO sienin\u0119 spintel\u0119 galima pritaikyti pagal individualius poreikius \u2013 matmenis, element\u0173 i\u0161d\u0117stym\u0105, spalvas ir furnit\u016br\u0105. Tai leid\u017eia jums sukurti komplekt\u0105, puikiai tinkant\u012f j\u016bs\u0173 konkre\u010diam interjerui ir stiliui.<\/p>\n<p>Derinkite spalv\u0105 prie savo interjero<\/p>\n<p>Balta<br \/>\nKa\u0161myro sm\u0117lio spalvos<br \/>\nKa\u0161myro sm\u0117lio \/ onikso juodumo<br \/>\nOkapi rie\u0161utas<br \/>\nDidysis \u0105\u017euolas + MDF juostel\u0117<br \/>\n\u0160viesus Sonoma + MDF juostel\u0117<br \/>\nTamsi Sonoma \/ \u0160viesi Sonoma + MDF juostel\u0117<\/p>\n<p>Tai leid\u017eia lengvai priderinti baldus prie savo interjero stiliaus \u2013 nuo minimalistinio, skandinavi\u0161ko iki klasikinio ar lofto stiliaus. Tik \u201ee-Meblast\u201c \u2013 pagal u\u017esakym\u0105 gaminami baldai.<br \/>\nAr j\u016bs\u0173 svetain\u0117s i\u0161planavimas ne\u012fprastas? Reikia didesnio televizoriaus staliuko ar kitokio lentyn\u0173 i\u0161d\u0117stymo?<br \/>\n\u201ee-Meblast\u201c galite pritaikyti \u201eVero\u201c sienin\u0119 spintel\u0119 pagal savo poreikius!<br \/>\nJ\u016bs\u0173 svetain\u0117 \u2013 j\u016bs\u0173 taisykl\u0117s! Su mumis susikursite ne tik gra\u017eius, bet ir funkcionalius baldus. 100%.<br \/>\n\u201eVero\u201c sienin\u0117 spintel\u0117 \u2013 nes j\u016bs\u0173 namai nusipelno daugiau<br \/>\nInvestuokite \u012f kokyb\u0119, estetik\u0105 ir kasdien\u012f komfort\u0105. Rinkit\u0117s \u201eVero\u201c \u2013 sienin\u0119 spintel\u0119, kuri d\u017eiugina savo i\u0161vaizda ir atitinka \u0161iuolaikini\u0173 nam\u0173 poreikius.<br \/>\nU\u017esisakykite \u0161iandien arba susisiekite su mumis ir sukurkite savo \u201eVero\u201c versij\u0105!<\/p>\n<p>Galimos spalvos:<br \/>\nBalta<br \/>\nKa\u0161myro sm\u0117lio spalvos<br \/>\nKa\u0161myro sm\u0117lio \/ juodo onikso<br \/>\nOkapi rie\u0161utas<br \/>\nDidysis \u0105\u017euolas + MDF juostel\u0117<br \/>\n\u0160viesus Sonoma + MDF juostel\u0117<br \/>\nTamsi Sonoma \/ \u0160viesi Sonoma + MDF juostel\u0117<\/p>","protected":false},"excerpt":{"rendered":"<p>Matmenys:<br \/>\nPlotis: 303,2 cm<br \/>\nAuk\u0161tis: 240 cm<br \/>\nGylis: 43 cm<\/p>","protected":false},"featured_media":332717,"comment_status":"open","ping_status":"closed","template":"","meta":[],"product_brand":[],"product_cat":[9983,9857,2008],"product_tag":[],"class_list":{"0":"post-332606","1":"product","2":"type-product","3":"status-publish","4":"has-post-thumbnail","6":"product_cat-furniture-sets-room-sets-meblast","7":"product_cat-meblast","8":"product_cat-wall-units","10":"first","11":"instock","12":"shipping-taxable","13":"purchasable","14":"product-type-variable","15":"wvs-archive-product-wrapper"},"_links":{"self":[{"href":"https:\/\/baldumarket.lt\/lt\/wp-json\/wp\/v2\/product\/332606","targetHints":{"allow":["GET"]}}],"collection":[{"href":"https:\/\/baldumarket.lt\/lt\/wp-json\/wp\/v2\/product"}],"about":[{"href":"https:\/\/baldumarket.lt\/lt\/wp-json\/wp\/v2\/types\/product"}],"replies":[{"embeddable":true,"href":"https:\/\/baldumarket.lt\/lt\/wp-json\/wp\/v2\/comments?post=332606"}],"wp:featuredmedia":[{"embeddable":true,"href":"https:\/\/baldumarket.lt\/lt\/wp-json\/wp\/v2\/media\/332717"}],"wp:attachment":[{"href":"https:\/\/baldumarket.lt\/lt\/wp-json\/wp\/v2\/media?parent=332606"}],"wp:term":[{"taxonomy":"product_brand","embeddable":true,"href":"https:\/\/baldumarket.lt\/lt\/wp-json\/wp\/v2\/product_brand?post=332606"},{"taxonomy":"product_cat","embeddable":true,"href":"https:\/\/baldumarket.lt\/lt\/wp-json\/wp\/v2\/product_cat?post=332606"},{"taxonomy":"product_tag","embeddable":true,"href":"https:\/\/baldumarket.lt\/lt\/wp-json\/wp\/v2\/product_tag?post=332606"}],"curies":[{"name":"wp","href":"https:\/\/api.w.org\/{rel}","templated":true}]}}