{"id":332604,"date":"2026-03-06T23:36:04","date_gmt":"2026-03-06T20:36:04","guid":{"rendered":"https:\/\/baldumarket.lt\/?post_type=product&#038;p=332604"},"modified":"2026-03-31T10:00:33","modified_gmt":"2026-03-31T07:00:33","slug":"tv-spintele-su-stiklinemis-vitrinomis-303-x-240-cm-kasmyro-smelio-spalvos-vero","status":"publish","type":"product","link":"https:\/\/baldumarket.lt\/lt\/product\/tv-spintele-su-stiklinemis-vitrinomis-303-x-240-cm-kasmyro-smelio-spalvos-vero\/","title":{"rendered":"TV spintel\u0117 su stiklin\u0117mis vitrinomis, 303 \u00d7 240 cm, Kaszmirowy Be\u017c \u2013 VERO"},"content":{"rendered":"<p>VERO ka\u0161myro sm\u0117lio spalvos sienin\u0117 spintel\u0117 \u2013 tai moderni televizoriaus spintel\u0117, skirta eleganti\u0161kam ir ramiam svetain\u0117s dizainui. Subtilus, \u0161iltas sm\u0117lio spalvos atspalvis suteikia interjerui harmonijos ir lengvumo, kartu pabr\u0117\u017edamas viso spintel\u0117s modern\u0173 charakter\u012f.<br \/>\nCentrin\u0117je televizoriaus dalyje patogiai \u012fsitaiso televizorius ir multimedijos \u012franga, o daugyb\u0117 lentyn\u0173 ir u\u017erakinam\u0173 spinteli\u0173 padeda palaikyti tvark\u0105 gyvenamojoje erdv\u0117je. Stiklin\u0117s vitrinos yra i\u0161skirtinis VERO sienin\u0117s spintel\u0117s dekoratyvinis elementas \u2013 jos leid\u017eia esteti\u0161kai eksponuoti dekoracijas, stiklinius indus ar knygas, kartu vizualiai suma\u017einant auk\u0161tos spintel\u0117s, kuri siekia iki 240 cm, svor\u012f.<br \/>\nKa\u0161myro sm\u0117lio spalva puikiai tinka moderniam, minimalistiniam ir klasikiniam interjerui, suteikdama svetainei jauki\u0105, bet tvarking\u0105 atmosfer\u0105. \u0160i spalva dera tiek su \u0161viesiomis sienomis, tiek su tamsesniais aksesuarais, tod\u0117l sienin\u0117 spintel\u0117 lengvai pritaikoma prie \u012fvairi\u0173 interjero dizaino stili\u0173. VERO \u2013 tai sprendimas tiems, kurie ie\u0161ko televizoriaus sienin\u0117s spintel\u0117s su didele daikt\u0173 laikymo vieta, nereikalaujanti keli\u0173 atskir\u0173 dali\u0173. Darnus komplekto dizainas leid\u017eia sukurti funkcionali\u0105 ir esteti\u0161kai patraukli\u0105 sienin\u0119 spintel\u0119 svetain\u0117je, idealiai tinkan\u010di\u0105 kasdieniam naudojimui.<br \/>\nKaip ir visus \u201ee-Meblast\u201c si\u016blomus baldus, VERO sienin\u0119 spintel\u0119 galima pritaikyti pagal matmenis, element\u0173 i\u0161d\u0117stym\u0105, spalvas ir furnit\u016br\u0105. Tai leid\u017eia jums sukurti bald\u0105, idealiai atitinkant\u012f j\u016bs\u0173 individualius poreikius ir konkret\u0173 interjer\u0105.<\/p>\n<p>Stili\u0173 renkat\u0117s patys.<br \/>\nDerinkite spalv\u0105 prie savo interjero<\/p>\n<p>Balta<br \/>\nKa\u0161myro sm\u0117lio spalvos<br \/>\nKa\u0161myro sm\u0117lio \/ onikso juodumo<br \/>\nOkapi rie\u0161utas<br \/>\nDidysis \u0105\u017euolas + MDF juostel\u0117<br \/>\n\u0160viesus Sonoma + MDF juostel\u0117<br \/>\nTamsi Sonoma \/ \u0160viesi Sonoma + MDF juostel\u0117<\/p>\n<p>Tai leid\u017eia lengvai priderinti baldus prie j\u016bs\u0173 interjero stiliaus \u2013 nuo minimalistinio iki skandinavi\u0161ko, iki klasikinio ar lofto stiliaus. Tik \u201ee-Meblast\u201c \u2013 pagal u\u017esakym\u0105 gaminami baldai.<br \/>\nAr j\u016bs\u0173 svetain\u0117s i\u0161planavimas ne\u012fprastas? Reikia didesnio televizoriaus staliuko ar kitokio lentyn\u0173 i\u0161d\u0117stymo?<br \/>\n\u201ee-Meblast\u201c galite pritaikyti \u201eVero\u201c sienin\u0119 spintel\u0119 pagal savo poreikius!<br \/>\nJ\u016bs\u0173 svetain\u0117 \u2013 j\u016bs\u0173 taisykl\u0117s! Su mumis susikursite ne tik gra\u017eius, bet ir funkcionalius baldus (100%).<br \/>\n\u201eVero\u201c sienin\u0117 spintel\u0117 \u2013 nes j\u016bs\u0173 namai nusipelno daugiau<br \/>\nInvestuokite \u012f kokyb\u0119, estetik\u0105 ir kasdienio gyvenimo komfort\u0105. Rinkit\u0117s \u201eVero\u201c \u2013 sienin\u0119 spintel\u0119, kuri d\u017eiugina savo i\u0161vaizda ir atitinka \u0161iuolaikini\u0173 nam\u0173 poreikius.<br \/>\nU\u017esisakykite \u0161iandien arba susisiekite su mumis ir sukurkite savo \u201eVero\u201c versij\u0105!<\/p>\n<p>Galimos spalvos:<br \/>\nBalta<br \/>\nKa\u0161myro sm\u0117lio spalvos<br \/>\nKa\u0161myro sm\u0117lio \/ juodo onikso<br \/>\nOkapi rie\u0161utas<br \/>\nDidysis \u0105\u017euolas + MDF juostel\u0117<br \/>\n\u0160viesus Sonoma + MDF juostel\u0117<br \/>\nTamsi Sonoma \/ \u0160viesi Sonoma + MDF juostel\u0117<\/p>","protected":false},"excerpt":{"rendered":"<p>Matmenys:<br \/>\nPlotis: 303,2 cm<br \/>\nAuk\u0161tis: 240 cm<br \/>\nGylis: 43 cm<\/p>","protected":false},"featured_media":332710,"comment_status":"open","ping_status":"closed","template":"","meta":[],"product_brand":[],"product_cat":[9983,9857,2008],"product_tag":[],"class_list":{"0":"post-332604","1":"product","2":"type-product","3":"status-publish","4":"has-post-thumbnail","6":"product_cat-furniture-sets-room-sets-meblast","7":"product_cat-meblast","8":"product_cat-wall-units","10":"first","11":"instock","12":"shipping-taxable","13":"purchasable","14":"product-type-variable","15":"wvs-archive-product-wrapper"},"_links":{"self":[{"href":"https:\/\/baldumarket.lt\/lt\/wp-json\/wp\/v2\/product\/332604","targetHints":{"allow":["GET"]}}],"collection":[{"href":"https:\/\/baldumarket.lt\/lt\/wp-json\/wp\/v2\/product"}],"about":[{"href":"https:\/\/baldumarket.lt\/lt\/wp-json\/wp\/v2\/types\/product"}],"replies":[{"embeddable":true,"href":"https:\/\/baldumarket.lt\/lt\/wp-json\/wp\/v2\/comments?post=332604"}],"wp:featuredmedia":[{"embeddable":true,"href":"https:\/\/baldumarket.lt\/lt\/wp-json\/wp\/v2\/media\/332710"}],"wp:attachment":[{"href":"https:\/\/baldumarket.lt\/lt\/wp-json\/wp\/v2\/media?parent=332604"}],"wp:term":[{"taxonomy":"product_brand","embeddable":true,"href":"https:\/\/baldumarket.lt\/lt\/wp-json\/wp\/v2\/product_brand?post=332604"},{"taxonomy":"product_cat","embeddable":true,"href":"https:\/\/baldumarket.lt\/lt\/wp-json\/wp\/v2\/product_cat?post=332604"},{"taxonomy":"product_tag","embeddable":true,"href":"https:\/\/baldumarket.lt\/lt\/wp-json\/wp\/v2\/product_tag?post=332604"}],"curies":[{"name":"wp","href":"https:\/\/api.w.org\/{rel}","templated":true}]}}