{"id":332584,"date":"2026-03-06T23:35:28","date_gmt":"2026-03-06T20:35:28","guid":{"rendered":"https:\/\/baldumarket.lt\/?post_type=product&#038;p=332584"},"modified":"2026-03-31T10:00:33","modified_gmt":"2026-03-31T07:00:33","slug":"tv-sienine-spintele-su-stiklinemis-vitrinomis-303-x-240-cm-kasmyro-smelio-onikso-juodumo-vero","status":"publish","type":"product","link":"https:\/\/baldumarket.lt\/lt\/product\/tv-sienine-spintele-su-stiklinemis-vitrinomis-303-x-240-cm-kasmyro-smelio-onikso-juodumo-vero\/","title":{"rendered":"TV sienin\u0117 spintel\u0117 su stiklin\u0117mis vitrinomis, 303 \u00d7 240 cm, Kaszmirowy Be\u017c \/ Czarny Onyx \u2013 VERO"},"content":{"rendered":"<p>VERO ka\u0161myro sm\u0117lio spalvos sienin\u0117 spintel\u0117 su juodo onikso apdaila \u2013 tai moderni televizoriaus sienin\u0117 spintel\u0117, i\u0161siskirianti eleganti\u0161ku kontrastu ir i\u0161skirtiniu charakteriu. \u0160viesios, \u0161iltos sm\u0117lio spalvos ir tamsiai juodos spalvos derinys suteikia spintelei modern\u0173, \u0161iek tiek lofto stiliaus vaizd\u0105, puikiai papildant\u012f \u0161iuolaikin\u012f svetain\u0117s dizain\u0105.<\/p>\n<p>Centrin\u0117je televizoriaus zonoje patogiai \u012fsitaisys televizorius ir multimedijos \u012franga, o daugyb\u0117 lentyn\u0173 ir u\u017erakinam\u0173 spinteli\u0173 leid\u017eia tvarkingai laikyti kasdienius daiktus. Stiklin\u0117s vitrinos yra pagrindinis \u0161io modelio bruo\u017eas \u2013 jos leid\u017eia efektyviai eksponuoti dekoracijas ar stiklinius indus ir tuo pa\u010diu metu skaidyti masyvi\u0105 240 cm auk\u0161\u010dio spintel\u0117s form\u0105.<\/p>\n<p>Juodo onikso apdaila i\u0161ry\u0161kina sienin\u0117s spintel\u0117s linijas ir suteikia jai ry\u0161kesn\u012f, modernesn\u012f charakter\u012f. \u0160is spalv\u0173 kontrastas ypa\u010d efektyvus svetain\u0117se, dekoruotose moderniu, minimalistiniu ar pramoniniu stiliumi, kur svarbiausia yra i\u0161skirtin\u0117 forma ir darni estetika. Ka\u0161myro sm\u0117lio spalva subalansuoja bendr\u0105 dizain\u0105, suteikdama interjerui jaukumo ir vizualinio lengvumo. VERO yra puikus pasirinkimas tiems, kurie ie\u0161ko televizoriaus sienin\u0117s spintel\u0117s su didele daikt\u0173 laikymo vieta, bet taip pat nori, kad ji atlikt\u0173 dekoratyvin\u0119 funkcij\u0105 ir nustatyt\u0173 viso interjero ton\u0105. Sienos sujungimas \u012f vien\u0105, darn\u0173 dizain\u0105 leid\u017eia sukurti tvarking\u0105 ir esteti\u0161kai patraukl\u0173 svetain\u0117s vaizd\u0105, nereikalaujant keli\u0173 atskir\u0173 element\u0173.<br \/>\nKaip ir visus \u201ee-Meblast\u201c si\u016blomus baldus, VERO sienin\u0119 spintel\u0119 galima pritaikyti individualiems poreikiams \u2013 matmen\u0173, element\u0173 i\u0161d\u0117stymo, spalv\u0173 schemos ir furnit\u016bros at\u017evilgiu. Tai leid\u017eia jums sukurti komplekt\u0105, puikiai atitinkant\u012f j\u016bs\u0173 konkret\u0173 interjer\u0105 ir l\u016bkes\u010dius.<\/p>\n<p>Derinkite spalv\u0105 prie savo interjero<\/p>\n<p>Balta<br \/>\nKa\u0161myro sm\u0117lio spalvos<br \/>\nKa\u0161myro sm\u0117lio \/ juodo onikso<br \/>\nOkapi rie\u0161utas<br \/>\nDidysis \u0105\u017euolas + MDF juostel\u0117<br \/>\n\u0160viesus Sonoma + MDF juostel\u0117<br \/>\nTamsi Sonoma \/ \u0160viesi Sonoma + MDF juostel\u0117<\/p>\n<p>Tai leid\u017eia lengvai priderinti baldus prie interjero stiliaus \u2013 nuo minimalistinio, skandinavi\u0161ko iki klasikinio ar lofto stiliaus.<br \/>\nTik \u201ee-Meblast\u201c \u2013 pagal u\u017esakym\u0105 pagaminti baldai<br \/>\nAr j\u016bs\u0173 svetain\u0117s i\u0161planavimas ne\u012fprastas? Reikia didesnio televizoriaus staliuko ar kitokio lentyn\u0173 i\u0161d\u0117stymo?<br \/>\n\u201ee-Meblast\u201c galite pritaikyti \u201eVero\u201c sienin\u0119 spintel\u0119 pagal savo poreikius!<br \/>\nJ\u016bs\u0173 svetain\u0117 \u2013 j\u016bs\u0173 taisykl\u0117s! Su mumis galite susikurti ne tik gra\u017eius, bet ir funkcionalius baldus (100%).<br \/>\n\u201eVero\u201c sienin\u0117 spintel\u0117 \u2013 nes j\u016bs\u0173 namai nusipelno daugiau<br \/>\nInvestuokite \u012f kokyb\u0119, estetik\u0105 ir kasdienio gyvenimo komfort\u0105. Rinkit\u0117s \u201eVero\u201c \u2013 sienin\u0119 spintel\u0119, kuri \u017eavi savo dizainu ir atitinka \u0161iuolaikini\u0173 nam\u0173 poreikius. U\u017esisakykite \u0161iandien arba susisiekite su mumis ir sukurkite savo \u201eVero\u201c versij\u0105!<\/p>\n<p>Galimos spalvos:<br \/>\nBalta<br \/>\nKa\u0161myro sm\u0117lio spalvos<br \/>\nKa\u0161myro sm\u0117lio \/ juodo onikso<br \/>\nOkapi rie\u0161utas<br \/>\nDidysis \u0105\u017euolas + MDF juostel\u0117<br \/>\n\u0160viesus Sonoma + MDF juostel\u0117<br \/>\nTamsi Sonoma \/ \u0160viesi Sonoma + MDF juostel\u0117<\/p>","protected":false},"excerpt":{"rendered":"<p>Matmenys:<br \/>\nPlotis: 303,2 cm<br \/>\nAuk\u0161tis: 240 cm<br \/>\nGylis: 43 cm<\/p>","protected":false},"featured_media":332703,"comment_status":"open","ping_status":"closed","template":"","meta":[],"product_brand":[],"product_cat":[9983,9857,2008],"product_tag":[],"class_list":{"0":"post-332584","1":"product","2":"type-product","3":"status-publish","4":"has-post-thumbnail","6":"product_cat-furniture-sets-room-sets-meblast","7":"product_cat-meblast","8":"product_cat-wall-units","10":"first","11":"instock","12":"shipping-taxable","13":"purchasable","14":"product-type-variable","15":"wvs-archive-product-wrapper"},"_links":{"self":[{"href":"https:\/\/baldumarket.lt\/lt\/wp-json\/wp\/v2\/product\/332584","targetHints":{"allow":["GET"]}}],"collection":[{"href":"https:\/\/baldumarket.lt\/lt\/wp-json\/wp\/v2\/product"}],"about":[{"href":"https:\/\/baldumarket.lt\/lt\/wp-json\/wp\/v2\/types\/product"}],"replies":[{"embeddable":true,"href":"https:\/\/baldumarket.lt\/lt\/wp-json\/wp\/v2\/comments?post=332584"}],"wp:featuredmedia":[{"embeddable":true,"href":"https:\/\/baldumarket.lt\/lt\/wp-json\/wp\/v2\/media\/332703"}],"wp:attachment":[{"href":"https:\/\/baldumarket.lt\/lt\/wp-json\/wp\/v2\/media?parent=332584"}],"wp:term":[{"taxonomy":"product_brand","embeddable":true,"href":"https:\/\/baldumarket.lt\/lt\/wp-json\/wp\/v2\/product_brand?post=332584"},{"taxonomy":"product_cat","embeddable":true,"href":"https:\/\/baldumarket.lt\/lt\/wp-json\/wp\/v2\/product_cat?post=332584"},{"taxonomy":"product_tag","embeddable":true,"href":"https:\/\/baldumarket.lt\/lt\/wp-json\/wp\/v2\/product_tag?post=332584"}],"curies":[{"name":"wp","href":"https:\/\/api.w.org\/{rel}","templated":true}]}}