{"id":332582,"date":"2026-03-06T23:35:25","date_gmt":"2026-03-06T20:35:25","guid":{"rendered":"https:\/\/baldumarket.lt\/?post_type=product&#038;p=332582"},"modified":"2026-03-31T10:00:33","modified_gmt":"2026-03-31T07:00:33","slug":"tv-spintele-su-stiklinemis-vitrinomis-303-x-240-cm-naturalus-didysis-azuolas-vero","status":"publish","type":"product","link":"https:\/\/baldumarket.lt\/lt\/product\/tv-spintele-su-stiklinemis-vitrinomis-303-x-240-cm-naturalus-didysis-azuolas-vero\/","title":{"rendered":"TV spintel\u0117 su stiklin\u0117mis vitrinomis 303 \u00d7 240 cm, D\u0105b Grand Naturalny \u2013 VERO"},"content":{"rendered":"<p>VERO sienin\u0117 spintel\u0117 \u201eGrand Natural Oak\u201c spalvos \u2013 tai moderni televizoriaus sienin\u0117 spintel\u0117, kurioje funkcionalus dizainas dera su \u0161iltu, nat\u016braliu medienos charakteriu. I\u0161skirtin\u0117 \u0105\u017euolo strukt\u016bra suteikia interjerui jaukumo ir elegancijos, tod\u0117l spintel\u0117 tampa svetain\u0117s traukos centru.<\/p>\n<p>Gerai apgalvota televizoriaus zona suteikia patogi\u0105 viet\u0105 televizoriui ir multimedijos \u012frangai, o daugyb\u0117 lentyn\u0173 ir u\u017erakinam\u0173 spinteli\u0173 palengvina erdv\u0117s organizavim\u0105 ir kasdieni\u0173 daikt\u0173 laikym\u0105. Stiklin\u0117s vitrinos skiria VERO model\u012f nuo klasikini\u0173 \u012fmontuojam\u0173 bald\u0173, leisdamos efektyviai eksponuoti dekoracijas, knygas ar stiklinius indus, tuo pa\u010diu suteikiant visai konstrukcijai vizualinio lengvumo, nepaisant iki 240 cm auk\u0161\u010dio.<\/p>\n<p>Nat\u016brali \u201eGrand Oak\u201c spalva puikiai tinka svetain\u0117ms, dekoruotoms moderniu, skandinavi\u0161ku, klasikiniu ir lofto stiliumi. \u0160iltas medienos atspalvis dera tiek su \u0161viesiais, tiek su tamsesniais aksesuarais, sukurdamas darni\u0105 ir nesenstan\u010di\u0105 gyvenam\u0105j\u0105 erdv\u0119. VERO yra puikus pasirinkimas tiems, kurie ie\u0161ko televizoriaus sienin\u0117s spintel\u0117s su didele daikt\u0173 laikymo vieta ir vertina nat\u016bralum\u0105. Sienos sujungimas \u012f vientis\u0105, harmoning\u0105 dizain\u0105 leid\u017eia sukurti tvark\u0105 ir estetik\u0105, nereikalaujant keli\u0173 atskir\u0173 dali\u0173.<br \/>\nKaip ir visus \u201ee-Meblast\u201c si\u016blomus baldus, VERO sienin\u0119 spintel\u0119 galima pritaikyti pagal matmenis, i\u0161d\u0117stym\u0105, spalv\u0173 gam\u0105 ir furnit\u016br\u0105. Tai leid\u017eia sukurti komplekt\u0105, puikiai tinkant\u012f konkre\u010diam interjerui ir individualiems naudotojo poreikiams.<\/p>\n<p>Derinkite spalv\u0105 prie savo interjero<\/p>\n<p>Balta<br \/>\nKa\u0161myro sm\u0117lio spalvos<br \/>\nKa\u0161myro sm\u0117lio \/ onikso juodumo<br \/>\nOkapi rie\u0161utas<br \/>\nDidysis \u0105\u017euolas + MDF juostel\u0117<br \/>\n\u0160viesus Sonoma + MDF juostel\u0117<br \/>\nTamsi Sonoma \/ \u0160viesi Sonoma + MDF juostel\u0117<\/p>\n<p>Tai leid\u017eia lengvai priderinti baldus prie j\u016bs\u0173 interjero stiliaus \u2013 nuo minimalistinio iki skandinavi\u0161ko, iki klasikinio ar lofto stiliaus. Tik \u201ee-Meblast\u201c \u2013 pagal u\u017esakym\u0105 gaminami baldai.<br \/>\nAr j\u016bs\u0173 svetain\u0117s i\u0161planavimas ne\u012fprastas? Reikia didesnio televizoriaus staliuko ar kitokio lentyn\u0173 i\u0161d\u0117stymo?<br \/>\n\u201ee-Meblast\u201c galite pritaikyti \u201eVero\u201c sienin\u0119 spintel\u0119 pagal savo poreikius!<br \/>\nJ\u016bs\u0173 svetain\u0117 \u2013 j\u016bs\u0173 taisykl\u0117s! Su mumis susikursite ne tik gra\u017eius, bet ir funkcionalius baldus. 100%.<br \/>\n\u201eVero\u201c sienin\u0117 spintel\u0117 \u2013 nes j\u016bs\u0173 namai nusipelno daugiau<br \/>\nInvestuokite \u012f kokyb\u0119, estetik\u0105 ir kasdien\u012f komfort\u0105. Rinkit\u0117s \u201eVero\u201c \u2013 sienin\u0119 spintel\u0119, kuri d\u017eiugina savo i\u0161vaizda ir atitinka \u0161iuolaikini\u0173 nam\u0173 poreikius.<br \/>\nU\u017esisakykite \u0161iandien arba susisiekite su mumis ir sukurkite savo \u201eVero\u201c versij\u0105!<\/p>\n<p>Galimos spalvos:<br \/>\nBalta<br \/>\nKa\u0161myro sm\u0117lio spalvos<br \/>\nKa\u0161myro sm\u0117lio \/ juodo onikso<br \/>\nOkapi rie\u0161utas<br \/>\nDidysis \u0105\u017euolas + MDF juostel\u0117<br \/>\n\u0160viesus Sonoma + MDF juostel\u0117<br \/>\nTamsi Sonoma \/ \u0160viesi Sonoma + MDF juostel\u0117<\/p>","protected":false},"excerpt":{"rendered":"<p>Matmenys:<br \/>\nPlotis: 303,2 cm<br \/>\nAuk\u0161tis: 240 cm<br \/>\nGylis: 43 cm<\/p>","protected":false},"featured_media":332690,"comment_status":"open","ping_status":"closed","template":"","meta":[],"product_brand":[],"product_cat":[9983,9857,2008],"product_tag":[],"class_list":{"0":"post-332582","1":"product","2":"type-product","3":"status-publish","4":"has-post-thumbnail","6":"product_cat-furniture-sets-room-sets-meblast","7":"product_cat-meblast","8":"product_cat-wall-units","10":"first","11":"instock","12":"shipping-taxable","13":"purchasable","14":"product-type-variable","15":"wvs-archive-product-wrapper"},"_links":{"self":[{"href":"https:\/\/baldumarket.lt\/lt\/wp-json\/wp\/v2\/product\/332582","targetHints":{"allow":["GET"]}}],"collection":[{"href":"https:\/\/baldumarket.lt\/lt\/wp-json\/wp\/v2\/product"}],"about":[{"href":"https:\/\/baldumarket.lt\/lt\/wp-json\/wp\/v2\/types\/product"}],"replies":[{"embeddable":true,"href":"https:\/\/baldumarket.lt\/lt\/wp-json\/wp\/v2\/comments?post=332582"}],"wp:featuredmedia":[{"embeddable":true,"href":"https:\/\/baldumarket.lt\/lt\/wp-json\/wp\/v2\/media\/332690"}],"wp:attachment":[{"href":"https:\/\/baldumarket.lt\/lt\/wp-json\/wp\/v2\/media?parent=332582"}],"wp:term":[{"taxonomy":"product_brand","embeddable":true,"href":"https:\/\/baldumarket.lt\/lt\/wp-json\/wp\/v2\/product_brand?post=332582"},{"taxonomy":"product_cat","embeddable":true,"href":"https:\/\/baldumarket.lt\/lt\/wp-json\/wp\/v2\/product_cat?post=332582"},{"taxonomy":"product_tag","embeddable":true,"href":"https:\/\/baldumarket.lt\/lt\/wp-json\/wp\/v2\/product_tag?post=332582"}],"curies":[{"name":"wp","href":"https:\/\/api.w.org\/{rel}","templated":true}]}}