{"id":332580,"date":"2026-03-06T23:35:22","date_gmt":"2026-03-06T20:35:22","guid":{"rendered":"https:\/\/baldumarket.lt\/?post_type=product&#038;p=332580"},"modified":"2026-03-24T11:35:12","modified_gmt":"2026-03-24T08:35:12","slug":"tv-sienine-spintele-su-knygu-lentyna-ir-stikline-vitrina-300-x-200-cm-lefkas-azuolas-agata","status":"publish","type":"product","link":"https:\/\/baldumarket.lt\/lt\/produktas\/tv-sienine-spintele-su-knygu-lentyna-ir-stikline-vitrina-300-x-200-cm-lefkas-azuolas-agata\/","title":{"rendered":"AGATA TV sienin\u0117 spintel\u0117 su knyg\u0173 lentyna ir stikline vitrina, 300 \u00d7 200 cm, D\u0105b Lefkas"},"content":{"rendered":"<p>\u201eAgata\u201c televizoriaus sienin\u0117 spintel\u0117, kurios matmenys \u2013 300 x 200 cm, pagaminta i\u0161 \u201eLefkas \u0105\u017euolo\u201c, \u2013 tai eleganti\u0161kas prakti\u0161kumo ir nesenstan\u010dio stiliaus derinys, puikiai tinkantis tiek modernioms, tiek klasikin\u0117ms svetain\u0117ms. Sukurta kaip i\u0161sami televizoriaus sienin\u0117 spintel\u0117, ji sujungia erdv\u0119 televizoriui, knyg\u0173 lentyn\u0105 ir stiklin\u0119 vitrin\u0105 dekoratyviniams daiktams ar porcelianui eksponuoti. Tai leid\u017eia spintelei tapti nat\u016braliu interjero akcentu.<br \/>\nGerai apgalvotas sienin\u0117s spintel\u0117s i\u0161d\u0117stymas u\u017etikrina didel\u012f komfort\u0105 kasdien naudojantis. Erdvios spintel\u0117s ir stal\u010diai leid\u017eia laikyti dokumentus, diskus ir televizoriaus priedus, taip padedant palaikyti tvark\u0105 poilsio zonoje. Atviros lentynos puikiai tinka knygoms ir dekoracijoms, o stiklin\u0117 vitrina suteikia lengvumo ir eleganti\u0161k\u0105 pasirinkt\u0173 bald\u0173 ekspozicij\u0105.<br \/>\n\u201eAgata\u201c modelis i\u0161 \u201eLefkas Oak\u201c i\u0161siskiria nat\u016bralia medienos tekst\u016bra ir \u0161iltomis spalvomis, kurios sukuria jauki\u0105 ir eleganti\u0161k\u0105 atmosfer\u0105. Pritaikyta apdaila leid\u017eia sieninei spintelei harmoningai der\u0117ti su kitais svetain\u0117s baldais, nepriklausomai nuo interjero dizaino stiliaus.<\/p>\n<p>Sienin\u0117 spintel\u0117 komplektuojama su sidabrin\u0117mis arba retro stiliaus ranken\u0117l\u0117mis, turin\u010diomis sendinto aukso atspalv\u012f, subtiliai pary\u0161kinan\u010diomis baldo charakter\u012f. \u0160is variantas skirtas tiems, kurie ie\u0161ko funkcionalaus ir esteti\u0161kai patrauklaus svetain\u0117s sprendimo, suprojektuoto atsi\u017evelgiant \u012f ilgalaik\u012f ir patog\u0173 naudojim\u0105.<\/p>\n<p>Galimos standartin\u0117s spalvos:<br \/>\nNat\u016bralus didingas \u0105\u017euolas (MDF juostel\u0117s)<br \/>\nLefkos \u0105\u017euolas (MDF juostel\u0117s)<br \/>\n\u0160viesusis Sonoma<br \/>\nKa\u0161myro sm\u0117lio spalvos<br \/>\nBalta \/ Nat\u016bralus Halifakso \u0105\u017euolas<\/p>","protected":false},"excerpt":{"rendered":"<p>Matmenys:<br \/>\nPlotis: 300 cm<br \/>\nAuk\u0161tis: 200 cm<br \/>\nGylis: 44 cm<\/p>","protected":false},"featured_media":332683,"comment_status":"open","ping_status":"closed","template":"","meta":[],"product_brand":[],"product_cat":[9983,9857,2008],"product_tag":[],"class_list":{"0":"post-332580","1":"product","2":"type-product","3":"status-publish","4":"has-post-thumbnail","6":"product_cat-furniture-sets-room-sets-meblast","7":"product_cat-meblast","8":"product_cat-wall-units","10":"first","11":"instock","12":"shipping-taxable","13":"purchasable","14":"product-type-variable","15":"wvs-archive-product-wrapper"},"_links":{"self":[{"href":"https:\/\/baldumarket.lt\/lt\/wp-json\/wp\/v2\/product\/332580","targetHints":{"allow":["GET"]}}],"collection":[{"href":"https:\/\/baldumarket.lt\/lt\/wp-json\/wp\/v2\/product"}],"about":[{"href":"https:\/\/baldumarket.lt\/lt\/wp-json\/wp\/v2\/types\/product"}],"replies":[{"embeddable":true,"href":"https:\/\/baldumarket.lt\/lt\/wp-json\/wp\/v2\/comments?post=332580"}],"wp:featuredmedia":[{"embeddable":true,"href":"https:\/\/baldumarket.lt\/lt\/wp-json\/wp\/v2\/media\/332683"}],"wp:attachment":[{"href":"https:\/\/baldumarket.lt\/lt\/wp-json\/wp\/v2\/media?parent=332580"}],"wp:term":[{"taxonomy":"product_brand","embeddable":true,"href":"https:\/\/baldumarket.lt\/lt\/wp-json\/wp\/v2\/product_brand?post=332580"},{"taxonomy":"product_cat","embeddable":true,"href":"https:\/\/baldumarket.lt\/lt\/wp-json\/wp\/v2\/product_cat?post=332580"},{"taxonomy":"product_tag","embeddable":true,"href":"https:\/\/baldumarket.lt\/lt\/wp-json\/wp\/v2\/product_tag?post=332580"}],"curies":[{"name":"wp","href":"https:\/\/api.w.org\/{rel}","templated":true}]}}