{"id":332555,"date":"2026-03-06T23:34:39","date_gmt":"2026-03-06T20:34:39","guid":{"rendered":"https:\/\/baldumarket.lt\/?post_type=product&#038;p=332555"},"modified":"2026-03-24T11:35:12","modified_gmt":"2026-03-24T08:35:12","slug":"tv-sienine-spintele-su-knygu-lentyna-ir-stikline-vitrina-300-x-200-cm-naturalus-azuolas-grand-natural-oak-agata","status":"publish","type":"product","link":"https:\/\/baldumarket.lt\/lt\/produktas\/tv-sienine-spintele-su-knygu-lentyna-ir-stikline-vitrina-300-x-200-cm-naturalus-azuolas-grand-natural-oak-agata\/","title":{"rendered":"AGATA TV sienin\u0117 spintel\u0117 su knyg\u0173 lentyna ir stikline vitrina, 300 \u00d7 200 cm, nat\u016bralus \u0105\u017euolas, D\u0105b Grand Naturalny"},"content":{"rendered":"<p>\u201eAgata\u201c televizoriaus sienin\u0117 spintel\u0117 i\u0161 \u201eGrand Natural Oak\u201c medienos, kurios matmenys 300 x 200 cm, yra puikus pasirinkimas tiems, kurie vertina nat\u016bral\u0173 interjero charakter\u012f ir ai\u0161ki\u0105 medienos tekst\u016br\u0105. Gili, realisti\u0161ka apdaila suteikia spintelei elegancijos ir paver\u010dia j\u0105 stipriu, i\u0161rai\u0161kingu svetain\u0117s elementu.<\/p>\n<p>\u0160is spintel\u0117 buvo suprojektuota kaip funkcionali gyvenamoji zona, kurioje yra vietos televizoriui ir daug vietos daiktams susid\u0117ti. Centrin\u0117je televizoriaus dalyje patogiai i\u0161d\u0117styti multimedijos \u012frang\u0105, o apatin\u0117se spintel\u0117se galima susitvarkyti priedus, dokumentus ir baldus, kuri\u0173 nereikia eksponuoti.<\/p>\n<p>Atviros knyg\u0173 lentynos sukuria ideali\u0105 erdv\u0119 knygoms, albumams ar dekoracijoms, o stiklin\u0117 vitrina leid\u017eia esteti\u0161kai eksponuoti stiklo dirbinius, keramik\u0105 ar dekoratyvinius aksesuarus. Stiklinis priekis suardo masyvi\u0105 sienin\u0117s spintel\u0117s form\u0105 ir suteikia visai konstrukcijai vizualinio lengvumo. \u201eGrand Natural Oak\u201c spalva puikiai dera su gamtos \u012fkv\u0117ptais interjerais, moderniais klasikiniais stiliais ir moderniais dizainais, paremtais kontrastingais \u0161viesiais ir tamsiais pavir\u0161iais. Sidabrini\u0173 arba retro stiliaus ranken\u0117li\u0173 su sendinto aukso atspalviu pasirinkimas leid\u017eia dar labiau priderinti bald\u0173 charakter\u012f prie kambario stiliaus.<\/p>\n<p>\u201eAgata Grand Natural Oak\u201c sienin\u0117 spintel\u0117 \u2013 sprendimas tiems, kurie nori tvirtos formos, esteti\u0161kos apdailos ir prakti\u0161ko i\u0161planavimo derinio, sukurto atsi\u017evelgiant \u012f kasdien\u012f svetain\u0117s naudojim\u0105.<\/p>\n<p>Galimos standartin\u0117s spalvos:<br \/>\nNat\u016bralus didingas \u0105\u017euolas (MDF juostel\u0117s)<br \/>\nLefkos \u0105\u017euolas (MDF juostel\u0117s)<br \/>\n\u0160viesusis Sonoma<br \/>\nKa\u0161myro sm\u0117lio spalvos<br \/>\nBalta \/ Nat\u016bralus Halifakso \u0105\u017euolas<\/p>","protected":false},"excerpt":{"rendered":"<p>Matmenys:<br \/>\nPlotis: 300 cm<br \/>\nAuk\u0161tis: 200 cm<br \/>\nGylis: 44 cm<\/p>","protected":false},"featured_media":332663,"comment_status":"open","ping_status":"closed","template":"","meta":[],"product_brand":[],"product_cat":[9983,9857,2008],"product_tag":[],"class_list":{"0":"post-332555","1":"product","2":"type-product","3":"status-publish","4":"has-post-thumbnail","6":"product_cat-furniture-sets-room-sets-meblast","7":"product_cat-meblast","8":"product_cat-wall-units","10":"first","11":"instock","12":"shipping-taxable","13":"purchasable","14":"product-type-variable","15":"wvs-archive-product-wrapper"},"_links":{"self":[{"href":"https:\/\/baldumarket.lt\/lt\/wp-json\/wp\/v2\/product\/332555","targetHints":{"allow":["GET"]}}],"collection":[{"href":"https:\/\/baldumarket.lt\/lt\/wp-json\/wp\/v2\/product"}],"about":[{"href":"https:\/\/baldumarket.lt\/lt\/wp-json\/wp\/v2\/types\/product"}],"replies":[{"embeddable":true,"href":"https:\/\/baldumarket.lt\/lt\/wp-json\/wp\/v2\/comments?post=332555"}],"wp:featuredmedia":[{"embeddable":true,"href":"https:\/\/baldumarket.lt\/lt\/wp-json\/wp\/v2\/media\/332663"}],"wp:attachment":[{"href":"https:\/\/baldumarket.lt\/lt\/wp-json\/wp\/v2\/media?parent=332555"}],"wp:term":[{"taxonomy":"product_brand","embeddable":true,"href":"https:\/\/baldumarket.lt\/lt\/wp-json\/wp\/v2\/product_brand?post=332555"},{"taxonomy":"product_cat","embeddable":true,"href":"https:\/\/baldumarket.lt\/lt\/wp-json\/wp\/v2\/product_cat?post=332555"},{"taxonomy":"product_tag","embeddable":true,"href":"https:\/\/baldumarket.lt\/lt\/wp-json\/wp\/v2\/product_tag?post=332555"}],"curies":[{"name":"wp","href":"https:\/\/api.w.org\/{rel}","templated":true}]}}