{"id":332553,"date":"2026-03-06T23:34:38","date_gmt":"2026-03-06T20:34:38","guid":{"rendered":"https:\/\/baldumarket.lt\/?post_type=product&#038;p=332553"},"modified":"2026-03-24T11:35:12","modified_gmt":"2026-03-24T08:35:12","slug":"tv-sienine-spintele-su-knygu-lentyna-ir-stikline-vitrina-300-x-200-cm-kasmyro-smelio-spalvos-agata","status":"publish","type":"product","link":"https:\/\/baldumarket.lt\/lt\/produktas\/tv-sienine-spintele-su-knygu-lentyna-ir-stikline-vitrina-300-x-200-cm-kasmyro-smelio-spalvos-agata\/","title":{"rendered":"AGATA TV sienin\u0117 spintel\u0117 su knyg\u0173 lentyna ir stikline vitrina, 300 \u00d7 200 cm, Kaszmirowy Be\u017c"},"content":{"rendered":"<p>\u201eAgata\u201c televizoriaus sienin\u0117 spintel\u0117 ka\u0161myro sm\u0117lio spalvos, kurios matmenys 300 x 200 cm, puikiai tinka interjerams, kuriuose svarbiausia subtili elegancija ir harmoningos spalv\u0173 gamos. Prislopintas, \u0161iltas sm\u0117lio atspalvis suteikia spintelei vizualinio lengvumo ir atrodo moderniai, ta\u010diau kartu ramiai ir nesenstan\u010diai.<\/p>\n<p>Komplektas buvo suprojektuotas kaip funkcionalus svetain\u0117s blokas su ai\u0161kiai atskirta televizoriaus zona. Centrin\u0119 televizoriaus erdv\u0119 papildo apatin\u0117s spintel\u0117s, kuriose patogu laikyti multimedijos \u012frang\u0105, dokumentus ir priedus, taip i\u0161laikant esteti\u0161kai patraukli\u0105 gyvenam\u0105j\u0105 erdv\u0119.<\/p>\n<p>Atviros knyg\u0173 lentynos sukuria nat\u016brali\u0105 erdv\u0119 knygoms, dekoracijoms ar dizaino aksesuarams, o stiklin\u0117 vitrina leid\u017eia subtiliai eksponuoti stiklo dirbinius, keramik\u0105 ar dekoratyvinius elementus, pernelyg neapsunkinant spintel\u0117s vizualin\u0117s i\u0161vaizdos. Stiklas kartu su \u0161viesia spalv\u0173 gama dar labiau pabr\u0117\u017eia lengv\u0105 ir eleganti\u0161k\u0105 sienin\u0117s spintel\u0117s charakter\u012f. Ka\u0161myro sm\u0117lio spalva puikiai tinka modernioms svetain\u0117ms, \u0161velniam moderniam ir japoni\u0161kam interjerui bei eleganti\u0161koms kompozicijoms, paremtoms \u0161viesia palete. Sidabrini\u0173 arba retro stiliaus ranken\u0117li\u0173 su sendinto aukso atspalviu pasirinkimas leid\u017eia pritaikyti baldus pagal individualius estetinius pageidavimus.<\/p>\n<p>\u201eAgata Cashmere Beige\u201c sienin\u0117 spintel\u0117 \u2013 sprendimas ie\u0161kantiems funkcionalaus svetain\u0117s sprendimo, kuriame derinamas prakti\u0161kas i\u0161planavimas ir subtili, moderni estetika.<\/p>\n<p>Galimos standartin\u0117s spalvos:<br \/>\nNat\u016bralus didingas \u0105\u017euolas (MDF juostel\u0117s)<br \/>\nLefkos \u0105\u017euolas (MDF juostel\u0117s)<br \/>\n\u0160viesusis Sonoma<br \/>\nKa\u0161myro sm\u0117lio spalvos<br \/>\nBalta \/ Nat\u016bralus Halifakso \u0105\u017euolas<\/p>","protected":false},"excerpt":{"rendered":"<p>Matmenys:<br \/>\nPlotis: 300 cm<br \/>\nAuk\u0161tis: 200 cm<br \/>\nGylis: 44 cm<\/p>","protected":false},"featured_media":332656,"comment_status":"open","ping_status":"closed","template":"","meta":[],"product_brand":[],"product_cat":[9983,9857,2008],"product_tag":[],"class_list":{"0":"post-332553","1":"product","2":"type-product","3":"status-publish","4":"has-post-thumbnail","6":"product_cat-furniture-sets-room-sets-meblast","7":"product_cat-meblast","8":"product_cat-wall-units","10":"first","11":"instock","12":"shipping-taxable","13":"purchasable","14":"product-type-variable","15":"wvs-archive-product-wrapper"},"_links":{"self":[{"href":"https:\/\/baldumarket.lt\/lt\/wp-json\/wp\/v2\/product\/332553","targetHints":{"allow":["GET"]}}],"collection":[{"href":"https:\/\/baldumarket.lt\/lt\/wp-json\/wp\/v2\/product"}],"about":[{"href":"https:\/\/baldumarket.lt\/lt\/wp-json\/wp\/v2\/types\/product"}],"replies":[{"embeddable":true,"href":"https:\/\/baldumarket.lt\/lt\/wp-json\/wp\/v2\/comments?post=332553"}],"wp:featuredmedia":[{"embeddable":true,"href":"https:\/\/baldumarket.lt\/lt\/wp-json\/wp\/v2\/media\/332656"}],"wp:attachment":[{"href":"https:\/\/baldumarket.lt\/lt\/wp-json\/wp\/v2\/media?parent=332553"}],"wp:term":[{"taxonomy":"product_brand","embeddable":true,"href":"https:\/\/baldumarket.lt\/lt\/wp-json\/wp\/v2\/product_brand?post=332553"},{"taxonomy":"product_cat","embeddable":true,"href":"https:\/\/baldumarket.lt\/lt\/wp-json\/wp\/v2\/product_cat?post=332553"},{"taxonomy":"product_tag","embeddable":true,"href":"https:\/\/baldumarket.lt\/lt\/wp-json\/wp\/v2\/product_tag?post=332553"}],"curies":[{"name":"wp","href":"https:\/\/api.w.org\/{rel}","templated":true}]}}