{"id":332503,"date":"2026-03-06T23:33:23","date_gmt":"2026-03-06T20:33:23","guid":{"rendered":"https:\/\/baldumarket.lt\/?post_type=product&#038;p=332503"},"modified":"2026-03-24T12:55:53","modified_gmt":"2026-03-24T09:55:53","slug":"jaunimo-sienine-spintele-su-stalu-lentynomis-ir-dviem-spintomis-280-x-200-cm-kasmyro-smelio-grafito-pilkos-spalvos-bravo","status":"publish","type":"product","link":"https:\/\/baldumarket.lt\/lt\/produktas\/jaunimo-sienine-spintele-su-stalu-lentynomis-ir-dviem-spintomis-280-x-200-cm-kasmyro-smelio-grafito-pilkos-spalvos-bravo\/","title":{"rendered":"Jaunimo sienin\u0117 spintel\u0117 su stalu, lentynomis ir dviem spintomis 280 \u00d7 200 cm Kaszmirowy Be\u017c \/ Szary Grafit \u2013 BRAVO"},"content":{"rendered":"<p>BRAVO jaunimo sienin\u0117 spintel\u0117, ka\u0161myro sm\u0117lio ir grafito pilkos spalv\u0173, turi stal\u0105, lentynas ir dvi spintas, sukurtos kaip funkcionalus vaik\u0173 ar paaugli\u0173 kambario papildymas. 280 x 200 cm dyd\u017eio spintel\u0117 sujungia darbo ir daikt\u0173 laikymo zonas kompakti\u0161ku, tvarkingu dizainu, kuris taip pat puikiai tinka ribotos erdv\u0117s kambariuose.<\/p>\n<p>Komplekt\u0105 sudaro dvi erdvios spintos, ra\u0161omasis stalas su patogia darbo vieta, atviros lentynos ir skyriai daiktams susid\u0117ti, leid\u017eiantys logi\u0161kai susitvarkyti knygas, s\u0105siuvinius, mokyklines priemones ir asmeninius daiktus. Apgalvotas element\u0173 i\u0161d\u0117stymas skatina tvark\u0105 ir ai\u0161kiai atskiria mokymosi zon\u0105 nuo daikt\u0173 laikymo zonos.<\/p>\n<p>Ka\u0161myro sm\u0117lio ir grafito pilkos spalv\u0173 derinys suteikia sieninei spintelei sant\u016bresn\u012f, organizuotesn\u012f charakter\u012f. \u0160viesi bazin\u0117 spalva suteikia vizualinio lengvumo, o tamsesnis akcentas pabr\u0117\u017eia formos suskirstym\u0105, tod\u0117l komplektas puikiai tinka moderniam jaunimo kambario dizainui. Kompakti\u0161kas dizainas ir subalansuotos proporcijos supaprastina viso kambario i\u0161d\u0117stym\u0105, o prieiga prie vis\u0173 zon\u0173 i\u0161lieka patogi kasdieniam naudojimui. BRAVO sienin\u0117 spintel\u0117 gali b\u016bti pagrindinis kambario baldas, prisitaikanti prie kintan\u010di\u0173 vaiko poreiki\u0173 kiekviename jo mokymosi etape.<\/p>\n<p>Kaip ir visus \u201ee-Meblast\u201c si\u016blomus baldus, BRAVO sienin\u0119 spintel\u0119 galima pritaikyti pagal matmenis, spalvas ir furnit\u016br\u0105, tod\u0117l galite sukurti komplekt\u0105, pritaikyt\u0105 konkre\u010diam vaik\u0173 ar paaugli\u0173 kambario i\u0161planavimui.<\/p>\n<p>Galimos standartin\u0117s spalvos:<br \/>\nBalta \/ Kreidos m\u0117lyna<br \/>\nNat\u016bralus didingas \u0105\u017euolas \/ ka\u0161myro sm\u0117lio spalvos<br \/>\nKa\u0161myro sm\u0117lio \/ grafito pilka<br \/>\nPlatinin\u0117 pilka \/ karin\u0117 \u017ealia<\/p>","protected":false},"excerpt":{"rendered":"<p>Matmenys:<br \/>\nPlotis: 280 cm<br \/>\nAuk\u0161tis: 200 cm<br \/>\nGylis: 53 cm<\/p>","protected":false},"featured_media":332626,"comment_status":"open","ping_status":"closed","template":"","meta":[],"product_brand":[],"product_cat":[9857,9989,2008],"product_tag":[],"class_list":{"0":"post-332503","1":"product","2":"type-product","3":"status-publish","4":"has-post-thumbnail","6":"product_cat-meblast","7":"product_cat-youth-furniture-meblast","8":"product_cat-wall-units","10":"first","11":"instock","12":"shipping-taxable","13":"purchasable","14":"product-type-variable","15":"wvs-archive-product-wrapper"},"_links":{"self":[{"href":"https:\/\/baldumarket.lt\/lt\/wp-json\/wp\/v2\/product\/332503","targetHints":{"allow":["GET"]}}],"collection":[{"href":"https:\/\/baldumarket.lt\/lt\/wp-json\/wp\/v2\/product"}],"about":[{"href":"https:\/\/baldumarket.lt\/lt\/wp-json\/wp\/v2\/types\/product"}],"replies":[{"embeddable":true,"href":"https:\/\/baldumarket.lt\/lt\/wp-json\/wp\/v2\/comments?post=332503"}],"wp:featuredmedia":[{"embeddable":true,"href":"https:\/\/baldumarket.lt\/lt\/wp-json\/wp\/v2\/media\/332626"}],"wp:attachment":[{"href":"https:\/\/baldumarket.lt\/lt\/wp-json\/wp\/v2\/media?parent=332503"}],"wp:term":[{"taxonomy":"product_brand","embeddable":true,"href":"https:\/\/baldumarket.lt\/lt\/wp-json\/wp\/v2\/product_brand?post=332503"},{"taxonomy":"product_cat","embeddable":true,"href":"https:\/\/baldumarket.lt\/lt\/wp-json\/wp\/v2\/product_cat?post=332503"},{"taxonomy":"product_tag","embeddable":true,"href":"https:\/\/baldumarket.lt\/lt\/wp-json\/wp\/v2\/product_tag?post=332503"}],"curies":[{"name":"wp","href":"https:\/\/api.w.org\/{rel}","templated":true}]}}