{"id":332477,"date":"2026-03-06T23:33:02","date_gmt":"2026-03-06T20:33:02","guid":{"rendered":"https:\/\/baldumarket.lt\/?post_type=product&#038;p=332477"},"modified":"2026-03-26T12:47:53","modified_gmt":"2026-03-26T09:47:53","slug":"moderni-sienine-spintele-su-didelemis-spintomis-lentynomis-televizoriumi-ir-stalciais-350-x-227-cm-carpenter-whiskey-oak-scandi","status":"publish","type":"product","link":"https:\/\/baldumarket.lt\/lt\/produktas\/moderni-sienine-spintele-su-didelemis-spintomis-lentynomis-televizoriumi-ir-stalciais-350-x-227-cm-carpenter-whiskey-oak-scandi\/","title":{"rendered":"Moderni sienin\u0117 spintel\u0117 su didel\u0117mis spintomis, lentynomis, televizoriais ir stal\u010diais, 350 \u00d7 227 cm, D\u0105b Carpenter Whisky \u2013 SCANDI"},"content":{"rendered":"<p>Moderni \u201eSCANDI\u201c sienin\u0117 spintel\u0117 i\u0161 \u201eCarpenter Whiskey Oak\u201c spalvos puikiai tinka tiems, kurie nori savo svetainei ar darbo kambariui suteikti \u0161ilt\u0105 ir jauki\u0105 atmosfer\u0105 neaukodami modernaus stiliaus. Sodri, rafinuota medienos spalva suteikia interjerui charakterio ir paver\u010dia spintel\u0119 i\u0161skirtiniu, ta\u010diau harmoningu dizaino elementu. \u0160i spalva puikiai dera su \u0161viesiomis sienomis, nat\u016braliais audiniais ir prislopintu ap\u0161vietimu.<\/p>\n<p>\u0160is komplektas buvo sukurtas atsi\u017evelgiant \u012f patog\u0173 daikt\u0173 laikym\u0105 ir kasdien\u012f naudojim\u0105. Didel\u0117s, rakinamos spintos leid\u017eia tvarkingai susid\u0117ti drabu\u017eius, tekstil\u0119 ar sezoninius daiktus, i\u0161laikant kambario estetin\u012f patrauklum\u0105. Lentynos ir stal\u010diai leid\u017eia tvarkingai susid\u0117ti smulkius daiktus, dokumentus ir aksesuarus, kurie visada yra po ranka, nesukuriant pertekliaus \u012fsp\u016bd\u017eio.<\/p>\n<p>Centrin\u0117 sienin\u0117s spintel\u0117s dalis tarnauja kaip prakti\u0161ka televizoriaus zona. Joje yra vietos televizoriui ir garso bei vaizdo \u012frangai, tod\u0117l galite sukurti vientis\u0105 ir esteti\u0161kai patraukl\u0173 multimedijos kampel\u012f. Gerai apgalvotas atvir\u0173 ir u\u017edar\u0173 erdvi\u0173 i\u0161d\u0117stymas leid\u017eia pasl\u0117pti laidus ir priedus, o vir\u0161utinis praplatinimas padidina spintel\u0117s talp\u0105 ir leid\u017eia pilnai i\u0161naudoti kambario auk\u0161t\u012f, nereikia tvirtinti komponent\u0173 prie sienos.<br \/>\nSCANDI sienin\u0117 spintel\u0117 pagaminta i\u0161 patvarios, dvipus\u0117s laminuotos 18 mm plok\u0161t\u0117s, u\u017etikrinan\u010dios stabilum\u0105 ir atsparum\u0105 kasdieniam naudojimui. Apsaugoti PVC kra\u0161tai apsaugo kra\u0161tus nuo pa\u017eeidim\u0173 ir dr\u0117gm\u0117s, o kruop\u0161ti apdaila pabr\u0117\u017eia tvirt\u0105, rafinuot\u0105 baldo charakter\u012f.<br \/>\nTai puikus sprendimas tiems, kurie vertina funkcionalum\u0105 ir \u0161ilt\u0105, nat\u016brali\u0105 estetik\u0105. SCANDI sienin\u0117 spintel\u0117, 350 x 227 cm, pagaminta i\u0161 \u201eCarpenter Whiskey Oak\u201c medienos, bus patogus ir eleganti\u0161kas svetain\u0117s pagrindas, suteikiantis daug vietos daiktams susid\u0117ti ir nesenstant\u012f \u012fvaizd\u012f.<\/p>\n<p>Galimos spalvos:<br \/>\nBalta<br \/>\nAndersono pu\u0161is<br \/>\nKa\u0161myro sm\u0117lio spalvos<br \/>\nEukaliptas<br \/>\n\u0160viesusis Sonoma<br \/>\nLefkos \u0105\u017euolas<br \/>\nTamsus v\u0117jo mal\u016bno \u0105\u017euolas<br \/>\nViskio dailid\u0117s \u0105\u017euolas<br \/>\nLefkas \u0105\u017euolas \/ butelio \u017ealia<\/p>","protected":false},"excerpt":{"rendered":"<p>Matmenys:<br \/>\nPlotis: 350 cm<br \/>\n\u016agis: 227 cm<br \/>\nGylis: 53 cm<\/p>","protected":false},"featured_media":332512,"comment_status":"open","ping_status":"closed","template":"","meta":[],"product_brand":[],"product_cat":[9857,2008],"product_tag":[],"class_list":{"0":"post-332477","1":"product","2":"type-product","3":"status-publish","4":"has-post-thumbnail","6":"product_cat-meblast","7":"product_cat-wall-units","9":"first","10":"instock","11":"shipping-taxable","12":"purchasable","13":"product-type-variable","14":"wvs-archive-product-wrapper"},"_links":{"self":[{"href":"https:\/\/baldumarket.lt\/lt\/wp-json\/wp\/v2\/product\/332477","targetHints":{"allow":["GET"]}}],"collection":[{"href":"https:\/\/baldumarket.lt\/lt\/wp-json\/wp\/v2\/product"}],"about":[{"href":"https:\/\/baldumarket.lt\/lt\/wp-json\/wp\/v2\/types\/product"}],"replies":[{"embeddable":true,"href":"https:\/\/baldumarket.lt\/lt\/wp-json\/wp\/v2\/comments?post=332477"}],"wp:featuredmedia":[{"embeddable":true,"href":"https:\/\/baldumarket.lt\/lt\/wp-json\/wp\/v2\/media\/332512"}],"wp:attachment":[{"href":"https:\/\/baldumarket.lt\/lt\/wp-json\/wp\/v2\/media?parent=332477"}],"wp:term":[{"taxonomy":"product_brand","embeddable":true,"href":"https:\/\/baldumarket.lt\/lt\/wp-json\/wp\/v2\/product_brand?post=332477"},{"taxonomy":"product_cat","embeddable":true,"href":"https:\/\/baldumarket.lt\/lt\/wp-json\/wp\/v2\/product_cat?post=332477"},{"taxonomy":"product_tag","embeddable":true,"href":"https:\/\/baldumarket.lt\/lt\/wp-json\/wp\/v2\/product_tag?post=332477"}],"curies":[{"name":"wp","href":"https:\/\/api.w.org\/{rel}","templated":true}]}}