{"id":332475,"date":"2026-03-06T23:32:59","date_gmt":"2026-03-06T20:32:59","guid":{"rendered":"https:\/\/baldumarket.lt\/?post_type=product&#038;p=332475"},"modified":"2026-03-26T12:47:53","modified_gmt":"2026-03-26T09:47:53","slug":"moderni-sienine-spintele-su-didelemis-spintomis-lentynomis-televizoriumi-ir-stalciais-350-x-227-cm-lefkas-oak-bottle-green-scandi","status":"publish","type":"product","link":"https:\/\/baldumarket.lt\/lt\/product\/moderni-sienine-spintele-su-didelemis-spintomis-lentynomis-televizoriumi-ir-stalciais-350-x-227-cm-lefkas-oak-bottle-green-scandi\/","title":{"rendered":"Moderni sienin\u0117 spintel\u0117 su didel\u0117mis spintomis, lentynomis, televizoriumi ir stal\u010diais, 350 \u00d7 227 cm, D\u0105b Lefkas \/ Ziele\u0144 Butelkowa \u2013 SCANDI"},"content":{"rendered":"<p>Moderni \u201eSCANDI\u201c sienin\u0117 spintel\u0117 \u201eLefkas Oak\u201c ir \u201eBottle Green\u201c spalv\u0173 \u2013 puikus pasirinkimas ie\u0161kantiems nat\u016bralios medienos derinio su i\u0161skirtine, eleganti\u0161ka akcento spalva. \u0160viesi, klasikin\u0117 \u0105\u017euolo spalva suteikia interjerui lengvumo ir nesenstan\u010dio charakterio, o tamsiai \u017ealia \u2013 elegancijos ir modernaus rafinuotumo. \u0160is derinys puikiai tinka stilingoms ir jaukioms svetain\u0117ms ir darbo erdv\u0117ms.<\/p>\n<p>Komplektas si\u016blo daug vietos daiktams susid\u0117ti, tod\u0117l gal\u0117site palaikyti tvark\u0105 net ir intensyviai naudojamoje erdv\u0117je. Erdvios, rakinamos spintos leid\u017eia patogiai laikyti drabu\u017eius, tekstil\u0119 ar sezoninius daiktus nepakenkiant kambario estetikai. Lentynos ir stal\u010diai palengvina smulki\u0173 aksesuar\u0173, dokument\u0173 ir kasdieni\u0173 daikt\u0173 sutvarkym\u0105, u\u017etikrinant, kad kiekvienas daiktas tur\u0117t\u0173 savo viet\u0105.<\/p>\n<p>Centrin\u0117 sienin\u0117s spintel\u0117s dalis suprojektuota kaip funkcionali televizoriaus zona. Joje yra vietos televizoriui ir garso bei vaizdo \u012frangai, tod\u0117l galite sukurti vientis\u0105 ir esteti\u0161kai patraukl\u0173 multimedijos kampel\u012f. Gerai apgalvotas atvir\u0173 ir u\u017edar\u0173 erdvi\u0173 i\u0161d\u0117stymas padeda pasl\u0117pti laidus ir priedus, i\u0161laikant tvarking\u0105 vaizd\u0105. Vir\u0161utinis praplatinimas padidina spintel\u0117s talp\u0105 ir leid\u017eia efektyviai i\u0161naudoti kambario auk\u0161t\u012f, nereikia tvirtinti komponent\u0173 prie sienos.<br \/>\nSCANDI sienin\u0117 spintel\u0117 pagaminta i\u0161 patvarios, dvipus\u0117s laminuotos 18 mm plok\u0161t\u0117s, u\u017etikrinan\u010dios stabilum\u0105 ir atsparum\u0105 kasdieniam naudojimui. PVC dengtos briaunos apsaugo kra\u0161tus nuo pa\u017eeidim\u0173 ir dr\u0117gm\u0117s, o kruop\u0161ti apdaila pabr\u0117\u017eia eleganti\u0161k\u0105 ir rafinuot\u0105 spintel\u0117s charakter\u012f.<br \/>\nTai puikus pasirinkimas tiems, kurie siekia suderinti funkcionalum\u0105 su i\u0161skirtiniu stiliumi. SCANDI sienin\u0117 spintel\u0117, 350 x 227 cm, Lefkas \u0105\u017euolo \/ butelio \u017ealios spalvos, taps svetain\u0117s traukos centru, si\u016blydama daug vietos daiktams susid\u0117ti, komfort\u0105 ir moderni\u0105 estetik\u0105.<\/p>\n<p>Galimos spalvos:<br \/>\nBalta<br \/>\nAndersono pu\u0161is<br \/>\nKa\u0161myro sm\u0117lio spalvos<br \/>\nEukaliptas<br \/>\n\u0160viesusis Sonoma<br \/>\nLefkos \u0105\u017euolas<br \/>\nTamsus v\u0117jo mal\u016bno \u0105\u017euolas<br \/>\nViskio dailid\u0117s \u0105\u017euolas<br \/>\nLefkas \u0105\u017euolas \/ butelio \u017ealia<\/p>","protected":false},"excerpt":{"rendered":"<p>Matmenys:<br \/>\nPlotis: 350 cm<br \/>\n\u016agis: 227 cm<br \/>\nGylis: 53 cm<\/p>","protected":false},"featured_media":332505,"comment_status":"open","ping_status":"closed","template":"","meta":[],"product_brand":[],"product_cat":[9857,2008],"product_tag":[],"class_list":{"0":"post-332475","1":"product","2":"type-product","3":"status-publish","4":"has-post-thumbnail","6":"product_cat-meblast","7":"product_cat-wall-units","9":"first","10":"instock","11":"shipping-taxable","12":"purchasable","13":"product-type-variable","14":"wvs-archive-product-wrapper"},"_links":{"self":[{"href":"https:\/\/baldumarket.lt\/lt\/wp-json\/wp\/v2\/product\/332475","targetHints":{"allow":["GET"]}}],"collection":[{"href":"https:\/\/baldumarket.lt\/lt\/wp-json\/wp\/v2\/product"}],"about":[{"href":"https:\/\/baldumarket.lt\/lt\/wp-json\/wp\/v2\/types\/product"}],"replies":[{"embeddable":true,"href":"https:\/\/baldumarket.lt\/lt\/wp-json\/wp\/v2\/comments?post=332475"}],"wp:featuredmedia":[{"embeddable":true,"href":"https:\/\/baldumarket.lt\/lt\/wp-json\/wp\/v2\/media\/332505"}],"wp:attachment":[{"href":"https:\/\/baldumarket.lt\/lt\/wp-json\/wp\/v2\/media?parent=332475"}],"wp:term":[{"taxonomy":"product_brand","embeddable":true,"href":"https:\/\/baldumarket.lt\/lt\/wp-json\/wp\/v2\/product_brand?post=332475"},{"taxonomy":"product_cat","embeddable":true,"href":"https:\/\/baldumarket.lt\/lt\/wp-json\/wp\/v2\/product_cat?post=332475"},{"taxonomy":"product_tag","embeddable":true,"href":"https:\/\/baldumarket.lt\/lt\/wp-json\/wp\/v2\/product_tag?post=332475"}],"curies":[{"name":"wp","href":"https:\/\/api.w.org\/{rel}","templated":true}]}}