{"id":332347,"date":"2026-02-24T01:50:28","date_gmt":"2026-02-23T22:50:28","guid":{"rendered":"https:\/\/baldumarket.lt\/?post_type=product&#038;p=332347"},"modified":"2026-04-14T16:35:10","modified_gmt":"2026-04-14T13:35:10","slug":"zoe-lova-su-daiktadeze-ir-minkstu-ciuziniu-90x200-cm","status":"publish","type":"product","link":"https:\/\/baldumarket.lt\/lt\/product\/zoe-lova-su-daiktadeze-ir-minkstu-ciuziniu-90x200-cm\/","title":{"rendered":"ZOE lova su daiktad\u0117\u017ee ir mink\u0161tu \u010diu\u017einiu 90\u00d7200 cm"},"content":{"rendered":"<p>\u201eZoe\u201c mink\u0161ta lova \u2013 tai moderni lova, skirta paaugliams ir suaugusiesiems (renkantis \u201eBonnell\u201c spyruoklin\u012f \u010diu\u017ein\u012f).<br \/>\nModernus lovos dizainas ir paprastumas leid\u017eia jai tilpti \u012f bet kok\u012f interjer\u0105. \u201eZoe\u201c lovos specifikacijos:<br \/>\nLova, kurios miegamoji erdv\u0117 90 \u00d7 200 cm<br \/>\nPagaminta i\u0161 med\u017eio<br \/>\nPrie \u010diu\u017einio pritvirtintas r\u0117mas yra aptrauktas audiniu ir gali b\u016bti pakeltas<br \/>\n\u012e komplekt\u0105 \u012feina 14 cm auk\u0161\u010dio putplas\u010dio \u010diu\u017einys.<br \/>\nU\u017e papildom\u0105 mokest\u012f galima \u012fsigyti pasirinktinai \u201eBonnell\u201c spyruoklin\u012f \u010diu\u017ein\u012f.<br \/>\nMink\u0161tas \u010diu\u017einys yra 6 spalv\u0173 \u2013 \u017er. skirtuk\u0105 \u201cPasirinkite spalv\u0105\u201d<br \/>\nLova turi patalyn\u0117s laikymo skyri\u0173<br \/>\nPatalyn\u0117 su spyruokl\u0117mis patalyn\u0117s laikymo skyriuje yra patogi ir paprasta atidaryti.<br \/>\nSpalv\u0173 pasiskirstymas, kaip parodyta nuotraukoje: pilkas akrilas \/ pilka plok\u0161t\u0117<br \/>\nI\u0161oriniai lovos matmenys (ilgis\/plotis\/auk\u0161tis) \u2013 207x97x76 cm<br \/>\nMiegamosios dalies matmenys \u2013 200 \u00d7 90 cm<br \/>\nMiegojimo auk\u0161tis \u2013 48 cm<br \/>\n\u010ciu\u017einio med\u017eiaga \u2013 pasirinkimas: T21 putplas\u010dio blok\u0173 \u010diu\u017einys arba Bonnell spyruoklinis \u010diu\u017einys + T21 putplastis<br \/>\nPastaba! Gamintojas pasilieka teis\u0119 keisti bald\u0173 konstrukcij\u0105 nekeisdamas j\u0173 bendro charakterio. Spalvos nuotraukose gali skirtis nuo tikr\u0173j\u0173 spalv\u0173. Visi matmenys nurodyti cm su +\/- 2 cm paklaida.<\/p>","protected":false},"excerpt":{"rendered":"<p>Plotis [cm] 207<br \/>\n\u016agis [cm] 76<br \/>\ngylis [cm] 97<\/p>","protected":false},"featured_media":193824,"comment_status":"open","ping_status":"closed","template":"","meta":[],"product_brand":[],"product_cat":[9790,505,1968,4775],"product_tag":[],"class_list":{"0":"post-332347","1":"product","2":"type-product","3":"status-publish","4":"has-post-thumbnail","6":"product_cat-upholstered-beds-meblobed","7":"product_cat-bedroom-beds","8":"product_cat-beds-90x200","9":"product_cat-meblobed","11":"first","12":"instock","13":"shipping-taxable","14":"purchasable","15":"product-type-variable","16":"wvs-archive-product-wrapper"},"_links":{"self":[{"href":"https:\/\/baldumarket.lt\/lt\/wp-json\/wp\/v2\/product\/332347","targetHints":{"allow":["GET"]}}],"collection":[{"href":"https:\/\/baldumarket.lt\/lt\/wp-json\/wp\/v2\/product"}],"about":[{"href":"https:\/\/baldumarket.lt\/lt\/wp-json\/wp\/v2\/types\/product"}],"replies":[{"embeddable":true,"href":"https:\/\/baldumarket.lt\/lt\/wp-json\/wp\/v2\/comments?post=332347"}],"wp:featuredmedia":[{"embeddable":true,"href":"https:\/\/baldumarket.lt\/lt\/wp-json\/wp\/v2\/media\/193824"}],"wp:attachment":[{"href":"https:\/\/baldumarket.lt\/lt\/wp-json\/wp\/v2\/media?parent=332347"}],"wp:term":[{"taxonomy":"product_brand","embeddable":true,"href":"https:\/\/baldumarket.lt\/lt\/wp-json\/wp\/v2\/product_brand?post=332347"},{"taxonomy":"product_cat","embeddable":true,"href":"https:\/\/baldumarket.lt\/lt\/wp-json\/wp\/v2\/product_cat?post=332347"},{"taxonomy":"product_tag","embeddable":true,"href":"https:\/\/baldumarket.lt\/lt\/wp-json\/wp\/v2\/product_tag?post=332347"}],"curies":[{"name":"wp","href":"https:\/\/api.w.org\/{rel}","templated":true}]}}