{"id":332293,"date":"2026-02-24T01:44:44","date_gmt":"2026-02-23T22:44:44","guid":{"rendered":"https:\/\/baldumarket.lt\/?post_type=product&#038;p=332293"},"modified":"2026-02-25T10:40:49","modified_gmt":"2026-02-25T07:40:49","slug":"vaikiska-dviaukste-lova-antresoleje-laura-80x200-cm","status":"publish","type":"product","link":"https:\/\/baldumarket.lt\/lt\/product\/vaikiska-dviaukste-lova-antresoleje-laura-80x200-cm\/","title":{"rendered":"Vaiki\u0161ka dviauk\u0161t\u0117 lova antresol\u0117je LAURA 80\u00d7200 cm"},"content":{"rendered":"<p>Vaiki\u0161ka antresol\u0117 \u201eLaura\u201c dviauk\u0161t\u0117 lova pagaminta i\u0161 pu\u0161ies medienos, kuri kruop\u0161\u010diai tikrinama d\u0117l patvarumo ir saugumo.<br \/>\nJai suteikti Poznan\u0117s Medienos technologij\u0173 instituto i\u0161duoti sertifikatai, patvirtinantys atitikt\u012f PN-EN 747-1:2007 ir PN-EN747-2:2007 standart\u0173 reikalavimams. Be to, visos lovos yra padengtos ekologi\u0161kais lakais, kurie yra saug\u016bs tiek vaikams, tiek suaugusiesiems.<br \/>\nProjektuojant lov\u0105, buvo atkreipiamas d\u0117mesys ne tik \u012f jos saugum\u0105, bet ir \u012f funkcionalum\u0105 bei estetik\u0105. Pu\u0161is yra ideali med\u017eiaga, atitinkanti visus \u0161iuos reikalavimus. \u0160ios med\u017eiagos patvarumas yra itin svarbus dirbant su auk\u0161tomis lovomis, nes \u0161ios konstrukcijos gali b\u016bti pavojingos. Tod\u0117l naudojamos med\u017eiagos kokyb\u0117 yra itin svarbi, ir mes jai skiriame ypating\u0105 d\u0117mes\u012f, atid\u017eiai steb\u0117dami gamybos proces\u0105 kiekviename etape.<br \/>\nKomfortas ir maksimalus erdv\u0117s i\u0161naudojimas neabejotinai yra reik\u0161mingi privalumai, tod\u0117l verta d\u0117ti visas pastangas, kad b\u016bt\u0173 u\u017etikrintas j\u0173 saugumas. Vaiki\u0161ka pal\u0117p\u0117s tipo dviauk\u0161t\u0117 lova \u201eLaura\u201c si\u016bloma su \u012fvairiais beicais, akrilais ir skaidriais lakais, kurie, kaip min\u0117ta anks\u010diau, yra ekologi\u0161ki ir saug\u016bs.<br \/>\nLovos ypatyb\u0117s:<br \/>\n8 cm storio, itin kietas putplas\u010dio \u010diu\u017einys su nuimamu, u\u017etrauktuku u\u017esegamu medvilniniu u\u017evalkalu \u2013 galima rinktis i\u0161 \u012fvairi\u0173 variant\u0173<br \/>\nGroteli\u0173 r\u0117mas \u2013 r\u0117mo groteles reikia prisukti prie lovos \u0161ono \u2013 tai parodyta paskutin\u0117je nuotraukoje naudojant kit\u0105 model\u012f \u2013 \u012fskai\u010diuota \u012f kain\u0105<br \/>\nMiegamoji erdv\u0117: 80 x 200 cm<br \/>\nNuotraukoje panaudotos spalvos: nat\u016brali pu\u0161is<br \/>\nGalimi miegamojo pavir\u0161iaus dyd\u017eiai:<br \/>\n80\/180 cm<br \/>\n80\/200 cm<br \/>\n90\/190 cm<br \/>\n90\/200 cm<br \/>\nKop\u0117\u010di\u0173 plotis apie 42 cm<br \/>\nSertifikuota Poznan\u0117s Medienos technologij\u0173 instituto<br \/>\nM\u016bs\u0173 pu\u0161in\u0117s konstrukcijos buvo grie\u017etai patikrintos d\u0117l patvarumo ir saugumo. 2008 m. jos gavo Poznan\u0117s Medienos technologij\u0173 instituto i\u0161duotus sertifikatus, patvirtinan\u010dius atitikt\u012f PN-EN747-1:2007 ir PN-EN747-2:2007 standart\u0173 reikalavimams.<br \/>\nBe to, 2016 m. visas dviauk\u0161tes lovas i\u0161 naujo pateik\u0117me grie\u017etiems bandymams, kad jos atitikt\u0173 nauj\u0173j\u0173 PN-EN747-1+A1:2015 ir PN-EN747-2+A1:2015 standart\u0173 reikalavimus. Buvo i\u0161duoti nauji sertifikatai neribotam laikui, dar kart\u0105 patvirtinantys saugi\u0105 vis\u0173 m\u016bs\u0173 dviauk\u0161ti\u0173 lov\u0173 konstrukcij\u0105.<\/p>","protected":false},"excerpt":{"rendered":"<p>Plotis [cm] 200<br \/>\n\u016agis [cm] 115<br \/>\ngylis [cm] 87<br \/>\nvir\u0161utinio \u010diu\u017einio auk\u0161tis [cm] 98<br \/>\npro\u0161vaisa [cm] 85<\/p>","protected":false},"featured_media":332357,"comment_status":"open","ping_status":"closed","template":"","meta":[],"product_brand":[],"product_cat":[9783,505,4775],"product_tag":[],"class_list":{"0":"post-332293","1":"product","2":"type-product","3":"status-publish","4":"has-post-thumbnail","6":"product_cat-ground-floor-beds-meblobed","7":"product_cat-bedroom-beds","8":"product_cat-meblobed","10":"first","11":"instock","12":"shipping-taxable","13":"purchasable","14":"product-type-variable","15":"wvs-archive-product-wrapper"},"_links":{"self":[{"href":"https:\/\/baldumarket.lt\/lt\/wp-json\/wp\/v2\/product\/332293","targetHints":{"allow":["GET"]}}],"collection":[{"href":"https:\/\/baldumarket.lt\/lt\/wp-json\/wp\/v2\/product"}],"about":[{"href":"https:\/\/baldumarket.lt\/lt\/wp-json\/wp\/v2\/types\/product"}],"replies":[{"embeddable":true,"href":"https:\/\/baldumarket.lt\/lt\/wp-json\/wp\/v2\/comments?post=332293"}],"wp:featuredmedia":[{"embeddable":true,"href":"https:\/\/baldumarket.lt\/lt\/wp-json\/wp\/v2\/media\/332357"}],"wp:attachment":[{"href":"https:\/\/baldumarket.lt\/lt\/wp-json\/wp\/v2\/media?parent=332293"}],"wp:term":[{"taxonomy":"product_brand","embeddable":true,"href":"https:\/\/baldumarket.lt\/lt\/wp-json\/wp\/v2\/product_brand?post=332293"},{"taxonomy":"product_cat","embeddable":true,"href":"https:\/\/baldumarket.lt\/lt\/wp-json\/wp\/v2\/product_cat?post=332293"},{"taxonomy":"product_tag","embeddable":true,"href":"https:\/\/baldumarket.lt\/lt\/wp-json\/wp\/v2\/product_tag?post=332293"}],"curies":[{"name":"wp","href":"https:\/\/api.w.org\/{rel}","templated":true}]}}