{"id":332275,"date":"2026-02-24T01:43:20","date_gmt":"2026-02-23T22:43:20","guid":{"rendered":"https:\/\/baldumarket.lt\/?post_type=product&#038;p=332275"},"modified":"2026-04-14T16:35:10","modified_gmt":"2026-04-14T13:35:10","slug":"tristan-antresole-su-dviaukste-lova-ir-spinta-bei-rasomuoju-stalu-90x200-cm","status":"publish","type":"product","link":"https:\/\/baldumarket.lt\/lt\/product\/tristan-antresole-su-dviaukste-lova-ir-spinta-bei-rasomuoju-stalu-90x200-cm\/","title":{"rendered":"TRISTAN antresol\u0117 su dviauk\u0161te lova ir spinta bei ra\u0161omuoju stalu 90\u00d7200 cm"},"content":{"rendered":"<p>Dviauk\u0161t\u0117 lova \u201eTristan\u201c su spinta ir ra\u0161omuoju stalu yra moderni lova, skirta vaikams ir paaugliams.<br \/>\n\u0160is visi\u0161kai naujas, futuristinis lovos dizainas sujungia storus medinius elementus su baldine lenta. Nepaisant ne\u012fprastos konstrukcijos, lova yra labai stabili.<br \/>\nPo lova esanti erdv\u0117 leid\u017eia pastatyti stal\u0105 ir drabu\u017ei\u0173 spint\u0105.<br \/>\nTvirt\u0173 pu\u0161ies bald\u0173 privalumai \u2013 lengvumas, ilgaam\u017ei\u0161kumas ir elegancija. Pageidaujant, pu\u0161inius baldus galima beicuoti \u012fvairi\u0173 spalv\u0173 medienos beicais ir padengti ekologi\u0161kais lakais. Vandens pagrindo beicai ir akriliniai lakai yra nekenksmingi vartotojui, puikiai apsaugo nuo per didelio trinties ir ilgai i\u0161laiko nat\u016brali\u0105 spalv\u0105.<br \/>\nDviauk\u0161t\u0117 lova gali b\u016bti gaminama i\u0161 \u012fvairi\u0173 beic\u0173, akrilini\u0173 ir skaidri\u0173 lak\u0173, kurie visi, kaip min\u0117ta, yra ekologi\u0161ki ir saug\u016bs. Jaunimo lova \u201eTristan\u201c pasi\u017eymi moderniu dizainu ir savyb\u0117mis:<br \/>\nKop\u0117\u010dios, laipteliai ir daiktad\u0117\u017e\u0117s \u2013 \u012fskai\u010diuotos<br \/>\nLovos tur\u0117klas lovos vir\u0161ui apsaugoti (\u012fskai\u010diuotas)<br \/>\nNuotraukoje matomas drabu\u017ei\u0173 spinta ir ra\u0161omasis stalas \u2013 \u012fskai\u010diuoti<br \/>\n1 itin kietas 8 cm putplas\u010dio \u010diu\u017einys su nuimamu medvilniniu u\u017evalkalu ir u\u017etrauktuku \u2013 galima rinktis i\u0161 \u012fvairi\u0173 variant\u0173<br \/>\nMiegamoji erdv\u0117: 90 \u00d7 200 cm<br \/>\nGroteli\u0173 r\u0117mas \u2013 r\u0117mo groteles reikia prisukti prie lovos \u0161ono \u2013 paskutin\u0117je nuotraukoje parodytas kitas modelis \u2013 pridedama<br \/>\nGalima u\u017esisakyti dviej\u0173 spalv\u0173 \u2013 paskirstymas parodytas nuotraukoje<br \/>\nSpintos vidus padalintas \u012f du skyrius. Kair\u0117 pus\u0117 padalinta \u012f keturis skyrius, o de\u0161in\u0117je pus\u0117je yra pakaba daiktams pakabinti.<br \/>\nDurys yra varstomos ir be ranken\u0117li\u0173. Jos turi spragtel\u0117jimo mechanizm\u0105, tai rei\u0161kia, kad paspaudus vir\u0161utin\u012f dur\u0173 kamp\u0105, durys \u0161iek tiek atsidarys. Nor\u0117dami u\u017edaryti, spauskite duris, kol pasigirs spragtel\u0117jimas.<br \/>\nMatmenys:<br \/>\nI\u0161oriniai lovos matmenys (ilgis\/plotis\/auk\u0161tis): 261 x 125 x 196 cm<br \/>\n\u010ciu\u017einio matmenys: 200x90x8cm<br \/>\nVir\u0161utinis kra\u0161tas yra 170 cm auk\u0161tyje<br \/>\nLovos r\u0117mas pagamintas i\u0161 pu\u0161ies medienos su baltu akrilo pavir\u0161iumi, o triufeli\u0173 spalvos plok\u0161t\u0117s elementai (taip pat galimi ir kit\u0173 spalv\u0173) padengti ABS briaunomis. Sertifikuota Poznan\u0117s Medienos technologij\u0173 instituto.<br \/>\nM\u016bs\u0173 pu\u0161in\u0117s konstrukcijos buvo grie\u017etai patikrintos d\u0117l patvarumo ir saugumo. 2008 m. jos gavo sertifikatus, patvirtinan\u010dius atitikt\u012f PN-EN747-1:2007 ir PN-EN747-2:2007 standart\u0173 reikalavimams, kuriuos i\u0161dav\u0117 Poznan\u0117s Medienos technologij\u0173 institutas. Be to, 2016 m. visas dviauk\u0161tes lovas i\u0161 naujo pateik\u0117me grie\u017etiems bandymams, kad jos atitikt\u0173 nauj\u0173j\u0173 PN-EN747-1+A1:2015 ir PN-EN747-2+A1:2015 standart\u0173 reikalavimus. Nauji sertifikatai buvo i\u0161duoti neribotam laikui, dar kart\u0105 patvirtinant saugi\u0105 vis\u0173 m\u016bs\u0173 dviauk\u0161ti\u0173 lov\u0173 konstrukcij\u0105.<br \/>\nNorite sutaupyti vietos vaiko kambaryje? Per\u017ei\u016br\u0117kite m\u016bs\u0173 dviauk\u0161tes lovas su ra\u0161omuoju stalu! \u0160is miegojimo ir mokymosi erdv\u0117s derinys yra puikus sprendimas ma\u017eoms erdv\u0117ms. Jos sukuria daugiafunkc\u012f kambar\u012f neaukojant stiliaus ar komforto. M\u016bs\u0173 dviauk\u0161t\u0117 lova su ra\u0161omuoju stalu yra puikus sprendimas t\u0117vams, norintiems optimizuoti erdv\u0119 vaiko kambaryje. \u0160i bald\u0173 kolekcija buvo kruop\u0161\u010diai atrinkta, kad patenkint\u0173 reikliausi\u0173 klient\u0173 l\u016bkes\u010dius. Mes teikiame pirmenyb\u0119 tvirtai konstrukcijai, naudojimo paprastumui ir patraukliam dizainui. Mes garantuojame, kad m\u016bs\u0173 dviauk\u0161t\u0117s lovos su ra\u0161omuoju stalu yra ne tik patvarios, bet ir esteti\u0161kai patrauklios, tod\u0117l tai puikus sprendimas, kuris atlaikys laiko i\u0161bandym\u0105.<br \/>\nKvie\u010diame per\u017ei\u016br\u0117ti m\u016bs\u0173 plat\u0173 asortiment\u0105 ir pasinaudoti m\u016bs\u0173 paslaugomis. Esame \u012fsitikin\u0119, kad rasite baldus, kurie atitiks j\u016bs\u0173 l\u016bkes\u010dius, nesvarbu, ar ie\u0161kote dviauk\u0161t\u0117s lovos su ra\u0161omuoju stalu, ar bet kokio kito tipo bald\u0173. J\u016bs\u0173 patogumas ir pasitenkinimas yra m\u016bs\u0173 svarbiausi prioritetai. Su mumis j\u016bs\u0173 svajon\u0117s apie tobul\u0105 interjer\u0105 tampa realybe!<\/p>","protected":false},"excerpt":{"rendered":"<p>Plotis [cm] 261<br \/>\n\u016agis [cm] 196<br \/>\nGylis [cm] 125<br \/>\nVir\u0161utinio \u010diu\u017einio auk\u0161tis [cm] 170<br \/>\nPro\u0161vaisa [cm] 150<\/p>","protected":false},"featured_media":193294,"comment_status":"open","ping_status":"closed","template":"","meta":[],"product_brand":[],"product_cat":[9789,505,1968,4775],"product_tag":[],"class_list":{"0":"post-332275","1":"product","2":"type-product","3":"status-publish","4":"has-post-thumbnail","6":"product_cat-bunk-beds-90x200-120x200-pvc-meblobed","7":"product_cat-bedroom-beds","8":"product_cat-beds-90x200","9":"product_cat-meblobed","11":"first","12":"instock","13":"shipping-taxable","14":"purchasable","15":"product-type-variable","16":"wvs-archive-product-wrapper"},"_links":{"self":[{"href":"https:\/\/baldumarket.lt\/lt\/wp-json\/wp\/v2\/product\/332275","targetHints":{"allow":["GET"]}}],"collection":[{"href":"https:\/\/baldumarket.lt\/lt\/wp-json\/wp\/v2\/product"}],"about":[{"href":"https:\/\/baldumarket.lt\/lt\/wp-json\/wp\/v2\/types\/product"}],"replies":[{"embeddable":true,"href":"https:\/\/baldumarket.lt\/lt\/wp-json\/wp\/v2\/comments?post=332275"}],"wp:featuredmedia":[{"embeddable":true,"href":"https:\/\/baldumarket.lt\/lt\/wp-json\/wp\/v2\/media\/193294"}],"wp:attachment":[{"href":"https:\/\/baldumarket.lt\/lt\/wp-json\/wp\/v2\/media?parent=332275"}],"wp:term":[{"taxonomy":"product_brand","embeddable":true,"href":"https:\/\/baldumarket.lt\/lt\/wp-json\/wp\/v2\/product_brand?post=332275"},{"taxonomy":"product_cat","embeddable":true,"href":"https:\/\/baldumarket.lt\/lt\/wp-json\/wp\/v2\/product_cat?post=332275"},{"taxonomy":"product_tag","embeddable":true,"href":"https:\/\/baldumarket.lt\/lt\/wp-json\/wp\/v2\/product_tag?post=332275"}],"curies":[{"name":"wp","href":"https:\/\/api.w.org\/{rel}","templated":true}]}}