{"id":332251,"date":"2026-02-24T01:40:48","date_gmt":"2026-02-23T22:40:48","guid":{"rendered":"https:\/\/baldumarket.lt\/?post_type=product&#038;p=332251"},"modified":"2026-04-14T16:35:21","modified_gmt":"2026-04-14T13:35:21","slug":"tomasz-ii-jaunimo-isskleidziama-lova-2-asmenims-90x200-cm","status":"publish","type":"product","link":"https:\/\/baldumarket.lt\/lt\/product\/tomasz-ii-jaunimo-isskleidziama-lova-2-asmenims-90x200-cm\/","title":{"rendered":"TOMASZ II jaunimo i\u0161skleid\u017eiama lova 2 asmenims 90\u00d7200 cm"},"content":{"rendered":"<p>\u017dema dviauk\u0161t\u0117 lova gali b\u016bti apdailinta \u012fvairiais da\u017eais, akriliniais da\u017eais ir skaidriais lakais, kurie, kaip min\u0117ta anks\u010diau, yra ekologi\u0161ki ir saug\u016bs.<\/p>\n<p>Komfortas ir maksimalus erdv\u0117s i\u0161naudojimas neabejotinai yra reik\u0161mingi privalumai, tod\u0117l verta d\u0117ti visas pastangas j\u0173 saugumui u\u017etikrinti.<\/p>\n<p>I\u0161 pu\u0161ies masyvo pagamint\u0173 bald\u0173 privalumai yra j\u0173 lengvumas, ilgaam\u017ei\u0161kumas ir elegancija. Pageidaujant, pu\u0161iniai baldai gali b\u016bti beicuoti \u012fvairi\u0173 spalv\u0173 medienos beicais ir padengti ekologi\u0161kais lakais. Vandens pagrindo beicai ir akriliniai lakai yra nekenksmingi vartotojui, puikiai apsaugo nuo per didelio trinties ir ilgai i\u0161laiko nat\u016brali\u0105 spalv\u0105. \u017dema dviauk\u0161t\u0117 lova \u201eTomasz II Youth\u201c pasi\u017eymi moderniu dizainu ir savyb\u0117mis:<\/p>\n<p>2 stal\u010diai su ratukais \u2013 \u012ftraukti<\/p>\n<p>2 itin kieti 8 cm putplas\u010dio \u010diu\u017einiai su nuimamu medvilniniu u\u017evalkalu su u\u017etrauktuku \u2013 galima rinktis i\u0161 \u012fvairi\u0173 variant\u0173<\/p>\n<p>2 miegamosios vietos, vir\u0161utin\u0117s \u2013 90 \u00d7 200 cm, o apatin\u0117s \u2013 90 \u00d7 190 cm<\/p>\n<p>2 groteli\u0173 r\u0117mai \u2013 groteli\u0173 r\u0117mus reikia prisukti prie lovos \u0161ono \u2013 tai parodyta paskutin\u0117je nuotraukoje naudojant kit\u0105 model\u012f \u2013 \u012ftraukti<\/p>\n<p>Spalv\u0173 pasiskirstymas \u2013 kaip tre\u010dioje nuotraukoje<\/p>\n<p>Karnizo ilgis yra 130 cm, j\u012f galima montuoti de\u0161in\u0117je arba kair\u0117je lovos pus\u0117je. Tai vienintel\u0117 m\u016bs\u0173 lova su lanks\u010diu karnizo montavimu ir universaliai pragr\u0119\u017etomis galv\u016bgaliais \u2013 komplekte.<\/p>\n<p>Nuotraukoje naudojama spalva: pilka\/grafito akrilas<\/p>\n<p>Galimi miegamojo pavir\u0161iaus dyd\u017eiai:<\/p>\n<p>80\/180 cm<\/p>\n<p>80\/200 cm<\/p>\n<p>90\/190 cm<\/p>\n<p>90\/200 cm<\/p>\n<p>Sertifikuota Poznan\u0117s Medienos technologij\u0173 instituto<\/p>\n<p>M\u016bs\u0173 pu\u0161in\u0117s konstrukcijos buvo grie\u017etai patikrintos d\u0117l patvarumo ir saugumo. 2008 m. jos gavo Poznan\u0117s Medienos technologij\u0173 instituto i\u0161duotus sertifikatus, patvirtinan\u010dius atitikt\u012f PN-EN747-1:2007 ir PN-EN747-2:2007 standart\u0173 reikalavimams.<\/p>\n<p>Be to, 2016 m. visas dviauk\u0161tes lovas i\u0161 naujo pateik\u0117me grie\u017etiems bandymams, kad jos atitikt\u0173 nauj\u0173j\u0173 PN-EN747-1+A1:2015 ir PN-EN747-2+A1:2015 standart\u0173 reikalavimus. Nauji sertifikatai buvo i\u0161duoti neribotam laikui, dar kart\u0105 patvirtinant saugi\u0105 vis\u0173 m\u016bs\u0173 dviauk\u0161ti\u0173 lov\u0173 konstrukcij\u0105.<\/p>","protected":false},"excerpt":{"rendered":"<p>Plotis [cm] 205<\/p>\n<p>\u016agis [cm] 80<\/p>\n<p>gylis [cm] 97<\/p>\n<p>Vir\u0161utinio \u010diu\u017einio auk\u0161tis [cm] 52<\/p>\n<p>Apatinio \u010diu\u017einio auk\u0161tis [cm] 37<\/p>","protected":false},"featured_media":330823,"comment_status":"open","ping_status":"closed","template":"","meta":[],"product_brand":[],"product_cat":[9770,505,1968,4775],"product_tag":[],"class_list":{"0":"post-332251","1":"product","2":"type-product","3":"status-publish","4":"has-post-thumbnail","6":"product_cat-bunk-beds-low-meblobed","7":"product_cat-bedroom-beds","8":"product_cat-beds-90x200","9":"product_cat-meblobed","11":"first","12":"instock","13":"shipping-taxable","14":"purchasable","15":"product-type-variable","16":"wvs-archive-product-wrapper"},"_links":{"self":[{"href":"https:\/\/baldumarket.lt\/lt\/wp-json\/wp\/v2\/product\/332251","targetHints":{"allow":["GET"]}}],"collection":[{"href":"https:\/\/baldumarket.lt\/lt\/wp-json\/wp\/v2\/product"}],"about":[{"href":"https:\/\/baldumarket.lt\/lt\/wp-json\/wp\/v2\/types\/product"}],"replies":[{"embeddable":true,"href":"https:\/\/baldumarket.lt\/lt\/wp-json\/wp\/v2\/comments?post=332251"}],"wp:featuredmedia":[{"embeddable":true,"href":"https:\/\/baldumarket.lt\/lt\/wp-json\/wp\/v2\/media\/330823"}],"wp:attachment":[{"href":"https:\/\/baldumarket.lt\/lt\/wp-json\/wp\/v2\/media?parent=332251"}],"wp:term":[{"taxonomy":"product_brand","embeddable":true,"href":"https:\/\/baldumarket.lt\/lt\/wp-json\/wp\/v2\/product_brand?post=332251"},{"taxonomy":"product_cat","embeddable":true,"href":"https:\/\/baldumarket.lt\/lt\/wp-json\/wp\/v2\/product_cat?post=332251"},{"taxonomy":"product_tag","embeddable":true,"href":"https:\/\/baldumarket.lt\/lt\/wp-json\/wp\/v2\/product_tag?post=332251"}],"curies":[{"name":"wp","href":"https:\/\/api.w.org\/{rel}","templated":true}]}}