{"id":332215,"date":"2026-02-24T01:37:30","date_gmt":"2026-02-23T22:37:30","guid":{"rendered":"https:\/\/baldumarket.lt\/?post_type=product&#038;p=332215"},"modified":"2026-04-14T16:35:21","modified_gmt":"2026-04-14T13:35:21","slug":"tomar-i-lova-su-daiktadeze-ir-minkstu-ciuziniu-90x200-cm","status":"publish","type":"product","link":"https:\/\/baldumarket.lt\/lt\/product\/tomar-i-lova-su-daiktadeze-ir-minkstu-ciuziniu-90x200-cm\/","title":{"rendered":"TOMAR I lova su daiktad\u0117\u017ee ir mink\u0161tu \u010diu\u017einiu 90\u00d7200 cm"},"content":{"rendered":"<p>\u201eTomar 1\u201c mink\u0161ta lova yra moderni lova, skirta paaugliams ir suaugusiesiems (renkantis \u201eBonnell\u201c spyruoklin\u012f \u010diu\u017ein\u012f).<br \/>\nModernus lovos dizainas ir paprastumas leid\u017eia jai der\u0117ti prie bet kokio interjero. \u201eTomar\u201c lovos specifikacijos:<br \/>\nLova, kurios miegamoji erdv\u0117 90 \u00d7 200 cm<br \/>\nPagaminta i\u0161 laminuotos plok\u0161t\u0117s<br \/>\nPilnai apmu\u0161ta lova \u2013 6 spalv\u0173 pasirinkimas \u2013 \u017er. skirtuk\u0105 \u201cPasirinkti spalv\u0105\u201d<br \/>\n\u012e kain\u0105 \u012fskai\u010diuotas 14 cm auk\u0161\u010dio put\u0173 \u010diu\u017einys<br \/>\nU\u017e papildom\u0105 mokest\u012f galima \u012fsigyti pasirinktinai \u201eBonnell\u201c spyruoklin\u012f \u010diu\u017ein\u012f.<br \/>\nLova turi patalyn\u0117s d\u0117\u017e\u0119<br \/>\nPatalyn\u0117s d\u0117\u017e\u0117 su spyruokl\u0117mis yra patogi ir lengva atidaryti.<br \/>\nNurodykite lovos angos pus\u0119 \u2013 1 ar 2 variantas<br \/>\nDygsniavimas: Sta\u010diakampis<br \/>\nI\u0161oriniai lovos matmenys (ilgis\/plotis\/auk\u0161tis) \u2013 205x95x95 cm<br \/>\nMiegamosios dalies matmenys \u2013 200 \u00d7 90 cm<br \/>\nMiegamosios dalies auk\u0161tis \u2013 45 cm<br \/>\nPatalyn\u0117s laikymo d\u0117\u017e\u0117s med\u017eiaga \u2013 16 mm laminuota plok\u0161t\u0117 + mediena<br \/>\nAtlo\u0161o med\u017eiaga \u2013 16 mm laminuota plok\u0161t\u0117 + putplastis T21<br \/>\n\u010ciu\u017einio med\u017eiaga \u2013 pasirinkite i\u0161: T21 putplas\u010dio blok\u0173 \u010diu\u017einio arba T21 Bonnell spyruoklinio \u010diu\u017einio + putplas\u010dio<br \/>\nLovos kojeli\u0173 med\u017eiaga \u2013 plastikas<br \/>\nPastaba: gamintojas pasilieka teis\u0119 keisti bald\u0173 dizain\u0105 nekeisdamas bendro j\u0173 charakterio. Spalvos nuotraukose gali skirtis nuo tikr\u0173j\u0173 spalv\u0173. Visi matmenys nurodyti cm su +\/- 2 cm paklaida.<\/p>","protected":false},"excerpt":{"rendered":"<p>Plotis [cm] 205<br \/>\n\u016agis [cm] 95<br \/>\ngylis [cm] 95<\/p>","protected":false},"featured_media":193415,"comment_status":"open","ping_status":"closed","template":"","meta":[],"product_brand":[],"product_cat":[9790,505,1968,4775],"product_tag":[],"class_list":{"0":"post-332215","1":"product","2":"type-product","3":"status-publish","4":"has-post-thumbnail","6":"product_cat-upholstered-beds-meblobed","7":"product_cat-bedroom-beds","8":"product_cat-beds-90x200","9":"product_cat-meblobed","11":"first","12":"instock","13":"shipping-taxable","14":"purchasable","15":"product-type-variable","16":"wvs-archive-product-wrapper"},"_links":{"self":[{"href":"https:\/\/baldumarket.lt\/lt\/wp-json\/wp\/v2\/product\/332215","targetHints":{"allow":["GET"]}}],"collection":[{"href":"https:\/\/baldumarket.lt\/lt\/wp-json\/wp\/v2\/product"}],"about":[{"href":"https:\/\/baldumarket.lt\/lt\/wp-json\/wp\/v2\/types\/product"}],"replies":[{"embeddable":true,"href":"https:\/\/baldumarket.lt\/lt\/wp-json\/wp\/v2\/comments?post=332215"}],"wp:featuredmedia":[{"embeddable":true,"href":"https:\/\/baldumarket.lt\/lt\/wp-json\/wp\/v2\/media\/193415"}],"wp:attachment":[{"href":"https:\/\/baldumarket.lt\/lt\/wp-json\/wp\/v2\/media?parent=332215"}],"wp:term":[{"taxonomy":"product_brand","embeddable":true,"href":"https:\/\/baldumarket.lt\/lt\/wp-json\/wp\/v2\/product_brand?post=332215"},{"taxonomy":"product_cat","embeddable":true,"href":"https:\/\/baldumarket.lt\/lt\/wp-json\/wp\/v2\/product_cat?post=332215"},{"taxonomy":"product_tag","embeddable":true,"href":"https:\/\/baldumarket.lt\/lt\/wp-json\/wp\/v2\/product_tag?post=332215"}],"curies":[{"name":"wp","href":"https:\/\/api.w.org\/{rel}","templated":true}]}}