{"id":332167,"date":"2026-02-24T01:32:49","date_gmt":"2026-02-23T22:32:49","guid":{"rendered":"https:\/\/baldumarket.lt\/?post_type=product&#038;p=332167"},"modified":"2026-04-14T16:35:21","modified_gmt":"2026-04-14T13:35:21","slug":"segan-triviete-dviaukste-lova-su-lentynomis-90x200-cm","status":"publish","type":"product","link":"https:\/\/baldumarket.lt\/lt\/product\/segan-triviete-dviaukste-lova-su-lentynomis-90x200-cm\/","title":{"rendered":"SEGAN triviet\u0117 dviauk\u0161t\u0117 lova su lentynomis 90\u00d7200 cm"},"content":{"rendered":"<p>Sagan dviauk\u0161t\u0117 lova \u2013 specifikacijos:<br \/>\nLovos gale pritvirtinta prakti\u0161ka lentyna.<br \/>\nLovos laipteliuose \u012frengtos u\u017erakinamos lentynos, tod\u0117l laiptai gali b\u016bti naudojami kaip lentyna.<br \/>\nLova yra baltos spalvos (standartin\u0117 spalva \u2013 keisti negalima) su m\u0117lynos, \u017ealios, ro\u017ein\u0117s, oran\u017ein\u0117s, grafito arba baltos spalvos pasirinkimu.<br \/>\n\u201eSagan\u201c jaunimo dviauk\u0161t\u0117 lova yra modernaus dizaino gaminys. J\u0105 sudaro:<br \/>\nPatalyn\u0117s stal\u010dius \u2013 \u012fskai\u010diuotas \u012f kain\u0105.<br \/>\nU\u017e papildom\u0105 mokest\u012f galima rinktis du \u010diu\u017einius: 200\/90\/8 mm putplas\u010dio vir\u0161utin\u012f \u010diu\u017ein\u012f su nedygsniuotu medvilniniu u\u017evalkalu ir 200\/120\/15 mm dvipus\u012f \u201eAlba\u201c spyruoklin\u012f \u010diu\u017ein\u012f su dygsniuotu megztu u\u017evalkalu.<br \/>\nDu groteli\u0173 r\u0117mai \u2013 groteli\u0173 r\u0117mus reikia prisukti prie lovos \u0161ono \u2013 tai parodyta paskutin\u0117je nuotraukoje naudojant kit\u0105 model\u012f \u2013 \u012fskai\u010diuota \u012f kain\u0105.<br \/>\nLova pagaminta i\u0161 22 mm storio laminuotos 100% plok\u0161t\u0117s, klijuotos kra\u0161tais su ABS apvadais.<br \/>\nLaiptus galima pastatyti de\u0161in\u0117je arba kair\u0117je pus\u0117je, juos taip pat galima naudoti kaip lentyn\u0105.<br \/>\nKit\u0173 spalv\u0173 n\u0117ra.<\/p>","protected":false},"excerpt":{"rendered":"<p>Plotis [cm] Bendras 262 cm \/ Lova 208<br \/>\n\u016agis [cm] 145<br \/>\nGylis [cm] 130<br \/>\nVir\u0161utinio \u010diu\u017einio auk\u0161tis [cm] 129<br \/>\nApatinio \u010diu\u017einio auk\u0161tis [cm] 40<\/p>","protected":false},"featured_media":332388,"comment_status":"open","ping_status":"closed","template":"","meta":[],"product_brand":[],"product_cat":[9789,505,1968,4775],"product_tag":[],"class_list":{"0":"post-332167","1":"product","2":"type-product","3":"status-publish","4":"has-post-thumbnail","6":"product_cat-bunk-beds-90x200-120x200-pvc-meblobed","7":"product_cat-bedroom-beds","8":"product_cat-beds-90x200","9":"product_cat-meblobed","11":"first","12":"instock","13":"shipping-taxable","14":"purchasable","15":"product-type-variable","16":"wvs-archive-product-wrapper"},"_links":{"self":[{"href":"https:\/\/baldumarket.lt\/lt\/wp-json\/wp\/v2\/product\/332167","targetHints":{"allow":["GET"]}}],"collection":[{"href":"https:\/\/baldumarket.lt\/lt\/wp-json\/wp\/v2\/product"}],"about":[{"href":"https:\/\/baldumarket.lt\/lt\/wp-json\/wp\/v2\/types\/product"}],"replies":[{"embeddable":true,"href":"https:\/\/baldumarket.lt\/lt\/wp-json\/wp\/v2\/comments?post=332167"}],"wp:featuredmedia":[{"embeddable":true,"href":"https:\/\/baldumarket.lt\/lt\/wp-json\/wp\/v2\/media\/332388"}],"wp:attachment":[{"href":"https:\/\/baldumarket.lt\/lt\/wp-json\/wp\/v2\/media?parent=332167"}],"wp:term":[{"taxonomy":"product_brand","embeddable":true,"href":"https:\/\/baldumarket.lt\/lt\/wp-json\/wp\/v2\/product_brand?post=332167"},{"taxonomy":"product_cat","embeddable":true,"href":"https:\/\/baldumarket.lt\/lt\/wp-json\/wp\/v2\/product_cat?post=332167"},{"taxonomy":"product_tag","embeddable":true,"href":"https:\/\/baldumarket.lt\/lt\/wp-json\/wp\/v2\/product_tag?post=332167"}],"curies":[{"name":"wp","href":"https:\/\/api.w.org\/{rel}","templated":true}]}}