{"id":332152,"date":"2026-02-24T01:31:26","date_gmt":"2026-02-23T22:31:26","guid":{"rendered":"https:\/\/baldumarket.lt\/?post_type=product&#038;p=332152"},"modified":"2026-02-25T19:32:34","modified_gmt":"2026-02-25T16:32:34","slug":"savana-antresole-dviaukste-lova-su-kopeciomis-90x190-cm","status":"publish","type":"product","link":"https:\/\/baldumarket.lt\/lt\/product\/savana-antresole-dviaukste-lova-su-kopeciomis-90x190-cm\/","title":{"rendered":"SAVANA antresol\u0117 dviauk\u0161t\u0117 lova su kop\u0117\u010diomis 90&#215;190 cm"},"content":{"rendered":"<p>\u201eSavana\u201c pal\u0117p\u0117s lova su kop\u0117\u010diomis yra moderni lova, skirta vaikams ir paaugliams.<br \/>\nVisi\u0161kai naujas, futuristinis lovos dizainas. Jame derinami stori mediniai elementai su baldine lenta. Nepaisant ne\u012fprastos konstrukcijos, lova yra labai stabili.<br \/>\nPo lova esanti erdv\u0117 leid\u017eia pasid\u0117ti stal\u0105 arba laisvai \u017eaisti.<br \/>\nTvirt\u0173 pu\u0161ies bald\u0173 privalumai \u2013 lengvumas, ilgaam\u017ei\u0161kumas ir elegancija. Pageidaujant, pu\u0161inius baldus galima beicuoti \u012fvairi\u0173 spalv\u0173 medienos beicais ir padengti ekologi\u0161kais lakais. Vandens pagrindo beicai ir akriliniai lakai yra nekenksmingi vartotojui, puikiai apsaugo nuo per didelio trinties ir ilgai i\u0161laiko nat\u016brali\u0105 spalv\u0105.<br \/>\nDviauk\u0161t\u0117 lova gali b\u016bti gaminama i\u0161 \u012fvairi\u0173 spalv\u0173 beic\u0173, akrilini\u0173 ir skaidri\u0173 lak\u0173, kurie, kaip min\u0117ta, yra ekologi\u0161ki ir saug\u016bs. \u201eSanah\u201c jaunimo lova \u2013 tai modernaus dizaino gaminys, pasi\u017eymintis \u0161iomis specifikacijomis:<br \/>\nKop\u0117\u010dios \u2013 \u012fskai\u010diuotos \u012f kain\u0105<br \/>\n1 itin kietas 8 cm putplas\u010dio \u010diu\u017einys su nuimamu medvilniniu u\u017evalkalu ir u\u017etrauktuku \u2013 galima rinktis i\u0161 \u012fvairi\u0173 variant\u0173<br \/>\nMiegamoji erdv\u0117: 80 \u00d7 180 cm<br \/>\nGroteli\u0173 r\u0117mas \u2013 r\u0117mo groteles reikia prisukti prie lovos \u0161ono \u2013 tai parodyta paskutin\u0117je nuotraukoje naudojant kit\u0105 model\u012f \u2013 \u012fskai\u010diuota \u012f kain\u0105<br \/>\nGalima u\u017esisakyti dviej\u0173 spalv\u0173 \u2013 paskirstymas parodytas nuotraukoje<br \/>\nMatmenys:<br \/>\nI\u0161oriniai lovos matmenys (ilgis\/plotis\/auk\u0161tis): 198x98x149 cm<br \/>\n\u010ciu\u017einio matmenys: 190x90x8cm<br \/>\nLovos vir\u0161utinis kra\u0161tas yra 121 cm auk\u0161tyje<br \/>\nPro\u0161vaisa po lova: 111 cm<br \/>\nLovos r\u0117mas pagamintas i\u0161 pu\u0161ies medienos su baltu akrilo apdaila, o antracito spalvos plok\u0161t\u0117s elementai (taip pat galimi ir kit\u0173 spalv\u0173) yra faneruoti ABS apvadais.<br \/>\nGalimi miegamojo pavir\u0161iaus dyd\u017eiai:<br \/>\n80\/180 cm<br \/>\n80\/200 cm<br \/>\n90\/190 cm<br \/>\n90\/200 cm<br \/>\nSertifikuota Poznan\u0117s Medienos technologij\u0173 instituto<br \/>\nM\u016bs\u0173 pu\u0161in\u0117s konstrukcijos buvo kruop\u0161\u010diai i\u0161bandytos d\u0117l patvarumo ir saugumo. 2008 m. jos gavo Poznan\u0117s Medienos technologij\u0173 instituto i\u0161duotus sertifikatus, patvirtinan\u010dius atitikt\u012f PN-EN747-1:2007 ir PN-EN747-2:2007 standart\u0173 reikalavimams.<br \/>\nBe to, 2016 m. visas dviauk\u0161tes lovas i\u0161 naujo pateik\u0117me grie\u017etiems bandymams, kad jos atitikt\u0173 nauj\u0173j\u0173 PN-EN747-1+A1:2015 ir PN-EN747-2+A1:2015 standart\u0173 reikalavimus. Buvo i\u0161duoti nauji sertifikatai neribotam laikui, dar kart\u0105 patvirtinantys saugi\u0105 vis\u0173 m\u016bs\u0173 dviauk\u0161ti\u0173 lov\u0173 konstrukcij\u0105.<\/p>","protected":false},"excerpt":{"rendered":"<p>Plotis [cm] 198<br \/>\n\u016agis [cm] 149<br \/>\ngylis [cm] 98<br \/>\nVir\u0161utinio \u010diu\u017einio auk\u0161tis [cm] 121<br \/>\npro\u0161vaisa [cm] 111<\/p>","protected":false},"featured_media":193275,"comment_status":"open","ping_status":"closed","template":"","meta":[],"product_brand":[],"product_cat":[9784,505,4775],"product_tag":[],"class_list":{"0":"post-332152","1":"product","2":"type-product","3":"status-publish","4":"has-post-thumbnail","6":"product_cat-ground-floor-beds-pine-wood-tiled-meblobed","7":"product_cat-bedroom-beds","8":"product_cat-meblobed","10":"first","11":"instock","12":"shipping-taxable","13":"purchasable","14":"product-type-variable","15":"wvs-archive-product-wrapper"},"_links":{"self":[{"href":"https:\/\/baldumarket.lt\/lt\/wp-json\/wp\/v2\/product\/332152","targetHints":{"allow":["GET"]}}],"collection":[{"href":"https:\/\/baldumarket.lt\/lt\/wp-json\/wp\/v2\/product"}],"about":[{"href":"https:\/\/baldumarket.lt\/lt\/wp-json\/wp\/v2\/types\/product"}],"replies":[{"embeddable":true,"href":"https:\/\/baldumarket.lt\/lt\/wp-json\/wp\/v2\/comments?post=332152"}],"wp:featuredmedia":[{"embeddable":true,"href":"https:\/\/baldumarket.lt\/lt\/wp-json\/wp\/v2\/media\/193275"}],"wp:attachment":[{"href":"https:\/\/baldumarket.lt\/lt\/wp-json\/wp\/v2\/media?parent=332152"}],"wp:term":[{"taxonomy":"product_brand","embeddable":true,"href":"https:\/\/baldumarket.lt\/lt\/wp-json\/wp\/v2\/product_brand?post=332152"},{"taxonomy":"product_cat","embeddable":true,"href":"https:\/\/baldumarket.lt\/lt\/wp-json\/wp\/v2\/product_cat?post=332152"},{"taxonomy":"product_tag","embeddable":true,"href":"https:\/\/baldumarket.lt\/lt\/wp-json\/wp\/v2\/product_tag?post=332152"}],"curies":[{"name":"wp","href":"https:\/\/api.w.org\/{rel}","templated":true}]}}