{"id":332119,"date":"2026-02-24T01:28:18","date_gmt":"2026-02-23T22:28:18","guid":{"rendered":"https:\/\/baldumarket.lt\/?post_type=product&#038;p=332119"},"modified":"2026-04-14T16:35:30","modified_gmt":"2026-04-14T13:35:30","slug":"roma-jaunimo-lova-90x200-cm","status":"publish","type":"product","link":"https:\/\/baldumarket.lt\/lt\/product\/roma-jaunimo-lova-90x200-cm\/","title":{"rendered":"ROMA jaunimo lova 90&#215;200 cm"},"content":{"rendered":"<p>ROMA jaunimo lova su auk\u0161tu galv\u016bgaliu pagaminta i\u0161 pu\u0161ies medienos, kuri kruop\u0161\u010diai testuojama d\u0117l patvarumo ir saugumo.<br \/>\nJ\u0105 sertifikavo Poznan\u0117s Medienos technologij\u0173 institutas pagal PN-EN 747-1:2007 ir PN-EN747-2:2007 standart\u0173 reikalavimus. Be to, visos lovos yra padengtos ekologi\u0161kais lakais, kurie yra saug\u016bs tiek vaikams, tiek suaugusiesiems.<br \/>\nProjektuojant lov\u0105 buvo atsi\u017evelgta ne tik \u012f jos saugum\u0105, bet ir \u012f funkcionalum\u0105 bei estetik\u0105. Pu\u0161is yra ideali med\u017eiaga, atitinkanti visus \u0161iuos reikalavimus.<br \/>\n\u201eROMA\u201c jaunimo lova yra \u012fvairi\u0173 spalv\u0173 \u2013 beic\u0173, akrilini\u0173 ir skaidri\u0173 lak\u0173, kurie, kaip min\u0117ta anks\u010diau, yra ekologi\u0161ki ir saug\u016bs.<br \/>\nLovos ypatyb\u0117s:<br \/>\n8 cm storio, itin kietas putplas\u010dio \u010diu\u017einys su nuimamu, u\u017etrauktuku u\u017esegamu medvilniniu u\u017evalkalu \u2013 galima rinktis i\u0161 \u012fvairi\u0173 variant\u0173<br \/>\nGroteli\u0173 r\u0117mas \u2013 r\u0117mo groteles reikia prisukti prie lovos \u0161ono \u2013 tai parodyta paskutin\u0117je nuotraukoje naudojant kit\u0105 model\u012f \u2013 \u012fskai\u010diuota \u012f kain\u0105<br \/>\nDu stal\u010diai patalynei, i\u0161traukiami ant ratuk\u0173 \u2013 \u012fskai\u010diuota \u012f kain\u0105<br \/>\nMiegamoji erdv\u0117: 90 x 200 cm<br \/>\nKlasikin\u0117 forma<br \/>\nNuotraukoje naudojama spalva: baltas akrilas<br \/>\nGalimi miegamosios dalies dyd\u017eiai:<br \/>\n80\/180 cm<br \/>\n80\/200 cm<br \/>\n90\/190 cm<br \/>\n90\/200 cm<br \/>\nSertifikuota Poznan\u0117s Medienos technologijos instituto<br \/>\nM\u016bs\u0173 pu\u0161in\u0117s konstrukcijos buvo grie\u017etai i\u0161bandytos d\u0117l patvarumo ir saugumo. 2008 m. jos gavo sertifikatus, patvirtinan\u010dius atitikt\u012f PN-EN747-1:2007 ir PN-EN747-2:2007 standart\u0173 reikalavimams, kuriuos i\u0161dav\u0117 Poznan\u0117s Medienos technologij\u0173 institutas. Be to, 2016 m. visas dviauk\u0161tes lovas i\u0161 naujo pateik\u0117me grie\u017etiems bandymams, kad jos atitikt\u0173 nauj\u0173j\u0173 PN-EN747-1+A1:2015 ir PN-EN747-2+A1:2015 standart\u0173 reikalavimus. Nauji sertifikatai buvo i\u0161duoti neribotam laikui, dar kart\u0105 patvirtinant saugi\u0105 vis\u0173 m\u016bs\u0173 dviauk\u0161ti\u0173 lov\u0173 konstrukcij\u0105.<\/p>","protected":false},"excerpt":{"rendered":"<p>Plotis [cm] 208<br \/>\n\u016agis [cm] 67<br \/>\ngylis [cm] 97<br \/>\nApatinio \u010diu\u017einio auk\u0161tis [cm] 37<\/p>","protected":false},"featured_media":332361,"comment_status":"open","ping_status":"closed","template":"","meta":[],"product_brand":[],"product_cat":[9783,505,1968,4775],"product_tag":[],"class_list":{"0":"post-332119","1":"product","2":"type-product","3":"status-publish","4":"has-post-thumbnail","6":"product_cat-ground-floor-beds-meblobed","7":"product_cat-bedroom-beds","8":"product_cat-beds-90x200","9":"product_cat-meblobed","11":"first","12":"instock","13":"shipping-taxable","14":"purchasable","15":"product-type-variable","16":"wvs-archive-product-wrapper"},"_links":{"self":[{"href":"https:\/\/baldumarket.lt\/lt\/wp-json\/wp\/v2\/product\/332119","targetHints":{"allow":["GET"]}}],"collection":[{"href":"https:\/\/baldumarket.lt\/lt\/wp-json\/wp\/v2\/product"}],"about":[{"href":"https:\/\/baldumarket.lt\/lt\/wp-json\/wp\/v2\/types\/product"}],"replies":[{"embeddable":true,"href":"https:\/\/baldumarket.lt\/lt\/wp-json\/wp\/v2\/comments?post=332119"}],"wp:featuredmedia":[{"embeddable":true,"href":"https:\/\/baldumarket.lt\/lt\/wp-json\/wp\/v2\/media\/332361"}],"wp:attachment":[{"href":"https:\/\/baldumarket.lt\/lt\/wp-json\/wp\/v2\/media?parent=332119"}],"wp:term":[{"taxonomy":"product_brand","embeddable":true,"href":"https:\/\/baldumarket.lt\/lt\/wp-json\/wp\/v2\/product_brand?post=332119"},{"taxonomy":"product_cat","embeddable":true,"href":"https:\/\/baldumarket.lt\/lt\/wp-json\/wp\/v2\/product_cat?post=332119"},{"taxonomy":"product_tag","embeddable":true,"href":"https:\/\/baldumarket.lt\/lt\/wp-json\/wp\/v2\/product_tag?post=332119"}],"curies":[{"name":"wp","href":"https:\/\/api.w.org\/{rel}","templated":true}]}}