{"id":332098,"date":"2026-02-24T01:25:33","date_gmt":"2026-02-23T22:25:33","guid":{"rendered":"https:\/\/baldumarket.lt\/?post_type=product&#038;p=332098"},"modified":"2026-02-27T12:06:43","modified_gmt":"2026-02-27T09:06:43","slug":"roland-triviete-dviaukste-lova-su-stalciais-80x181-cm","status":"publish","type":"product","link":"https:\/\/baldumarket.lt\/lt\/product\/roland-triviete-dviaukste-lova-su-stalciais-80x181-cm\/","title":{"rendered":"ROLAND III triviet\u0117 dviauk\u0161t\u0117 lova su stal\u010diais 80\u00d7181 cm"},"content":{"rendered":"<p>Trij\u0173 asmen\u0173 ROLAND dviauk\u0161t\u0117 lova pagaminta i\u0161 pu\u0161ies medienos, kuri kruop\u0161\u010diai tikrinama d\u0117l patvarumo ir saugos savybi\u0173.<br \/>\nJai suteikti Poznan\u0117s Medienos technologij\u0173 instituto i\u0161duoti sertifikatai, patvirtinantys atitikt\u012f PN-EN 747-1:2007 ir PN-EN747-2:2007 standart\u0173 reikalavimams. Be to, visos lovos yra padengtos ekologi\u0161kais lakais, kurie yra saug\u016bs tiek vaikams, tiek suaugusiesiems.<br \/>\nProjektuodami lov\u0105, daugiausia d\u0117mesio skyr\u0117me ne tik saugumui, bet ir funkcionalumui bei estetikai. Pu\u0161is yra ideali med\u017eiaga, atitinkanti visus \u0161iuos reikalavimus. \u0160ios med\u017eiagos patvarumas yra itin svarbus dirbant su auk\u0161tomis lovomis. \u0160ios konstrukcijos gali b\u016bti pavojingos, tod\u0117l naudojamos med\u017eiagos kokyb\u0117 yra labai svarbi, \u012f kuri\u0105 skiriame ypating\u0105 d\u0117mes\u012f ir atid\u017eiai stebime gamybos proces\u0105 kiekviename etape.<br \/>\nKomfortas ir maksimalus erdv\u0117s i\u0161naudojimas neabejotinai yra reik\u0161mingi privalumai, tod\u0117l verta d\u0117ti visas pastangas, kad b\u016bt\u0173 u\u017etikrintas j\u0173 saugumas. ROLAND triviet\u0117 dviauk\u0161t\u0117 lova si\u016bloma su \u012fvairiais beicais, akrilais ir skaidriais lakais, kurie, kaip min\u0117ta anks\u010diau, yra ekologi\u0161ki ir saug\u016bs.<br \/>\nLovos ypatyb\u0117s:<br \/>\nTrys 8 cm storio, itin kieti putplas\u010dio \u010diu\u017einiai su nuimamu, u\u017etrauktuku u\u017esegamu medvilniniu u\u017evalkalu \u2013 galimi pasirinkimai<br \/>\nTrys groteli\u0173 r\u0117mai \u2013 r\u0117mo groteles reikia prisukti prie lovos \u0161ono \u2013 tai parodyta paskutin\u0117je nuotraukoje naudojant kit\u0105 model\u012f \u2013 \u012fskai\u010diuota \u012f kain\u0105<br \/>\nDviej\u0173 vir\u0161utini\u0173 \u010diu\u017eini\u0173 miegamojo plotas: 80 x 180 cm<br \/>\n\u017demiausio \u010diu\u017einio miegamoji dalis: 80 x 170 cm<br \/>\nDu stal\u010diai patalynei, i\u0161traukiami ant ratuk\u0173 \u2013 \u012fskai\u010diuota \u012f kain\u0105<br \/>\nGalima rinktis i\u0161 dviej\u0173 spalv\u0173 \u2013 i\u0161d\u0117stymas parodytas nuotraukoje<br \/>\nGalimi miegamojo pavir\u0161iaus dyd\u017eiai:<br \/>\n80\/180 cm<br \/>\n80\/200 cm<br \/>\n90\/190 cm<br \/>\n90\/200 cm<br \/>\nSertifikuota Poznan\u0117s Medienos technologij\u0173 instituto<br \/>\nM\u016bs\u0173 pu\u0161in\u0117s konstrukcijos buvo grie\u017etai patikrintos d\u0117l patvarumo ir saugumo. 2008 m. jos gavo Poznan\u0117s Medienos technologij\u0173 instituto i\u0161duotus sertifikatus, patvirtinan\u010dius atitikt\u012f PN-EN747-1:2007 ir PN-EN747-2:2007 standart\u0173 reikalavimams.<br \/>\nBe to, 2016 m. visas dviauk\u0161tes lovas i\u0161 naujo pateik\u0117me grie\u017etiems bandymams, kad jos atitikt\u0173 nauj\u0173j\u0173 PN-EN747-1+A1:2015 ir PN-EN747-2+A1:2015 standart\u0173 reikalavimus. Nauji sertifikatai buvo i\u0161duoti neribotam laikui, dar kart\u0105 patvirtinant saugi\u0105 vis\u0173 m\u016bs\u0173 dviauk\u0161ti\u0173 lov\u0173 konstrukcij\u0105.<\/p>","protected":false},"excerpt":{"rendered":"<p>Plotis [cm] 190<br \/>\n\u016agis [cm] 175<br \/>\nGylis [cm] 87<br \/>\nVir\u0161utinio \u010diu\u017einio auk\u0161tis [cm] 132<br \/>\nVidurinio \u010diu\u017einio auk\u0161tis [cm] 52<br \/>\nApatinio \u010diu\u017einio auk\u0161tis [cm] 37<\/p>","protected":false},"featured_media":192796,"comment_status":"open","ping_status":"closed","template":"","meta":[],"product_brand":[],"product_cat":[9787,505,4775],"product_tag":[],"class_list":{"0":"post-332098","1":"product","2":"type-product","3":"status-publish","4":"has-post-thumbnail","6":"product_cat-bunk-beds-3-persons-meblobed","7":"product_cat-bedroom-beds","8":"product_cat-meblobed","10":"first","11":"instock","12":"shipping-taxable","13":"purchasable","14":"product-type-variable","15":"wvs-archive-product-wrapper"},"_links":{"self":[{"href":"https:\/\/baldumarket.lt\/lt\/wp-json\/wp\/v2\/product\/332098","targetHints":{"allow":["GET"]}}],"collection":[{"href":"https:\/\/baldumarket.lt\/lt\/wp-json\/wp\/v2\/product"}],"about":[{"href":"https:\/\/baldumarket.lt\/lt\/wp-json\/wp\/v2\/types\/product"}],"replies":[{"embeddable":true,"href":"https:\/\/baldumarket.lt\/lt\/wp-json\/wp\/v2\/comments?post=332098"}],"wp:featuredmedia":[{"embeddable":true,"href":"https:\/\/baldumarket.lt\/lt\/wp-json\/wp\/v2\/media\/192796"}],"wp:attachment":[{"href":"https:\/\/baldumarket.lt\/lt\/wp-json\/wp\/v2\/media?parent=332098"}],"wp:term":[{"taxonomy":"product_brand","embeddable":true,"href":"https:\/\/baldumarket.lt\/lt\/wp-json\/wp\/v2\/product_brand?post=332098"},{"taxonomy":"product_cat","embeddable":true,"href":"https:\/\/baldumarket.lt\/lt\/wp-json\/wp\/v2\/product_cat?post=332098"},{"taxonomy":"product_tag","embeddable":true,"href":"https:\/\/baldumarket.lt\/lt\/wp-json\/wp\/v2\/product_tag?post=332098"}],"curies":[{"name":"wp","href":"https:\/\/api.w.org\/{rel}","templated":true}]}}