{"id":33198,"date":"2025-11-14T22:44:26","date_gmt":"2025-11-14T19:44:26","guid":{"rendered":"https:\/\/baldumarket.lt\/product\/sottis-regal-czarny\/"},"modified":"2026-03-24T18:15:32","modified_gmt":"2026-03-24T15:15:32","slug":"sottis-regal-czarny","status":"publish","type":"product","link":"https:\/\/baldumarket.lt\/lt\/product\/sottis-regal-czarny\/","title":{"rendered":"Sottis juoda knyg\u0173 lentyna"},"content":{"rendered":"<p>\u201eSottis\u201c knyg\u0173 lentyna \u2013 modernus sprendimas stiliaus ir funkcionalumo m\u0117g\u0117jams. Trij\u0173 ry\u0161ki\u0173 spalv\u0173 lentyna bet kokiam interjerui suteikia harmonijos ir elegancijos. Lentynos, kuri\u0173 keliamoji galia yra 3 kg, suteikia prakti\u0161kos vietos j\u016bs\u0173 m\u0117gstamiausioms knygoms, dekoracijoms ar kitiems nieku\u010diams. 0,5 cm auk\u0161\u010dio juodos bald\u0173 b\u0117gel\u0117s ne tik u\u017etikrina stabilum\u0105 ir apsaug\u0105 nuo grind\u0173, bet ir suteikia unikal\u0173 dizaino akcent\u0105.** **\u201eSottis\u201c \u2013 tai daugiau nei knyg\u0173 lentyna \u2013 tai detal\u0117, kuri pakei\u010dia erdv\u0119.<\/p>","protected":false},"excerpt":{"rendered":"<p>\u201eSottis\u201c knyg\u0173 lentyna \u2013 modernus sprendimas stiliaus ir funkcionalumo m\u0117g\u0117jams. Trij\u0173 ry\u0161ki\u0173 spalv\u0173 lentyna bet kokiam interjerui suteikia harmonijos ir elegancijos. Lentynos, kuri\u0173 keliamoji galia yra 3 kg, suteikia prakti\u0161kos vietos j\u016bs\u0173 m\u0117gstamiausioms knygoms, dekoracijoms ar kitiems nieku\u010diams. 0,5 cm auk\u0161\u010dio juodas baldas ne tik slysta [\u2026]<\/p>","protected":false},"featured_media":33199,"comment_status":"open","ping_status":"open","template":"","meta":[],"product_brand":[],"product_cat":[2012,1987],"product_tag":[],"class_list":{"0":"post-33198","1":"product","2":"type-product","3":"status-publish","4":"has-post-thumbnail","6":"product_cat-eltap","7":"product_cat-shelving-units","9":"first","10":"instock","11":"purchasable","12":"product-type-simple"},"_links":{"self":[{"href":"https:\/\/baldumarket.lt\/lt\/wp-json\/wp\/v2\/product\/33198","targetHints":{"allow":["GET"]}}],"collection":[{"href":"https:\/\/baldumarket.lt\/lt\/wp-json\/wp\/v2\/product"}],"about":[{"href":"https:\/\/baldumarket.lt\/lt\/wp-json\/wp\/v2\/types\/product"}],"replies":[{"embeddable":true,"href":"https:\/\/baldumarket.lt\/lt\/wp-json\/wp\/v2\/comments?post=33198"}],"wp:featuredmedia":[{"embeddable":true,"href":"https:\/\/baldumarket.lt\/lt\/wp-json\/wp\/v2\/media\/33199"}],"wp:attachment":[{"href":"https:\/\/baldumarket.lt\/lt\/wp-json\/wp\/v2\/media?parent=33198"}],"wp:term":[{"taxonomy":"product_brand","embeddable":true,"href":"https:\/\/baldumarket.lt\/lt\/wp-json\/wp\/v2\/product_brand?post=33198"},{"taxonomy":"product_cat","embeddable":true,"href":"https:\/\/baldumarket.lt\/lt\/wp-json\/wp\/v2\/product_cat?post=33198"},{"taxonomy":"product_tag","embeddable":true,"href":"https:\/\/baldumarket.lt\/lt\/wp-json\/wp\/v2\/product_tag?post=33198"}],"curies":[{"name":"wp","href":"https:\/\/api.w.org\/{rel}","templated":true}]}}