{"id":331903,"date":"2026-02-24T01:07:31","date_gmt":"2026-02-23T22:07:31","guid":{"rendered":"https:\/\/baldumarket.lt\/?post_type=product&#038;p=331903"},"modified":"2026-04-14T16:35:46","modified_gmt":"2026-04-14T13:35:46","slug":"marcin-ii-jaunimo-isskleidziama-lova-dviem-asmenims-90x200-cm","status":"publish","type":"product","link":"https:\/\/baldumarket.lt\/lt\/product\/marcin-ii-jaunimo-isskleidziama-lova-dviem-asmenims-90x200-cm\/","title":{"rendered":"MARCIN II jaunimo i\u0161skleid\u017eiama lova dviem asmenims 90&#215;200 cm"},"content":{"rendered":"<p>Marcin II dvigul\u0117 i\u0161traukiama lova<\/p>\n<p>M\u016bs\u0173 pla\u010diame asortimente rasite daugyb\u0119 dviguli\u0173 i\u0161traukiam\u0173 lov\u0173. Viena i\u0161 j\u0173 \u2013 \u201eMarcin II\u201c i\u0161traukiama lova. \u0160is itin prakti\u0161kas ir funkcionalus sprendimas gali sutalpinti du vaikus neu\u017eimant per daug vietos. Lova yra sulankstoma ir turi erdvius stal\u010dius, kuriuose galima susid\u0117ti daugyb\u0119 smulki\u0173 daikt\u0173, patalyn\u0117s ar drabu\u017ei\u0173. \u201eMarcin II\u201c i\u0161traukiama lova yra kruop\u0161\u010diai pagaminta. Visos sudedamosios dalys yra saugios, tod\u0117l nekelia pavojaus vaik\u0173 sveikatai. Gamybos procese naudojama med\u017eiaga \u2013 pu\u0161is \u2013 yra labai atspari mechaniniams pa\u017eeidimams. \u0160i kilni mediena taip pat pabr\u0117\u017eia viso gaminio gro\u017e\u012f, suteikdama \u017eavesio vaiko kambariui. Galimi \u012fvair\u016bs spalv\u0173 variantai. Gaminiui suteikiama 24 m\u0117nesi\u0173 gamintojo garantija. \u201eMarcin II\u201c i\u0161traukiama lova yra puikus sprendimas j\u016bs\u0173 paauglio kambariui, jei da\u017enai lankosi bendraam\u017eiai ir vakarus leid\u017eia \u017eaisdami \u017eaidimus ar plep\u0117dami. \u017dema dviauk\u0161t\u0117 lova jaunimui \u201eMarcin II\u201c pasi\u017eymi moderniu dizainu ir savyb\u0117mis:<\/p>\n<p>2 stal\u010diai su ratukais \u2013 \u012ftraukti<\/p>\n<p>Lovos tur\u0117klas \u2013 \u012ftrauktas<\/p>\n<p>2 itin tvirti 8 cm storio putplas\u010dio \u010diu\u017einiai su nuimamu medvilniniu u\u017evalkalu ir u\u017etrauktuku \u2013 galima rinktis i\u0161 \u012fvairi\u0173 variant\u0173<\/p>\n<p>2 miegamosios zonos, vir\u0161utin\u0117s \u2013 90 \u00d7 200 cm, o apatin\u0117s \u2013 90 \u00d7 190 cm<\/p>\n<p>2 groteli\u0173 r\u0117mai \u2013 groteli\u0173 r\u0117mus reikia prisukti prie lovos \u0161ono \u2013 tai parodyta paskutin\u0117je nuotraukoje naudojant kit\u0105 model\u012f \u2013 \u012ftraukti<\/p>\n<p>Nuotraukoje naudojama spalva: grafito akrilas<\/p>\n<p>Galimi miegamojo pavir\u0161iaus dyd\u017eiai:<\/p>\n<p>80\/180 cm<\/p>\n<p>80\/200 cm<\/p>\n<p>90\/190 cm<\/p>\n<p>90\/200 cm<\/p>\n<p>Sertifikuota Poznan\u0117s Medienos technologij\u0173 instituto<\/p>\n<p>M\u016bs\u0173 pu\u0161in\u0117s konstrukcijos buvo grie\u017etai patikrintos d\u0117l patvarumo ir saugumo. 2008 m. jos gavo Poznan\u0117s Medienos technologij\u0173 instituto i\u0161duotus sertifikatus, patvirtinan\u010dius atitikt\u012f PN-EN747-1:2007 ir PN-EN747-2:2007 standart\u0173 reikalavimams.<\/p>\n<p>Be to, 2016 m. visas dviauk\u0161tes lovas i\u0161 naujo pateik\u0117me grie\u017etiems bandymams, kad jos atitikt\u0173 nauj\u0173j\u0173 PN-EN747-1+A1:2015 ir PN-EN747-2+A1:2015 standart\u0173 reikalavimus. Nauji sertifikatai buvo i\u0161duoti neribotam laikui, dar kart\u0105 patvirtinant saugi\u0105 vis\u0173 m\u016bs\u0173 dviauk\u0161ti\u0173 lov\u0173 konstrukcij\u0105.<\/p>","protected":false},"excerpt":{"rendered":"<p>Plotis [cm] 208<\/p>\n<p>\u016agis [cm] 77<\/p>\n<p>gylis [cm] 97<\/p>\n<p>Vir\u0161utinio \u010diu\u017einio auk\u0161tis [cm] 52<\/p>\n<p>Apatinio \u010diu\u017einio auk\u0161tis [cm] 37<\/p>","protected":false},"featured_media":330832,"comment_status":"open","ping_status":"closed","template":"","meta":[],"product_brand":[],"product_cat":[9770,505,1968,4775],"product_tag":[],"class_list":{"0":"post-331903","1":"product","2":"type-product","3":"status-publish","4":"has-post-thumbnail","6":"product_cat-bunk-beds-low-meblobed","7":"product_cat-bedroom-beds","8":"product_cat-beds-90x200","9":"product_cat-meblobed","11":"first","12":"instock","13":"shipping-taxable","14":"purchasable","15":"product-type-variable","16":"wvs-archive-product-wrapper"},"_links":{"self":[{"href":"https:\/\/baldumarket.lt\/lt\/wp-json\/wp\/v2\/product\/331903","targetHints":{"allow":["GET"]}}],"collection":[{"href":"https:\/\/baldumarket.lt\/lt\/wp-json\/wp\/v2\/product"}],"about":[{"href":"https:\/\/baldumarket.lt\/lt\/wp-json\/wp\/v2\/types\/product"}],"replies":[{"embeddable":true,"href":"https:\/\/baldumarket.lt\/lt\/wp-json\/wp\/v2\/comments?post=331903"}],"wp:featuredmedia":[{"embeddable":true,"href":"https:\/\/baldumarket.lt\/lt\/wp-json\/wp\/v2\/media\/330832"}],"wp:attachment":[{"href":"https:\/\/baldumarket.lt\/lt\/wp-json\/wp\/v2\/media?parent=331903"}],"wp:term":[{"taxonomy":"product_brand","embeddable":true,"href":"https:\/\/baldumarket.lt\/lt\/wp-json\/wp\/v2\/product_brand?post=331903"},{"taxonomy":"product_cat","embeddable":true,"href":"https:\/\/baldumarket.lt\/lt\/wp-json\/wp\/v2\/product_cat?post=331903"},{"taxonomy":"product_tag","embeddable":true,"href":"https:\/\/baldumarket.lt\/lt\/wp-json\/wp\/v2\/product_tag?post=331903"}],"curies":[{"name":"wp","href":"https:\/\/api.w.org\/{rel}","templated":true}]}}