{"id":331855,"date":"2026-02-24T01:02:15","date_gmt":"2026-02-23T22:02:15","guid":{"rendered":"https:\/\/baldumarket.lt\/?post_type=product&#038;p=331855"},"modified":"2026-04-14T16:35:53","modified_gmt":"2026-04-14T13:35:53","slug":"lova-su-konteineriu-ir-minkstu-ciuziniu-sintra-ii-90x200-cm","status":"publish","type":"product","link":"https:\/\/baldumarket.lt\/lt\/product\/lova-su-konteineriu-ir-minkstu-ciuziniu-sintra-ii-90x200-cm\/","title":{"rendered":"Lova su konteineriu ir mink\u0161tu \u010diu\u017einiu SINTRA II 90\u00d7200 cm"},"content":{"rendered":"<p>\u201eSintra 2\u201c mink\u0161ta lova \u2013 tai moderni lova, skirta paaugliams ir suaugusiesiems (renkantis \u201eBonnell\u201c spyruoklin\u012f \u010diu\u017ein\u012f).<br \/>\nModernus lovos dizainas ir paprastumas leid\u017eia jai der\u0117ti prie bet kokio interjero. \u201eSintra\u201c lovos specifikacijos:<br \/>\nLova, kurios miegamoji erdv\u0117 90 \u00d7 200 cm<br \/>\nPagaminta i\u0161 laminuotos plok\u0161t\u0117s<br \/>\nPilnai apmu\u0161ta lova \u2013 6 spalv\u0173 pasirinkimas \u2013 \u017er. skirtuk\u0105 \u201cPasirinkti spalv\u0105\u201d<br \/>\n\u012e kain\u0105 \u012fskai\u010diuotas 14 cm auk\u0161\u010dio put\u0173 \u010diu\u017einys<br \/>\nPapildomai galima \u012fsigyti \u201eBonnell\u201c spyruoklin\u012f \u010diu\u017ein\u012f \u2013 u\u017e papildom\u0105 mokest\u012f.<br \/>\nLova turi patalyn\u0117s d\u0117\u017e\u0119<br \/>\nPatalyn\u0117s d\u0117\u017e\u0117 su spyruokl\u0117mis yra patogi ir lengva atidaryti.<br \/>\nDygsniavimas: ma\u017ei sta\u010diakampiai<br \/>\nI\u0161oriniai lovos matmenys (ilgis\/plotis\/auk\u0161tis) \u2013 205x95x95 cm<br \/>\nMiegamosios dalies matmenys \u2013 200 \u00d7 90 cm<br \/>\nMiegamosios dalies auk\u0161tis \u2013 45 cm<br \/>\nPatalyn\u0117s laikymo d\u0117\u017e\u0117s med\u017eiaga \u2013 16 mm laminuota plok\u0161t\u0117 + mediena<br \/>\nAtlo\u0161o med\u017eiaga \u2013 16 mm laminuota plok\u0161t\u0117 + T21 putplastis<br \/>\n\u010ciu\u017einio med\u017eiaga \u2013 galima \u012fsigyti: blokinis \u010diu\u017einys T21 put\u0173 arba Bonnell spyruoklinis \u010diu\u017einys + T21 put\u0173<br \/>\nLovos kojel\u0117s: plastikin\u0117s<br \/>\nPastaba: gamintojas pasilieka teis\u0119 keisti bald\u0173 dizain\u0105 nekeisdamas bendro j\u0173 charakterio. Spalvos nuotraukose gali skirtis nuo tikr\u0173j\u0173 spalv\u0173. Visi matmenys nurodyti cm su +\/- 2 cm paklaida.<\/p>","protected":false},"excerpt":{"rendered":"<p>Plotis [cm] 205<br \/>\n\u016agis [cm] 95<br \/>\ngylis [cm] 95<\/p>","protected":false},"featured_media":193455,"comment_status":"open","ping_status":"closed","template":"","meta":[],"product_brand":[],"product_cat":[9790,505,1968,4775],"product_tag":[],"class_list":{"0":"post-331855","1":"product","2":"type-product","3":"status-publish","4":"has-post-thumbnail","6":"product_cat-upholstered-beds-meblobed","7":"product_cat-bedroom-beds","8":"product_cat-beds-90x200","9":"product_cat-meblobed","11":"first","12":"instock","13":"shipping-taxable","14":"purchasable","15":"product-type-variable","16":"wvs-archive-product-wrapper"},"_links":{"self":[{"href":"https:\/\/baldumarket.lt\/lt\/wp-json\/wp\/v2\/product\/331855","targetHints":{"allow":["GET"]}}],"collection":[{"href":"https:\/\/baldumarket.lt\/lt\/wp-json\/wp\/v2\/product"}],"about":[{"href":"https:\/\/baldumarket.lt\/lt\/wp-json\/wp\/v2\/types\/product"}],"replies":[{"embeddable":true,"href":"https:\/\/baldumarket.lt\/lt\/wp-json\/wp\/v2\/comments?post=331855"}],"wp:featuredmedia":[{"embeddable":true,"href":"https:\/\/baldumarket.lt\/lt\/wp-json\/wp\/v2\/media\/193455"}],"wp:attachment":[{"href":"https:\/\/baldumarket.lt\/lt\/wp-json\/wp\/v2\/media?parent=331855"}],"wp:term":[{"taxonomy":"product_brand","embeddable":true,"href":"https:\/\/baldumarket.lt\/lt\/wp-json\/wp\/v2\/product_brand?post=331855"},{"taxonomy":"product_cat","embeddable":true,"href":"https:\/\/baldumarket.lt\/lt\/wp-json\/wp\/v2\/product_cat?post=331855"},{"taxonomy":"product_tag","embeddable":true,"href":"https:\/\/baldumarket.lt\/lt\/wp-json\/wp\/v2\/product_tag?post=331855"}],"curies":[{"name":"wp","href":"https:\/\/api.w.org\/{rel}","templated":true}]}}