{"id":33180,"date":"2025-11-14T22:43:13","date_gmt":"2025-11-14T19:43:13","guid":{"rendered":"https:\/\/baldumarket.lt\/product\/seilf-regal-czarny\/"},"modified":"2026-03-24T18:15:32","modified_gmt":"2026-03-24T15:15:32","slug":"seilf-regal-czarny","status":"publish","type":"product","link":"https:\/\/baldumarket.lt\/lt\/product\/seilf-regal-czarny\/","title":{"rendered":"Seilf juoda knyg\u0173 spinta"},"content":{"rendered":"<p>\u201eSeilf\u201c knyg\u0173 lentyna bet kokiam interjerui suteikia modernumo ir stiliaus. Trij\u0173 eleganti\u0161k\u0173 spalv\u0173 lentyna leid\u017eia sukurti harmoning\u0105 erdv\u0119, pritaikyt\u0105 j\u016bs\u0173 poreikiams. Lentynos, kuri\u0173 keliamoji galia yra 3 kg, talpina visk\u0105, k\u0105 norite eksponuoti \u2013 nuo m\u0117gstam\u0173 knyg\u0173 iki dekoratyvini\u0173 daikt\u0173 ir kasdieni\u0173 nieku\u010di\u0173. 0,5 cm auk\u0161\u010dio juodos bald\u0173 b\u0117gel\u0117s ne tik pagerina jos dizain\u0105, bet ir u\u017etikrina grind\u0173 saugum\u0105. \u201eSeilf\u201c yra daugiau nei knyg\u0173 lentyna \u2013 tai stilingas j\u016bs\u0173 organizavimo ir eksponavimo centras.<\/p>","protected":false},"excerpt":{"rendered":"<p>\u201eSeilf\u201c knyg\u0173 lentyna bet kokiam interjerui suteikia modernumo ir stiliaus. Trij\u0173 eleganti\u0161k\u0173 spalv\u0173 lentyna leid\u017eia sukurti harmoning\u0105 erdv\u0119, pritaikyt\u0105 j\u016bs\u0173 poreikiams. Lentynos, kuri\u0173 keliamoji galia yra 3 kg, talpina visk\u0105, k\u0105 norite eksponuoti \u2013 nuo m\u0117gstam\u0173 knyg\u0173 iki dekoratyvini\u0173 daikt\u0173 ir kasdieni\u0173 nieku\u010di\u0173. [\u2026]<\/p>","protected":false},"featured_media":33181,"comment_status":"open","ping_status":"open","template":"","meta":[],"product_brand":[],"product_cat":[2012,1987],"product_tag":[],"class_list":{"0":"post-33180","1":"product","2":"type-product","3":"status-publish","4":"has-post-thumbnail","6":"product_cat-eltap","7":"product_cat-shelving-units","9":"first","10":"instock","11":"purchasable","12":"product-type-simple"},"_links":{"self":[{"href":"https:\/\/baldumarket.lt\/lt\/wp-json\/wp\/v2\/product\/33180","targetHints":{"allow":["GET"]}}],"collection":[{"href":"https:\/\/baldumarket.lt\/lt\/wp-json\/wp\/v2\/product"}],"about":[{"href":"https:\/\/baldumarket.lt\/lt\/wp-json\/wp\/v2\/types\/product"}],"replies":[{"embeddable":true,"href":"https:\/\/baldumarket.lt\/lt\/wp-json\/wp\/v2\/comments?post=33180"}],"wp:featuredmedia":[{"embeddable":true,"href":"https:\/\/baldumarket.lt\/lt\/wp-json\/wp\/v2\/media\/33181"}],"wp:attachment":[{"href":"https:\/\/baldumarket.lt\/lt\/wp-json\/wp\/v2\/media?parent=33180"}],"wp:term":[{"taxonomy":"product_brand","embeddable":true,"href":"https:\/\/baldumarket.lt\/lt\/wp-json\/wp\/v2\/product_brand?post=33180"},{"taxonomy":"product_cat","embeddable":true,"href":"https:\/\/baldumarket.lt\/lt\/wp-json\/wp\/v2\/product_cat?post=33180"},{"taxonomy":"product_tag","embeddable":true,"href":"https:\/\/baldumarket.lt\/lt\/wp-json\/wp\/v2\/product_tag?post=33180"}],"curies":[{"name":"wp","href":"https:\/\/api.w.org\/{rel}","templated":true}]}}