{"id":331666,"date":"2026-02-24T00:41:33","date_gmt":"2026-02-23T21:41:33","guid":{"rendered":"https:\/\/baldumarket.lt\/?post_type=product&#038;p=331666"},"modified":"2026-03-04T09:42:21","modified_gmt":"2026-03-04T06:42:21","slug":"kazimiero-dviaukste-lova-su-stalciais-dviem-asmenims-80x181-cm","status":"publish","type":"product","link":"https:\/\/baldumarket.lt\/lt\/product\/kazimiero-dviaukste-lova-su-stalciais-dviem-asmenims-80x181-cm\/","title":{"rendered":"CASIMIR dviauk\u0161t\u0117 lova su stal\u010diais dviem asmenims 80\u00d7181 cm"},"content":{"rendered":"<p>\u201eCasimir\u201c jaunimo dviauk\u0161t\u0117 lova yra modernaus dizaino gaminys.<br \/>\nKomfortas ir maksimalus erdv\u0117s i\u0161naudojimas neabejotinai yra dideli privalumai, tod\u0117l verta d\u0117ti visas pastangas, kad b\u016bt\u0173 u\u017etikrintas jo saugumas.<br \/>\nDviauk\u0161t\u0117 lova gali b\u016bti apdailinta \u012fvairiais da\u017eais, akriliniais da\u017eais ir skaidriais lakais, kurie, kaip min\u0117ta anks\u010diau, yra ekologi\u0161ki ir saug\u016bs.<br \/>\nI\u0161 pu\u0161ies masyvo pagamint\u0173 bald\u0173 privalumai \u2013 lengvumas, ilgaam\u017ei\u0161kumas ir elegancija. Pageidaujant, pu\u0161iniai baldai gali b\u016bti beicuojami \u012fvairi\u0173 spalv\u0173 medienos beicais ir padengiami ekologi\u0161kais lakais. Vandens pagrindo beicai ir akriliniai lakai yra nekenksmingi vartotojui, puikiai apsaugo nuo per didelio trinties ir ilgai i\u0161laiko nat\u016brali\u0105 spalv\u0105. Lovos ypatyb\u0117s:<br \/>\n2 stal\u010diai su ratukais \u2013 \u012ftraukti<br \/>\nKop\u0117\u010dios ir apsauginis tur\u0117klas \u2013 \u012fskai\u010diuoti<br \/>\n2 itin kieti 8 cm putplas\u010dio \u010diu\u017einiai su nuimamu medvilniniu u\u017evalkalu ir u\u017etrauktuku \u2013 galima rinktis i\u0161 \u012fvairi\u0173 variant\u0173<br \/>\n2 miegamosios vietos, kuri\u0173 matmenys 80 \u00d7 180 cm<br \/>\n2 groteli\u0173 r\u0117mai \u2013 groteli\u0173 r\u0117mus reikia prisukti prie lovos \u0161ono \u2013 tai parodyta paskutin\u0117je nuotraukoje naudojant kit\u0105 model\u012f \u2013 \u012fskai\u010diuota \u012f kain\u0105<br \/>\nSpalvas galima derinti \u2013 i\u0161d\u0117stymas parodytas nuotraukoje<br \/>\nGalimi miegamosios dalies dyd\u017eiai:<br \/>\n80\/180 cm<br \/>\n80\/200 cm<br \/>\n90\/190 cm<br \/>\n90\/200 cm<br \/>\nSertifikuota Poznan\u0117s Medienos technologijos instituto<br \/>\nM\u016bs\u0173 pu\u0161in\u0117s konstrukcijos buvo grie\u017etai i\u0161bandytos d\u0117l patvarumo ir saugumo. 2008 m. jos gavo sertifikatus, patvirtinan\u010dius atitikt\u012f PN-EN747-1:2007 ir PN-EN747-2:2007 standart\u0173 reikalavimams, kuriuos i\u0161dav\u0117 Poznan\u0117s Medienos technologij\u0173 institutas. Be to, 2016 m. visas dviauk\u0161tes lovas i\u0161 naujo pateik\u0117me grie\u017etiems bandymams, kad jos atitikt\u0173 nauj\u0173j\u0173 PN-EN747-1+A1:2015 ir PN-EN747-2+A1:2015 standart\u0173 reikalavimus. Nauji sertifikatai buvo i\u0161duoti neribotam laikui, dar kart\u0105 patvirtinant saugi\u0105 vis\u0173 m\u016bs\u0173 dviauk\u0161ti\u0173 lov\u0173 konstrukcij\u0105.<\/p>","protected":false},"excerpt":{"rendered":"<p>Plotis [cm] 197<br \/>\n\u016agis [cm] 168<br \/>\nGylis [cm] 94<br \/>\nVir\u0161utinio \u010diu\u017einio auk\u0161tis [cm] 130<br \/>\nApatinio \u010diu\u017einio auk\u0161tis [cm] 37<br \/>\nPro\u0161vaisa [cm] 81<\/p>","protected":false},"featured_media":192960,"comment_status":"open","ping_status":"closed","template":"","meta":[],"product_brand":[],"product_cat":[9785,505,4775],"product_tag":[],"class_list":{"0":"post-331666","1":"product","2":"type-product","3":"status-publish","4":"has-post-thumbnail","6":"product_cat-bunk-beds-meblobed","7":"product_cat-bedroom-beds","8":"product_cat-meblobed","10":"first","11":"instock","12":"shipping-taxable","13":"purchasable","14":"product-type-variable","15":"wvs-archive-product-wrapper"},"_links":{"self":[{"href":"https:\/\/baldumarket.lt\/lt\/wp-json\/wp\/v2\/product\/331666","targetHints":{"allow":["GET"]}}],"collection":[{"href":"https:\/\/baldumarket.lt\/lt\/wp-json\/wp\/v2\/product"}],"about":[{"href":"https:\/\/baldumarket.lt\/lt\/wp-json\/wp\/v2\/types\/product"}],"replies":[{"embeddable":true,"href":"https:\/\/baldumarket.lt\/lt\/wp-json\/wp\/v2\/comments?post=331666"}],"wp:featuredmedia":[{"embeddable":true,"href":"https:\/\/baldumarket.lt\/lt\/wp-json\/wp\/v2\/media\/192960"}],"wp:attachment":[{"href":"https:\/\/baldumarket.lt\/lt\/wp-json\/wp\/v2\/media?parent=331666"}],"wp:term":[{"taxonomy":"product_brand","embeddable":true,"href":"https:\/\/baldumarket.lt\/lt\/wp-json\/wp\/v2\/product_brand?post=331666"},{"taxonomy":"product_cat","embeddable":true,"href":"https:\/\/baldumarket.lt\/lt\/wp-json\/wp\/v2\/product_cat?post=331666"},{"taxonomy":"product_tag","embeddable":true,"href":"https:\/\/baldumarket.lt\/lt\/wp-json\/wp\/v2\/product_tag?post=331666"}],"curies":[{"name":"wp","href":"https:\/\/api.w.org\/{rel}","templated":true}]}}