{"id":331657,"date":"2026-02-24T00:40:53","date_gmt":"2026-02-23T21:40:53","guid":{"rendered":"https:\/\/baldumarket.lt\/?post_type=product&#038;p=331657"},"modified":"2026-02-27T11:10:04","modified_gmt":"2026-02-27T08:10:04","slug":"karim-triviete-dviaukste-lova-su-stalciais-80x200-cm","status":"publish","type":"product","link":"https:\/\/baldumarket.lt\/lt\/product\/karim-triviete-dviaukste-lova-su-stalciais-80x200-cm\/","title":{"rendered":"KARIM III triviet\u0117 dviauk\u0161t\u0117 lova su stal\u010diais 80&#215;200 cm"},"content":{"rendered":"<p>KARIM dviauk\u0161t\u0117 lova yra moderni lova, skirta jauniems \u017emon\u0117ms.<br \/>\nModernus dizainas ir paprasta konstrukcija leid\u017eia jam der\u0117ti prie bet kokio interjero. Konstrukcijai panaudota pu\u0161ies mediena su laminuota lenta. Konstrukciniai elementai pagaminti i\u0161 kruop\u0161\u010diai atrinktos pu\u0161ies.<br \/>\nTvirt\u0173 pu\u0161ies bald\u0173 privalumai \u2013 lengvumas, ilgaam\u017ei\u0161kumas ir elegancija. Pageidaujant, pu\u0161inius baldus galima beicuoti \u012fvairi\u0173 spalv\u0173 medienos beicais ir padengti ekologi\u0161kais lakais. Vandens pagrindo beicai ir akriliniai lakai yra nekenksmingi vartotojui, puikiai apsaugo nuo per didelio trinties ir ilgai i\u0161laiko nat\u016brali\u0105 spalv\u0105.<br \/>\nDviauk\u0161t\u0117 lova gali b\u016bti gaminama i\u0161 \u012fvairi\u0173 beic\u0173, akrilini\u0173 ir skaidri\u0173 lak\u0173, kurie visi, kaip min\u0117ta, yra ekologi\u0161ki ir saug\u016bs.<br \/>\n\u201eKarim\u201c jaunimo dviauk\u0161t\u0117 lova pasi\u017eymi moderniu dizainu ir savyb\u0117mis:<br \/>\n2 stal\u010diai su ratukais \u2013 \u012ftraukti<br \/>\nKop\u0117\u010dios \u2013 \u012fskai\u010diuotos<br \/>\n3 x 8 cm storio, itin kieti putplas\u010dio \u010diu\u017einiai su nuimamu, u\u017etrauktuku u\u017esegamu medvilniniu u\u017evalkalu \u2013 galimi pasirinkimai<br \/>\n3 miegamosios vietos, kuri\u0173 matmenys 80 \u00d7 200 cm | apa\u010dioje 80 \u00d7 190 cm<br \/>\n3 groteli\u0173 r\u0117mai \u2013 groteli\u0173 r\u0117mus reikia prisukti prie lovos \u0161ono \u2013 tai parodyta paskutin\u0117je nuotraukoje naudojant kit\u0105 model\u012f \u2013 \u012ftraukti<br \/>\nSpalvas galima derinti \u2013 kaip parodyta nuotraukoje<br \/>\nNuotraukoje naudotos spalvos: balta akrilin\u0117\/pilka<br \/>\nGalimi miegamojo pavir\u0161iaus dyd\u017eiai:<br \/>\n80\/180 cm<br \/>\n80\/200 cm<br \/>\n90\/190 cm<br \/>\n90\/200 cm<br \/>\nSertifikuota Poznan\u0117s Medienos technologij\u0173 instituto<br \/>\nM\u016bs\u0173 pu\u0161in\u0117s konstrukcijos buvo grie\u017etai patikrintos d\u0117l patvarumo ir saugumo. 2008 m. jos gavo Poznan\u0117s Medienos technologij\u0173 instituto i\u0161duotus sertifikatus, patvirtinan\u010dius atitikt\u012f PN-EN747-1:2007 ir PN-EN747-2:2007 standart\u0173 reikalavimams.<br \/>\nBe to, 2016 m. visas dviauk\u0161tes lovas i\u0161 naujo pateik\u0117me grie\u017etiems bandymams, kad jos atitikt\u0173 nauj\u0173j\u0173 PN-EN747-1+A1:2015 ir PN-EN747-2+A1:2015 standart\u0173 reikalavimus. Nauji sertifikatai buvo i\u0161duoti neribotam laikui, dar kart\u0105 patvirtinant saugi\u0105 vis\u0173 m\u016bs\u0173 dviauk\u0161ti\u0173 lov\u0173 konstrukcij\u0105.<\/p>","protected":false},"excerpt":{"rendered":"<p>Plotis [cm] 208<br \/>\n\u016agis [cm] 174<br \/>\nGylis [cm] 87<br \/>\nVir\u0161utinio \u010diu\u017einio auk\u0161tis [cm] 132<br \/>\nVidurinio \u010diu\u017einio auk\u0161tis [cm] 52<br \/>\nApatinio \u010diu\u017einio auk\u0161tis [cm] 37<\/p>","protected":false},"featured_media":193209,"comment_status":"open","ping_status":"closed","template":"","meta":[],"product_brand":[],"product_cat":[9787,505,4775],"product_tag":[],"class_list":{"0":"post-331657","1":"product","2":"type-product","3":"status-publish","4":"has-post-thumbnail","6":"product_cat-bunk-beds-3-persons-meblobed","7":"product_cat-bedroom-beds","8":"product_cat-meblobed","10":"first","11":"instock","12":"shipping-taxable","13":"purchasable","14":"product-type-variable","15":"wvs-archive-product-wrapper"},"_links":{"self":[{"href":"https:\/\/baldumarket.lt\/lt\/wp-json\/wp\/v2\/product\/331657","targetHints":{"allow":["GET"]}}],"collection":[{"href":"https:\/\/baldumarket.lt\/lt\/wp-json\/wp\/v2\/product"}],"about":[{"href":"https:\/\/baldumarket.lt\/lt\/wp-json\/wp\/v2\/types\/product"}],"replies":[{"embeddable":true,"href":"https:\/\/baldumarket.lt\/lt\/wp-json\/wp\/v2\/comments?post=331657"}],"wp:featuredmedia":[{"embeddable":true,"href":"https:\/\/baldumarket.lt\/lt\/wp-json\/wp\/v2\/media\/193209"}],"wp:attachment":[{"href":"https:\/\/baldumarket.lt\/lt\/wp-json\/wp\/v2\/media?parent=331657"}],"wp:term":[{"taxonomy":"product_brand","embeddable":true,"href":"https:\/\/baldumarket.lt\/lt\/wp-json\/wp\/v2\/product_brand?post=331657"},{"taxonomy":"product_cat","embeddable":true,"href":"https:\/\/baldumarket.lt\/lt\/wp-json\/wp\/v2\/product_cat?post=331657"},{"taxonomy":"product_tag","embeddable":true,"href":"https:\/\/baldumarket.lt\/lt\/wp-json\/wp\/v2\/product_tag?post=331657"}],"curies":[{"name":"wp","href":"https:\/\/api.w.org\/{rel}","templated":true}]}}