{"id":33162,"date":"2025-11-14T22:42:23","date_gmt":"2025-11-14T19:42:23","guid":{"rendered":"https:\/\/baldumarket.lt\/product\/postto-regal-czarny\/"},"modified":"2026-03-24T18:15:32","modified_gmt":"2026-03-24T15:15:32","slug":"postto-regal-czarny","status":"publish","type":"product","link":"https:\/\/baldumarket.lt\/lt\/product\/postto-regal-czarny\/","title":{"rendered":"Postto juoda knyg\u0173 lentyna"},"content":{"rendered":"<p>\u201ePostto\u201c knyg\u0173 lentyna \u2013 stilingas ir modernus baldas, kuris bet kokiam interjerui suteiks gaivumo ir funkcionalumo. Galima rinktis i\u0161 trij\u0173 eleganti\u0161k\u0173 spalv\u0173, tod\u0117l lengvai prisitaiko prie \u012fvairi\u0173 i\u0161d\u0117stym\u0173. Lentynos, kuri\u0173 maksimali apkrova yra 3 kg, idealiai tinka knygoms, papuo\u0161alams ir kitiems smulkiems daiktams. Juodos, 0,5 cm auk\u0161\u010dio bald\u0173 b\u0117geliai u\u017etikrina stabilum\u0105 ir apsaugo grindis nuo \u012fbr\u0117\u017eim\u0173. \u201ePostto\u201c derina modern\u0173 dizain\u0105 su prakti\u0161kumu.<\/p>","protected":false},"excerpt":{"rendered":"<p>\u201ePostto\u201c knyg\u0173 lentyna \u2013 stilingas ir modernus baldas, kuris bet kokiam interjerui suteiks gaivumo ir funkcionalumo. Galima rinktis i\u0161 trij\u0173 eleganti\u0161k\u0173 spalv\u0173, tod\u0117l lengvai prisitaiko prie \u012fvairi\u0173 i\u0161d\u0117stym\u0173. Lentynos, kuri\u0173 maksimali apkrova yra 3 kg, idealiai tinka knygoms, papuo\u0161alams ir kitiems smulkiems daiktams. Juoda, 0,5 cm [\u2026]<\/p>","protected":false},"featured_media":33163,"comment_status":"open","ping_status":"open","template":"","meta":[],"product_brand":[],"product_cat":[2012,9177,1987],"product_tag":[],"class_list":{"0":"post-33162","1":"product","2":"type-product","3":"status-publish","4":"has-post-thumbnail","6":"product_cat-eltap","7":"product_cat-shelving-units-eltap","8":"product_cat-shelving-units","9":"pa_frame-material-undefined","10":"pa_frame-material-type-undefined","11":"pa_leg-color-black","12":"pa_leg-material-plastic","13":"pa_linen-box-undefined","14":"pa_main-color-black","15":"pa_price-group-basic","16":"pa_seat-depth-undefined","17":"pa_seat-width-undefined","18":"pa_sleep-function-undefined","19":"pa_sleeping-area-length-undefined","20":"pa_sleeping-area-width-undefined","21":"pa_style-modern","22":"pa_textile-black","23":"pa_upholstery-material-undefined","25":"first","26":"instock","27":"purchasable","28":"product-type-simple"},"_links":{"self":[{"href":"https:\/\/baldumarket.lt\/lt\/wp-json\/wp\/v2\/product\/33162","targetHints":{"allow":["GET"]}}],"collection":[{"href":"https:\/\/baldumarket.lt\/lt\/wp-json\/wp\/v2\/product"}],"about":[{"href":"https:\/\/baldumarket.lt\/lt\/wp-json\/wp\/v2\/types\/product"}],"replies":[{"embeddable":true,"href":"https:\/\/baldumarket.lt\/lt\/wp-json\/wp\/v2\/comments?post=33162"}],"wp:featuredmedia":[{"embeddable":true,"href":"https:\/\/baldumarket.lt\/lt\/wp-json\/wp\/v2\/media\/33163"}],"wp:attachment":[{"href":"https:\/\/baldumarket.lt\/lt\/wp-json\/wp\/v2\/media?parent=33162"}],"wp:term":[{"taxonomy":"product_brand","embeddable":true,"href":"https:\/\/baldumarket.lt\/lt\/wp-json\/wp\/v2\/product_brand?post=33162"},{"taxonomy":"product_cat","embeddable":true,"href":"https:\/\/baldumarket.lt\/lt\/wp-json\/wp\/v2\/product_cat?post=33162"},{"taxonomy":"product_tag","embeddable":true,"href":"https:\/\/baldumarket.lt\/lt\/wp-json\/wp\/v2\/product_tag?post=33162"}],"curies":[{"name":"wp","href":"https:\/\/api.w.org\/{rel}","templated":true}]}}