{"id":33156,"date":"2025-11-14T22:42:10","date_gmt":"2025-11-14T19:42:10","guid":{"rendered":"https:\/\/baldumarket.lt\/product\/pocett-regal-bialy\/"},"modified":"2026-03-24T18:15:32","modified_gmt":"2026-03-24T15:15:32","slug":"pocett-regal-bialy","status":"publish","type":"product","link":"https:\/\/baldumarket.lt\/lt\/product\/pocett-regal-bialy\/","title":{"rendered":"Pocett balta knyg\u0173 spinta"},"content":{"rendered":"<p>\u201ePocett\u201c knyg\u0173 lentyna \u2013 puikus pasirinkimas modernaus stiliaus ir funkcionalumo m\u0117g\u0117jams. Trij\u0173 mading\u0173 spalv\u0173 lentyna puikiai tiks \u012fvairiuose interjeruose \u2013 nuo minimalistinio iki klasikinio. Lentynos, kuri\u0173 maksimali apkrova yra 3 kg, idealiai tinka knygoms, dekoracijoms ir kitiems smulkiems daiktams laikyti. Knyg\u0173 lentyna apr\u016bpinta 0,5 cm auk\u0161\u010dio juodomis bald\u0173 b\u0117gel\u0117mis, kurios garantuoja stabilum\u0105 ir apsaugo grindis nuo \u012fbr\u0117\u017eim\u0173. Tai tobulas elegancijos ir prakti\u0161kumo derinys.<\/p>","protected":false},"excerpt":{"rendered":"<p>\u201ePocett\u201c knyg\u0173 lentyna \u2013 puikus pasirinkimas modernaus stiliaus ir funkcionalumo m\u0117g\u0117jams. Trij\u0173 mading\u0173 spalv\u0173 lentyna puikiai tiks \u012fvairiuose interjeruose \u2013 nuo minimalistinio iki klasikinio. Lentynos, kuri\u0173 maksimali apkrova yra 3 kg, idealiai tinka knygoms, dekoracijoms ir kitiems smulkiems daiktams laikyti. [\u2026]<\/p>","protected":false},"featured_media":33157,"comment_status":"open","ping_status":"open","template":"","meta":[],"product_brand":[],"product_cat":[2012,9177,1987],"product_tag":[],"class_list":{"0":"post-33156","1":"product","2":"type-product","3":"status-publish","4":"has-post-thumbnail","6":"product_cat-eltap","7":"product_cat-shelving-units-eltap","8":"product_cat-shelving-units","9":"pa_frame-material-undefined","10":"pa_frame-material-type-undefined","11":"pa_leg-color-black","12":"pa_leg-material-plastic","13":"pa_linen-box-undefined","14":"pa_main-color-white","15":"pa_price-group-basic","16":"pa_seat-depth-undefined","17":"pa_seat-width-undefined","18":"pa_sleep-function-undefined","19":"pa_sleeping-area-length-undefined","20":"pa_sleeping-area-width-undefined","21":"pa_style-modern","22":"pa_textile-white","23":"pa_upholstery-material-undefined","25":"first","26":"instock","27":"purchasable","28":"product-type-simple"},"_links":{"self":[{"href":"https:\/\/baldumarket.lt\/lt\/wp-json\/wp\/v2\/product\/33156","targetHints":{"allow":["GET"]}}],"collection":[{"href":"https:\/\/baldumarket.lt\/lt\/wp-json\/wp\/v2\/product"}],"about":[{"href":"https:\/\/baldumarket.lt\/lt\/wp-json\/wp\/v2\/types\/product"}],"replies":[{"embeddable":true,"href":"https:\/\/baldumarket.lt\/lt\/wp-json\/wp\/v2\/comments?post=33156"}],"wp:featuredmedia":[{"embeddable":true,"href":"https:\/\/baldumarket.lt\/lt\/wp-json\/wp\/v2\/media\/33157"}],"wp:attachment":[{"href":"https:\/\/baldumarket.lt\/lt\/wp-json\/wp\/v2\/media?parent=33156"}],"wp:term":[{"taxonomy":"product_brand","embeddable":true,"href":"https:\/\/baldumarket.lt\/lt\/wp-json\/wp\/v2\/product_brand?post=33156"},{"taxonomy":"product_cat","embeddable":true,"href":"https:\/\/baldumarket.lt\/lt\/wp-json\/wp\/v2\/product_cat?post=33156"},{"taxonomy":"product_tag","embeddable":true,"href":"https:\/\/baldumarket.lt\/lt\/wp-json\/wp\/v2\/product_tag?post=33156"}],"curies":[{"name":"wp","href":"https:\/\/api.w.org\/{rel}","templated":true}]}}