{"id":331495,"date":"2026-02-24T00:27:10","date_gmt":"2026-02-23T21:27:10","guid":{"rendered":"https:\/\/baldumarket.lt\/?post_type=product&#038;p=331495"},"modified":"2026-04-14T16:36:18","modified_gmt":"2026-04-14T13:36:18","slug":"harry-dviaukste-lova-su-lentynomis-2-asmenims-balta-ir-rozine-90x200-cm","status":"publish","type":"product","link":"https:\/\/baldumarket.lt\/lt\/product\/harry-dviaukste-lova-su-lentynomis-2-asmenims-balta-ir-rozine-90x200-cm\/","title":{"rendered":"HARRY dviauk\u0161t\u0117 lova su lentynomis, 2 asmenims, balta ir ro\u017ein\u0117 90&#215;200 cm"},"content":{"rendered":"<p>Hario dviauk\u0161t\u0117 lova \u2013 specifikacijos:<br \/>\nLovos gale pritvirtinta prakti\u0161ka lentyna.<br \/>\nLovos laipteliuose \u012frengtos u\u017erakinamos lentynos, tod\u0117l laipteliai gali b\u016bti naudojami kaip lentyna.<br \/>\nLova yra baltos spalvos (standartin\u0117 spalva \u2013 keisti negalima) su m\u0117lynos, \u017ealios, ro\u017ein\u0117s, oran\u017ein\u0117s, grafito arba baltos spalvos pasirinkimu.<br \/>\nLova pagaminta i\u0161 22 mm storio laminuotos plok\u0161t\u0117s su ABS apvadais.<br \/>\nLaipteliai gali b\u016bti i\u0161d\u0117styti de\u0161in\u0117je arba kair\u0117je pus\u0117je.<br \/>\n\u201eHarry\u201c jaunimo dviauk\u0161t\u0117 lova pasi\u017eymi moderniu dizainu ir yra apr\u016bpinta:<br \/>\nStal\u010dius \u2013 \u012fskai\u010diuotas \u012f kain\u0105.<br \/>\nU\u017e papildom\u0105 mokest\u012f si\u016blomi du \u010diu\u017einiai: 200\/90\/8 mm putplas\u010dio \u010diu\u017einys su nedygsniuotu medvilniniu u\u017evalkalu ir 200\/120\/15 mm dvipusis spyruoklinis \u010diu\u017einys \u201eAlba\u201c su dygsniuotu audiniu. 2 groteli\u0173 r\u0117mai \u2013 groteli\u0173 r\u0117mus reikia prisukti prie lovos \u0161ono \u2013 tai parodyta paskutin\u0117je nuotraukoje naudojant kit\u0105 model\u012f \u2013 \u012fskai\u010diuota \u012f kain\u0105.<br \/>\nLova pagaminta i\u0161 22 mm storio laminuotos plok\u0161t\u0117s su ABS apvadais.<br \/>\nLaiptelius galima i\u0161d\u0117styti de\u0161in\u0117je arba kair\u0117je pus\u0117je ir jie taip pat gali atlikti lentynos funkcij\u0105.<br \/>\nSpalvos: balta ir ro\u017ein\u0117.<\/p>","protected":false},"excerpt":{"rendered":"<p>Plotis [cm] 260<br \/>\n\u016agis [cm] 155<br \/>\ngylis [cm] 129<br \/>\nVir\u0161utinio \u010diu\u017einio auk\u0161tis [cm] 133<br \/>\nApatinio \u010diu\u017einio auk\u0161tis [cm] 39<\/p>","protected":false},"featured_media":193243,"comment_status":"open","ping_status":"closed","template":"","meta":[],"product_brand":[],"product_cat":[9789,505,1968,4775],"product_tag":[],"class_list":{"0":"post-331495","1":"product","2":"type-product","3":"status-publish","4":"has-post-thumbnail","6":"product_cat-bunk-beds-90x200-120x200-pvc-meblobed","7":"product_cat-bedroom-beds","8":"product_cat-beds-90x200","9":"product_cat-meblobed","11":"first","12":"instock","13":"shipping-taxable","14":"purchasable","15":"product-type-variable","16":"wvs-archive-product-wrapper"},"_links":{"self":[{"href":"https:\/\/baldumarket.lt\/lt\/wp-json\/wp\/v2\/product\/331495","targetHints":{"allow":["GET"]}}],"collection":[{"href":"https:\/\/baldumarket.lt\/lt\/wp-json\/wp\/v2\/product"}],"about":[{"href":"https:\/\/baldumarket.lt\/lt\/wp-json\/wp\/v2\/types\/product"}],"replies":[{"embeddable":true,"href":"https:\/\/baldumarket.lt\/lt\/wp-json\/wp\/v2\/comments?post=331495"}],"wp:featuredmedia":[{"embeddable":true,"href":"https:\/\/baldumarket.lt\/lt\/wp-json\/wp\/v2\/media\/193243"}],"wp:attachment":[{"href":"https:\/\/baldumarket.lt\/lt\/wp-json\/wp\/v2\/media?parent=331495"}],"wp:term":[{"taxonomy":"product_brand","embeddable":true,"href":"https:\/\/baldumarket.lt\/lt\/wp-json\/wp\/v2\/product_brand?post=331495"},{"taxonomy":"product_cat","embeddable":true,"href":"https:\/\/baldumarket.lt\/lt\/wp-json\/wp\/v2\/product_cat?post=331495"},{"taxonomy":"product_tag","embeddable":true,"href":"https:\/\/baldumarket.lt\/lt\/wp-json\/wp\/v2\/product_tag?post=331495"}],"curies":[{"name":"wp","href":"https:\/\/api.w.org\/{rel}","templated":true}]}}