{"id":331339,"date":"2026-02-24T00:12:15","date_gmt":"2026-02-23T21:12:15","guid":{"rendered":"https:\/\/baldumarket.lt\/?post_type=product&#038;p=331339"},"modified":"2026-04-14T16:36:35","modified_gmt":"2026-04-14T13:36:35","slug":"ettore-dviaukste-lova-su-stalciais-90x200-cm","status":"publish","type":"product","link":"https:\/\/baldumarket.lt\/lt\/product\/ettore-dviaukste-lova-su-stalciais-90x200-cm\/","title":{"rendered":"ETTORE dviauk\u0161t\u0117 lova su stal\u010diais 90&#215;200 cm"},"content":{"rendered":"<p>Dviauk\u0161t\u0117 lova \u201eEttore\u201c \u2013 tai moderni lova, skirta jauniems \u017emon\u0117ms.<br \/>\nVisi\u0161kai naujas, futuristinis lovos dizainas. Jame derinami stori mediniai elementai su baldine lenta. Nepaisant ne\u012fprastos konstrukcijos, lova yra labai stabili.<br \/>\nTvirt\u0173 pu\u0161ies bald\u0173 privalumai \u2013 lengvumas, tvirtumas ir elegancija. Pageidaujant, pu\u0161inius baldus galima beicuoti \u012fvairi\u0173 spalv\u0173 medienos beicais ir padengti ekologi\u0161kais lakais. Vandens pagrindo beicai ir akriliniai lakai yra nekenksmingi vartotojui, puikiai apsaugo nuo per didelio trinties ir ilgai i\u0161laiko nat\u016brali\u0105 spalv\u0105.<br \/>\nDviauk\u0161t\u0117 lova gali b\u016bti gaminama i\u0161 \u012fvairi\u0173 beic\u0173, akrilini\u0173 ir skaidri\u0173 lak\u0173, kurie visi, kaip min\u0117ta, yra ekologi\u0161ki ir saug\u016bs. \u201eEttore\u201c jaunimo dviauk\u0161t\u0117 lova pasi\u017eymi moderniu dizainu ir savyb\u0117mis:<br \/>\ndu stal\u010diai patalynei ant ratuk\u0173 \u2013 \u012fskai\u010diuota \u012f kain\u0105<br \/>\ndu 8 cm storio, itin kieti putplas\u010dio \u010diu\u017einiai su nuimamu, u\u017etrauktuku u\u017esegamu medvilniniu u\u017evalkalu \u2013 galima rinktis i\u0161 \u012fvairi\u0173 variant\u0173<br \/>\ndvi miegamosios zonos, kuri\u0173 matmenys 90 \u00d7 200 cm<br \/>\ndu groteli\u0173 r\u0117mai \u2013 groteli\u0173 r\u0117mus reikia prisukti prie lovos \u0161ono \u2013 tai parodyta paskutin\u0117je nuotraukoje naudojant kit\u0105 model\u012f \u2013 \u012fskai\u010diuota \u012f kain\u0105<br \/>\nspalvas galima derinti \u2013 i\u0161d\u0117stymas parodytas nuotraukoje<br \/>\nGalimi miegamosios dalies dyd\u017eiai:<br \/>\n80\/180 cm<br \/>\n80\/200 cm<br \/>\n90\/190 cm<br \/>\n90\/200 cm<br \/>\nSertifikuota Poznan\u0117s Medienos technologijos instituto<br \/>\nM\u016bs\u0173 pu\u0161in\u0117s konstrukcijos buvo grie\u017etai i\u0161bandytos d\u0117l patvarumo ir saugumo. 2008 m. jos gavo sertifikatus, patvirtinan\u010dius atitikt\u012f PN-EN747-1:2007 ir PN-EN747-2:2007 standart\u0173 reikalavimams, kuriuos i\u0161dav\u0117 Poznan\u0117s Medienos technologij\u0173 institutas. Be to, 2016 m. visas dviauk\u0161tes lovas i\u0161 naujo pateik\u0117me grie\u017etiems bandymams, kad jos atitikt\u0173 nauj\u0173j\u0173 PN-EN747-1+A1:2015 ir PN-EN747-2+A1:2015 standart\u0173 reikalavimus. Nauji sertifikatai buvo i\u0161duoti neribotam laikui, dar kart\u0105 patvirtinant saugi\u0105 vis\u0173 m\u016bs\u0173 dviauk\u0161ti\u0173 lov\u0173 konstrukcij\u0105.<\/p>","protected":false},"excerpt":{"rendered":"<p>Plotis [cm] 208<br \/>\n\u016agis [cm] 156<br \/>\ngylis [cm] 103<br \/>\nVir\u0161utinio \u010diu\u017einio auk\u0161tis [cm] 132<br \/>\nApatinio \u010diu\u017einio auk\u0161tis [cm] 37<\/p>","protected":false},"featured_media":193060,"comment_status":"open","ping_status":"closed","template":"","meta":[],"product_brand":[],"product_cat":[9786,505,1968,4775],"product_tag":[],"class_list":{"0":"post-331339","1":"product","2":"type-product","3":"status-publish","4":"has-post-thumbnail","6":"product_cat-bunk-beds-board-with-pvc-veneer-meblobed","7":"product_cat-bedroom-beds","8":"product_cat-beds-90x200","9":"product_cat-meblobed","11":"first","12":"instock","13":"shipping-taxable","14":"purchasable","15":"product-type-variable","16":"wvs-archive-product-wrapper"},"_links":{"self":[{"href":"https:\/\/baldumarket.lt\/lt\/wp-json\/wp\/v2\/product\/331339","targetHints":{"allow":["GET"]}}],"collection":[{"href":"https:\/\/baldumarket.lt\/lt\/wp-json\/wp\/v2\/product"}],"about":[{"href":"https:\/\/baldumarket.lt\/lt\/wp-json\/wp\/v2\/types\/product"}],"replies":[{"embeddable":true,"href":"https:\/\/baldumarket.lt\/lt\/wp-json\/wp\/v2\/comments?post=331339"}],"wp:featuredmedia":[{"embeddable":true,"href":"https:\/\/baldumarket.lt\/lt\/wp-json\/wp\/v2\/media\/193060"}],"wp:attachment":[{"href":"https:\/\/baldumarket.lt\/lt\/wp-json\/wp\/v2\/media?parent=331339"}],"wp:term":[{"taxonomy":"product_brand","embeddable":true,"href":"https:\/\/baldumarket.lt\/lt\/wp-json\/wp\/v2\/product_brand?post=331339"},{"taxonomy":"product_cat","embeddable":true,"href":"https:\/\/baldumarket.lt\/lt\/wp-json\/wp\/v2\/product_cat?post=331339"},{"taxonomy":"product_tag","embeddable":true,"href":"https:\/\/baldumarket.lt\/lt\/wp-json\/wp\/v2\/product_tag?post=331339"}],"curies":[{"name":"wp","href":"https:\/\/api.w.org\/{rel}","templated":true}]}}