{"id":331309,"date":"2026-02-24T00:08:58","date_gmt":"2026-02-23T21:08:58","guid":{"rendered":"https:\/\/baldumarket.lt\/?post_type=product&#038;p=331309"},"modified":"2026-02-27T14:12:32","modified_gmt":"2026-02-27T11:12:32","slug":"dviaukste-lova-su-stalciais-quatro-3-asmenu-80x200-cm","status":"publish","type":"product","link":"https:\/\/baldumarket.lt\/lt\/product\/dviaukste-lova-su-stalciais-quatro-3-asmenu-80x200-cm\/","title":{"rendered":"Dviauk\u0161t\u0117 lova su stal\u010diais QUATRO 3 asmen\u0173 80\u00d7200 cm"},"content":{"rendered":"<p>Dviauk\u0161t\u0117 lova \u201eQuatro\u201c \u2013 funkcionalumas vaik\u0173 kambariui<br \/>\n\u2019Quatro\u201c dviauk\u0161t\u0117 lova \u2013 tai trij\u0173 asmen\u0173 lovos modelis, specialiai sukurtas k\u016brybi\u0161kam ir funkcionaliam vaik\u0173 kambari\u0173 apstatymui. Tai modernus dizainas, kur\u012f sudaro dvi dviauk\u0161t\u0117s lovos ir apatin\u0117, i\u0161traukiama miegamoji dalis. \u201eQuatro\u201c dviauk\u0161t\u0117 lova ypa\u010d tinka vaik\u0173 ir paaugli\u0173 kambariams, kuriuose gyvena keli broliai ir seserys. \u0160is novatori\u0161kas sprendimas taupo verting\u0105 viet\u0105 kitiems baldams, aksesuarams ar \u017eaislams. \u201eQuatro\u201c dviauk\u0161t\u0117 lova vienoje konstrukcijoje turi tris viengules miegam\u0105sias dalis, u\u017etikrinan\u010dias komfort\u0105 ir lankstum\u0105. Ji yra \u012fvairi\u0173 spalv\u0173, tod\u0117l tiks prie bet kokio vaik\u0173 kambario dizaino, nepriklausomai nuo stiliaus ar sien\u0173 spalvos.<br \/>\nLovos ypatyb\u0117s:<br \/>\n3 itin kieti 8 cm storio putplas\u010dio \u010diu\u017einiai su nuimamu, u\u017etrauktuku u\u017esegamu medvilniniu u\u017evalkalu \u2013 galimi pasirinkimai<br \/>\n3 groteli\u0173 r\u0117mai \u2013 groteli\u0173 r\u0117mus reikia prisukti prie lovos \u0161ono \u2013 tai parodyta paskutin\u0117je nuotraukoje naudojant kit\u0105 model\u012f \u2013 \u012fskai\u010diuota \u012f kain\u0105<br \/>\nMiegamoji erdv\u0117: 80 \u00d7 200 cm, 80 \u00d7 190 cm<br \/>\nAtstumas tarp dviej\u0173 lov\u0173 yra ma\u017edaug 84 cm<br \/>\nDu stal\u010diai patalynei ant ratuk\u0173 \u2013 \u012fskai\u010diuota \u012f kain\u0105<br \/>\nGalima u\u017esisakyti dviej\u0173 spalv\u0173 \u2013 i\u0161d\u0117stymas parodytas nuotraukoje<br \/>\nGalimi miegamosios dalies dyd\u017eiai:<br \/>\n80\/180 cm<br \/>\n80\/200 cm<br \/>\n90\/190 cm<br \/>\n90\/200 cm<br \/>\nSertifikuota Poznan\u0117s Medienos technologijos instituto<br \/>\nM\u016bs\u0173 pu\u0161in\u0117s konstrukcijos buvo grie\u017etai i\u0161bandytos d\u0117l patvarumo ir saugumo. 2008 m. jos gavo sertifikatus, patvirtinan\u010dius atitikt\u012f PN-EN747-1:2007 ir PN-EN747-2:2007 standart\u0173 reikalavimams, kuriuos i\u0161dav\u0117 Poznan\u0117s Medienos technologij\u0173 institutas. Be to, 2016 m. visas dviauk\u0161tes lovas i\u0161 naujo pateik\u0117me grie\u017etiems bandymams, kad jos atitikt\u0173 nauj\u0173j\u0173 PN-EN747-1+A1:2015 ir PN-EN747-2+A1:2015 standart\u0173 reikalavimus. Nauji sertifikatai buvo i\u0161duoti neribotam laikui, dar kart\u0105 patvirtinant saugi\u0105 vis\u0173 m\u016bs\u0173 dviauk\u0161ti\u0173 lov\u0173 konstrukcij\u0105.<\/p>","protected":false},"excerpt":{"rendered":"<p>Plotis [cm] 208<br \/>\n\u016agis [cm] 183<br \/>\nGylis [cm] 87<br \/>\nVir\u0161utinio \u010diu\u017einio auk\u0161tis [cm] 148<br \/>\nVidurinio \u010diu\u017einio auk\u0161tis [cm] 52<br \/>\nApatinio \u010diu\u017einio auk\u0161tis [cm] 37<\/p>","protected":false},"featured_media":192950,"comment_status":"open","ping_status":"closed","template":"","meta":[],"product_brand":[],"product_cat":[9788,505,4775],"product_tag":[],"class_list":{"0":"post-331309","1":"product","2":"type-product","3":"status-publish","4":"has-post-thumbnail","6":"product_cat-bunk-beds-3-persons-pvc-meblobed","7":"product_cat-bedroom-beds","8":"product_cat-meblobed","10":"first","11":"instock","12":"shipping-taxable","13":"purchasable","14":"product-type-variable","15":"wvs-archive-product-wrapper"},"_links":{"self":[{"href":"https:\/\/baldumarket.lt\/lt\/wp-json\/wp\/v2\/product\/331309","targetHints":{"allow":["GET"]}}],"collection":[{"href":"https:\/\/baldumarket.lt\/lt\/wp-json\/wp\/v2\/product"}],"about":[{"href":"https:\/\/baldumarket.lt\/lt\/wp-json\/wp\/v2\/types\/product"}],"replies":[{"embeddable":true,"href":"https:\/\/baldumarket.lt\/lt\/wp-json\/wp\/v2\/comments?post=331309"}],"wp:featuredmedia":[{"embeddable":true,"href":"https:\/\/baldumarket.lt\/lt\/wp-json\/wp\/v2\/media\/192950"}],"wp:attachment":[{"href":"https:\/\/baldumarket.lt\/lt\/wp-json\/wp\/v2\/media?parent=331309"}],"wp:term":[{"taxonomy":"product_brand","embeddable":true,"href":"https:\/\/baldumarket.lt\/lt\/wp-json\/wp\/v2\/product_brand?post=331309"},{"taxonomy":"product_cat","embeddable":true,"href":"https:\/\/baldumarket.lt\/lt\/wp-json\/wp\/v2\/product_cat?post=331309"},{"taxonomy":"product_tag","embeddable":true,"href":"https:\/\/baldumarket.lt\/lt\/wp-json\/wp\/v2\/product_tag?post=331309"}],"curies":[{"name":"wp","href":"https:\/\/api.w.org\/{rel}","templated":true}]}}