{"id":331207,"date":"2026-02-23T23:59:32","date_gmt":"2026-02-23T20:59:32","guid":{"rendered":"https:\/\/baldumarket.lt\/?post_type=product&#038;p=331207"},"modified":"2026-04-14T16:36:43","modified_gmt":"2026-04-14T13:36:43","slug":"dviaukste-lova-su-laiptais-ir-daiktadezemis-parys-3-asmenims-90x200-cm","status":"publish","type":"product","link":"https:\/\/baldumarket.lt\/lt\/product\/dviaukste-lova-su-laiptais-ir-daiktadezemis-parys-3-asmenims-90x200-cm\/","title":{"rendered":"Dviauk\u0161t\u0117 lova su laiptais ir daiktad\u0117\u017e\u0117mis PARYS 3 asmenims 90&#215;200 cm"},"content":{"rendered":"<p>Dviauk\u0161t\u0117 lova \u201eParys\u201c su daiktad\u0117\u017e\u0117mis yra moderni lova, skirta vaikams ir paaugliams.<br \/>\nVisi\u0161kai naujas, futuristinis lovos dizainas. Jame derinami stori mediniai elementai su baldine lenta. Nepaisant ne\u012fprastos konstrukcijos, lova yra labai stabili.<br \/>\nTvirt\u0173 pu\u0161ies bald\u0173 privalumai \u2013 lengvumas, tvirtumas ir elegancija. Pageidaujant, pu\u0161inius baldus galima beicuoti \u012fvairi\u0173 spalv\u0173 medienos beicais ir padengti ekologi\u0161kais lakais. Vandens pagrindo beicai ir akriliniai lakai yra nekenksmingi vartotojui, puikiai apsaugo nuo per didelio trinties ir ilgai i\u0161laiko nat\u016brali\u0105 spalv\u0105.<br \/>\nDviauk\u0161t\u0117 lova gali b\u016bti gaminama i\u0161 \u012fvairi\u0173 spalv\u0173 beic\u0173, akrilini\u0173 ir skaidri\u0173 lak\u0173, kurie, kaip min\u0117ta, yra ekologi\u0161ki ir saug\u016bs. Jaunimo dviauk\u0161t\u0117 lova \u201eParys\u201c pasi\u017eymi moderniu dizainu ir \u0161iomis savyb\u0117mis:<br \/>\nlaiptai su daiktad\u0117\u017e\u0117mis \u2013 \u012fskai\u010diuota<br \/>\nvir\u0161utinis apsauginis tur\u0117klas \u2013 \u012ftrauktas<br \/>\n1 itin kietas, 8 cm storio putplas\u010dio \u010diu\u017einys su nuimamu medvilniniu u\u017evalkalu ir u\u017etrauktuku<br \/>\nir 1 120\/200 cm Alba Bonnell spyruoklinis \u010diu\u017einys \u2013 galima rinktis i\u0161 \u012fvairi\u0173 variant\u0173<br \/>\n2 miegamieji pavir\u0161iai: 90 \u00d7 200 cm ir 120\/200 cm<br \/>\n2 groteli\u0173 r\u0117mai \u2013 groteli\u0173 r\u0117mus reikia prisukti prie lovos \u0161ono \u2013 tai parodyta paskutin\u0117je nuotraukoje naudojant kit\u0105 model\u012f \u2013 \u012ftraukti<br \/>\nGalima \u012fsigyti dviej\u0173 spalv\u0173 \u2013 i\u0161d\u0117stymas kaip parodyta<br \/>\nMatmenys:<br \/>\nI\u0161oriniai lovos matmenys (ilgis\/plotis\/auk\u0161tis): 261 x 128 x 174 cm<br \/>\nVir\u0161utinio \u010diu\u017einio matmenys: 200 x 90 x 8 cm<br \/>\nApatinio \u010diu\u017einio matmenys 200x120x8cm<br \/>\nVir\u0161utinis lovos kra\u0161tas yra 132 cm auk\u0161tyje. Apatinis lovos kra\u0161tas \u2013 35 cm auk\u0161tyje.<br \/>\nLovos r\u0117mas pagamintas i\u0161 pu\u0161ies medienos su baltu akrilo pavir\u0161iumi, o zebrano plok\u0161t\u0117s elementai (taip pat galimi ir kit\u0173 spalv\u0173) padengti ABS briaunomis. Sertifikuota Poznan\u0117s Medienos technologij\u0173 instituto.<br \/>\nM\u016bs\u0173 pu\u0161in\u0117s konstrukcijos buvo grie\u017etai patikrintos d\u0117l patvarumo ir saugumo. 2008 m. jos gavo Poznan\u0117s Medienos technologij\u0173 instituto i\u0161duotus sertifikatus, patvirtinan\u010dius atitikt\u012f PN-EN747-1:2007 ir PN-EN747-2:2007 standart\u0173 reikalavimams.<br \/>\nBe to, 2016 m. visas dviauk\u0161tes lovas i\u0161 naujo pateik\u0117me grie\u017etiems bandymams, kad jos atitikt\u0173 nauj\u0173j\u0173 PN-EN747-1+A1:2015 standart\u0173 ir PN-EN747-2+A1:2015 reikalavimus. Buvo i\u0161duoti nauji sertifikatai neribotam laikui, dar kart\u0105 patvirtinantys saugi\u0105 vis\u0173 m\u016bs\u0173 dviauk\u0161ti\u0173 lov\u0173 konstrukcij\u0105.<\/p>","protected":false},"excerpt":{"rendered":"<p>Plotis [cm] 261<br \/>\n\u016agis [cm] 174<br \/>\ngylis [cm] 128<br \/>\nVir\u0161utinio \u010diu\u017einio auk\u0161tis [cm] 132<br \/>\nApatinis \u010diu\u017einio auk\u0161tis [cm] 35<\/p>","protected":false},"featured_media":193307,"comment_status":"open","ping_status":"closed","template":"","meta":[],"product_brand":[],"product_cat":[9789,505,1968,4775],"product_tag":[],"class_list":{"0":"post-331207","1":"product","2":"type-product","3":"status-publish","4":"has-post-thumbnail","6":"product_cat-bunk-beds-90x200-120x200-pvc-meblobed","7":"product_cat-bedroom-beds","8":"product_cat-beds-90x200","9":"product_cat-meblobed","11":"first","12":"instock","13":"shipping-taxable","14":"purchasable","15":"product-type-variable","16":"wvs-archive-product-wrapper"},"_links":{"self":[{"href":"https:\/\/baldumarket.lt\/lt\/wp-json\/wp\/v2\/product\/331207","targetHints":{"allow":["GET"]}}],"collection":[{"href":"https:\/\/baldumarket.lt\/lt\/wp-json\/wp\/v2\/product"}],"about":[{"href":"https:\/\/baldumarket.lt\/lt\/wp-json\/wp\/v2\/types\/product"}],"replies":[{"embeddable":true,"href":"https:\/\/baldumarket.lt\/lt\/wp-json\/wp\/v2\/comments?post=331207"}],"wp:featuredmedia":[{"embeddable":true,"href":"https:\/\/baldumarket.lt\/lt\/wp-json\/wp\/v2\/media\/193307"}],"wp:attachment":[{"href":"https:\/\/baldumarket.lt\/lt\/wp-json\/wp\/v2\/media?parent=331207"}],"wp:term":[{"taxonomy":"product_brand","embeddable":true,"href":"https:\/\/baldumarket.lt\/lt\/wp-json\/wp\/v2\/product_brand?post=331207"},{"taxonomy":"product_cat","embeddable":true,"href":"https:\/\/baldumarket.lt\/lt\/wp-json\/wp\/v2\/product_cat?post=331207"},{"taxonomy":"product_tag","embeddable":true,"href":"https:\/\/baldumarket.lt\/lt\/wp-json\/wp\/v2\/product_tag?post=331207"}],"curies":[{"name":"wp","href":"https:\/\/api.w.org\/{rel}","templated":true}]}}