{"id":331195,"date":"2026-02-23T23:58:46","date_gmt":"2026-02-23T20:58:46","guid":{"rendered":"https:\/\/baldumarket.lt\/?post_type=product&#038;p=331195"},"modified":"2026-04-14T16:36:43","modified_gmt":"2026-04-14T13:36:43","slug":"dviaukste-lova-su-kopeciomis-simon-2-asmenims-90x200-cm","status":"publish","type":"product","link":"https:\/\/baldumarket.lt\/lt\/product\/dviaukste-lova-su-kopeciomis-simon-2-asmenims-90x200-cm\/","title":{"rendered":"Dviauk\u0161t\u0117 lova su kop\u0117\u010diomis SIMON 2 asmenims 90&#215;200 cm"},"content":{"rendered":"<p>Simon dviauk\u0161t\u0117 lova yra moderni lova, skirta jauniems \u017emon\u0117ms.<br \/>\nVisi\u0161kai naujas, futuristinis lovos dizainas. Jame derinami stori mediniai elementai su baldine lenta. Nepaisant ne\u012fprastos konstrukcijos, lova yra labai stabili.<br \/>\nTvirt\u0173 pu\u0161ies bald\u0173 privalumai \u2013 lengvumas, tvirtumas ir elegancija. Pageidaujant, pu\u0161inius baldus galima beicuoti \u012fvairi\u0173 spalv\u0173 medienos beicais ir padengti ekologi\u0161kais lakais. Vandens pagrindo beicai ir akriliniai lakai yra nekenksmingi vartotojui, puikiai apsaugo nuo per didelio trinties ir ilgai i\u0161laiko nat\u016brali\u0105 spalv\u0105.<br \/>\nDviauk\u0161t\u0117 lova gali b\u016bti gaminama i\u0161 \u012fvairi\u0173 spalv\u0173 beic\u0173, akrilini\u0173 ir skaidri\u0173 lak\u0173, kurie, kaip min\u0117ta, yra ekologi\u0161ki ir saug\u016bs. \u201eSimon\u201c jaunimo dviauk\u0161t\u0117 lova \u2013 tai modernaus dizaino gaminys, turintis \u0161ias specifikacijas:<br \/>\nKop\u0117\u010dios \u2013 \u012fskai\u010diuotos<br \/>\nDu 8 cm storio, itin kieti putplas\u010dio \u010diu\u017einiai su nuimamu, u\u017etrauktuku u\u017esegamu medvilniniu u\u017evalkalu \u2013 galima rinktis i\u0161 \u012fvairi\u0173 variant\u0173<br \/>\nDu miegamieji pavir\u0161iai, kuri\u0173 matmenys 90 x 200 cm<br \/>\nDu groteli\u0173 r\u0117mai \u2013 groteli\u0173 r\u0117mus reikia prisukti prie lovos \u0161ono \u2013 tai parodyta paskutin\u0117je nuotraukoje naudojant kit\u0105 model\u012f \u2013 pridedami<br \/>\nGalima u\u017esisakyti dviej\u0173 spalv\u0173 \u2013 i\u0161d\u0117stymas parodytas nuotraukoje<br \/>\nMatmenys:<br \/>\nI\u0161oriniai lovos matmenys (ilgis\/plotis\/auk\u0161tis): 208 x 98 x 149 cm<br \/>\nVir\u0161utinio \u010diu\u017einio matmenys: 200 x 90 x 8 cm<br \/>\nApatinio \u010diu\u017einio matmenys: 200 x 90 x 8 cm<br \/>\nVir\u0161utinio kra\u0161to auk\u0161tis: 121 cm<br \/>\nApatinio kra\u0161to auk\u0161tis: 10 cm<br \/>\nLovos r\u0117mas pagamintas i\u0161 med\u017eio. Pu\u0161ies mediena padengta baltu akrilo pavir\u0161iumi, antracito plok\u0161t\u0117s elementai (taip pat galimi ir kit\u0173 spalv\u0173) apdailinti ABS briaunomis. Galimi miego pavir\u0161iaus dyd\u017eiai:<br \/>\n80\/180 cm<br \/>\n80\/200 cm<br \/>\n90\/190 cm<br \/>\n90\/200 cm<br \/>\nSertifikuota Poznan\u0117s Medienos technologij\u0173 instituto<br \/>\nM\u016bs\u0173 pu\u0161in\u0117s konstrukcijos buvo kruop\u0161\u010diai i\u0161bandytos d\u0117l patvarumo ir saugumo. 2008 m. jos gavo Poznan\u0117s Medienos technologij\u0173 instituto i\u0161duotus sertifikatus, patvirtinan\u010dius atitikt\u012f PN-EN747-1:2007 ir PN-EN747-2:2007 standart\u0173 reikalavimams.<br \/>\nBe to, 2016 m. visas dviauk\u0161tes lovas i\u0161 naujo pateik\u0117me grie\u017etiems bandymams, kad jos atitikt\u0173 nauj\u0173j\u0173 PN-EN747-1+A1:2015 standart\u0173 ir PN-EN747-2+A1:2015 reikalavimus. Buvo i\u0161duoti nauji sertifikatai neribotam laikui, dar kart\u0105 patvirtinantys saugi\u0105 vis\u0173 m\u016bs\u0173 dviauk\u0161ti\u0173 lov\u0173 konstrukcij\u0105.<\/p>","protected":false},"excerpt":{"rendered":"<p>Plotis [cm] 208<br \/>\n\u016agis [cm] 149<br \/>\nGylis [cm] 98<br \/>\nVir\u0161utinio \u010diu\u017einio auk\u0161tis [cm] 121<br \/>\nApatinio \u010diu\u017einio auk\u0161tis [cm] 10<\/p>","protected":false},"featured_media":193270,"comment_status":"open","ping_status":"closed","template":"","meta":[],"product_brand":[],"product_cat":[9786,505,1968,4775],"product_tag":[],"class_list":{"0":"post-331195","1":"product","2":"type-product","3":"status-publish","4":"has-post-thumbnail","6":"product_cat-bunk-beds-board-with-pvc-veneer-meblobed","7":"product_cat-bedroom-beds","8":"product_cat-beds-90x200","9":"product_cat-meblobed","11":"first","12":"instock","13":"shipping-taxable","14":"purchasable","15":"product-type-variable","16":"wvs-archive-product-wrapper"},"_links":{"self":[{"href":"https:\/\/baldumarket.lt\/lt\/wp-json\/wp\/v2\/product\/331195","targetHints":{"allow":["GET"]}}],"collection":[{"href":"https:\/\/baldumarket.lt\/lt\/wp-json\/wp\/v2\/product"}],"about":[{"href":"https:\/\/baldumarket.lt\/lt\/wp-json\/wp\/v2\/types\/product"}],"replies":[{"embeddable":true,"href":"https:\/\/baldumarket.lt\/lt\/wp-json\/wp\/v2\/comments?post=331195"}],"wp:featuredmedia":[{"embeddable":true,"href":"https:\/\/baldumarket.lt\/lt\/wp-json\/wp\/v2\/media\/193270"}],"wp:attachment":[{"href":"https:\/\/baldumarket.lt\/lt\/wp-json\/wp\/v2\/media?parent=331195"}],"wp:term":[{"taxonomy":"product_brand","embeddable":true,"href":"https:\/\/baldumarket.lt\/lt\/wp-json\/wp\/v2\/product_brand?post=331195"},{"taxonomy":"product_cat","embeddable":true,"href":"https:\/\/baldumarket.lt\/lt\/wp-json\/wp\/v2\/product_cat?post=331195"},{"taxonomy":"product_tag","embeddable":true,"href":"https:\/\/baldumarket.lt\/lt\/wp-json\/wp\/v2\/product_tag?post=331195"}],"curies":[{"name":"wp","href":"https:\/\/api.w.org\/{rel}","templated":true}]}}