{"id":331111,"date":"2026-02-23T23:50:08","date_gmt":"2026-02-23T20:50:08","guid":{"rendered":"https:\/\/baldumarket.lt\/?post_type=product&#038;p=331111"},"modified":"2026-04-14T16:36:51","modified_gmt":"2026-04-14T13:36:51","slug":"dvi-minkstos-lovos-combra-ii-dorian-antresole-90x200-cm","status":"publish","type":"product","link":"https:\/\/baldumarket.lt\/lt\/product\/dvi-minkstos-lovos-combra-ii-dorian-antresole-90x200-cm\/","title":{"rendered":"Dvi mink\u0161tos lovos \u201eCoimbra II\u201c + \u201eDorian\u201c antresol\u0117 90\u00d7200 cm"},"content":{"rendered":"<p>\u201eCombra 2\u201c mink\u0161ta lova \u2013 tai moderni lova, skirta paaugliams ir suaugusiesiems (renkantis \u201eBonnell\u201c spyruoklin\u012f \u010diu\u017ein\u012f).<br \/>\nModernus lovos dizainas ir paprastumas leid\u017eia jai tilpti \u012f bet kok\u012f interjer\u0105. \u201eCombra\u201c lovos specifikacijos:<br \/>\nLova, kurios miegamoji erdv\u0117 90 \u00d7 200 cm<br \/>\nPagaminta i\u0161 laminuotos plok\u0161t\u0117s<br \/>\nPilnai apmu\u0161ta lova \u2013 galima rinktis i\u0161 6 spalv\u0173 \u2013 \u017er. skirtuk\u0105 \u201cPasirinkite spalv\u0105\u201d<br \/>\n\u012e kain\u0105 \u012fskai\u010diuotas 14 cm \u201eBonnell\u201c spyruoklinis \u010diu\u017einys. Lova turi patalyn\u0117s skyri\u0173.<br \/>\nPatalyn\u0117s laikymo skyrius turi spyruokles, tod\u0117l atidaryti konteiner\u012f patogu ir lengva.<br \/>\nVertikali\u0173 juost\u0173 dygsniavimas<br \/>\nI\u0161oriniai lovos matmenys (ilgis\/plotis\/auk\u0161tis) \u2013 205x95x95 cm<br \/>\nMiegamosios dalies matmenys \u2013 200 \u00d7 90 cm<br \/>\nMiegamosios dalies auk\u0161tis \u2013 45 cm<br \/>\nPatalynei skirta laikymo skyriaus med\u017eiaga \u2013 16 mm laminuota plok\u0161t\u0117 + mediena<br \/>\nAtlo\u0161o med\u017eiaga \u2013 16 mm laminuota plok\u0161t\u0117 + T21 putplastis<br \/>\n\u010ciu\u017einio med\u017eiaga \u2013 Bonnell spyruoklinis audinys + T21 putplastis<br \/>\nLovos kojeli\u0173 med\u017eiaga \u2013 plastikas<br \/>\nDorian lova \u2013 \u0161ios sistemos pagrindas yra viengul\u0117 dviauk\u0161t\u0117 lova \u010diu\u017einiui, kurioje vietoj standartini\u0173 kop\u0117\u010di\u0173 naudojami laiptai.<br \/>\nU\u017edar\u0173 lentyn\u0173 i\u0161d\u0117stymas lovos pakopose leid\u017eia laiptams atlikti lentynos funkcij\u0105, tod\u0117l \u0161is modelis tampa dar patrauklesnis, nes sukuriama papildomos vietos daiktams susid\u0117ti. Laiptus galima i\u0161d\u0117styti de\u0161in\u0117je arba kair\u0117je pus\u0117je.<br \/>\nBaldai gali b\u016bti baltos spalvos (standartin\u0117 spalva \u2013 keisti negalima) su m\u0117lynos, \u017ealios, oran\u017ein\u0117s, pelen\u0173 arba ro\u017ein\u0117s spalvos pasirinkimu.<br \/>\nPut\u0173 \u010diu\u017einys \u012f lovos komplekt\u0105 ne\u012feina ir turi b\u016bti u\u017esakomas atskirai.<br \/>\nDviauk\u0161t\u0117 lova \u201eDorian\u201c \u2013 specifikacijos:<br \/>\nTik lova \u2013 \u012fskai\u010diuota \u012f kain\u0105<br \/>\nU\u017edar\u0173 lentyn\u0173 i\u0161d\u0117stymas lovos laipteliuose leid\u017eia laiptams atlikti lentynos funkcij\u0105<br \/>\nLaiptai gali b\u016bti i\u0161d\u0117styti de\u0161in\u0117je arba kair\u0117je pus\u0117je.<br \/>\nLova pagaminta i\u0161 100% laminuotos plok\u0161t\u0117s. 22 mm storio ABS klijuotas r\u0117mas \u2013 r\u0117mo lentos turi b\u016bti prisukamos prie lovos \u0161ono \u2013 tai parodyta paskutin\u0117je nuotraukoje naudojant kit\u0105 model\u012f.<br \/>\n8 cm putplas\u010dio \u010diu\u017einys \u2013 \u012fsigyjamas atskirai.<br \/>\nGalima u\u017esisakyti bet kok\u012f \u010diu\u017ein\u012f, kurio auk\u0161tis iki 16 cm.<br \/>\nKeliamoji galia iki 90 kg.<br \/>\nMatmenys:<br \/>\nI\u0161oriniai lovos matmenys (ilgis\/plotis\/auk\u0161tis): 205\/97\/187 cm<br \/>\nI\u0161oriniai laipteli\u0173 matmenys (I\/P\/A): 54\/104\/167(187) cm<br \/>\nI\u0161oriniai lovos su laipteliais matmenys (I\/P\/A): 259\/104\/187 cm<br \/>\nPastaba: Gamintojas pasilieka teis\u0119 keisti bald\u0173 dizain\u0105 nekeisdamas bendro j\u0173 charakterio. Spalvos nuotraukose gali skirtis nuo tikr\u0173j\u0173 spalv\u0173. Visi matmenys nurodyti cm su +- 2 cm paklaida.<\/p>","protected":false},"excerpt":{"rendered":"<p>plotis [cm] 205\u2013259<br \/>\n\u016agis [cm] 187<br \/>\ngylis [cm] 97<br \/>\nVir\u0161utinio \u010diu\u017einio auk\u0161tis [cm] 151<\/p>","protected":false},"featured_media":193648,"comment_status":"open","ping_status":"closed","template":"","meta":[],"product_brand":[],"product_cat":[9789,505,1968,4775],"product_tag":[],"class_list":{"0":"post-331111","1":"product","2":"type-product","3":"status-publish","4":"has-post-thumbnail","6":"product_cat-bunk-beds-90x200-120x200-pvc-meblobed","7":"product_cat-bedroom-beds","8":"product_cat-beds-90x200","9":"product_cat-meblobed","11":"first","12":"instock","13":"shipping-taxable","14":"purchasable","15":"product-type-variable","16":"wvs-archive-product-wrapper"},"_links":{"self":[{"href":"https:\/\/baldumarket.lt\/lt\/wp-json\/wp\/v2\/product\/331111","targetHints":{"allow":["GET"]}}],"collection":[{"href":"https:\/\/baldumarket.lt\/lt\/wp-json\/wp\/v2\/product"}],"about":[{"href":"https:\/\/baldumarket.lt\/lt\/wp-json\/wp\/v2\/types\/product"}],"replies":[{"embeddable":true,"href":"https:\/\/baldumarket.lt\/lt\/wp-json\/wp\/v2\/comments?post=331111"}],"wp:featuredmedia":[{"embeddable":true,"href":"https:\/\/baldumarket.lt\/lt\/wp-json\/wp\/v2\/media\/193648"}],"wp:attachment":[{"href":"https:\/\/baldumarket.lt\/lt\/wp-json\/wp\/v2\/media?parent=331111"}],"wp:term":[{"taxonomy":"product_brand","embeddable":true,"href":"https:\/\/baldumarket.lt\/lt\/wp-json\/wp\/v2\/product_brand?post=331111"},{"taxonomy":"product_cat","embeddable":true,"href":"https:\/\/baldumarket.lt\/lt\/wp-json\/wp\/v2\/product_cat?post=331111"},{"taxonomy":"product_tag","embeddable":true,"href":"https:\/\/baldumarket.lt\/lt\/wp-json\/wp\/v2\/product_tag?post=331111"}],"curies":[{"name":"wp","href":"https:\/\/api.w.org\/{rel}","templated":true}]}}