{"id":331099,"date":"2026-02-23T23:48:41","date_gmt":"2026-02-23T20:48:41","guid":{"rendered":"https:\/\/baldumarket.lt\/?post_type=product&#038;p=331099"},"modified":"2026-04-14T16:36:51","modified_gmt":"2026-04-14T13:36:51","slug":"dorian-mezzanine-dviaukste-lova-90x200-cm","status":"publish","type":"product","link":"https:\/\/baldumarket.lt\/lt\/product\/dorian-mezzanine-dviaukste-lova-90x200-cm\/","title":{"rendered":"Dorian mezzanine dviauk\u0161t\u0117 lova 90&#215;200 cm"},"content":{"rendered":"<p>\u201eDorian Beds\u201c \u2013 \u0161ios sistemos pagrindas \u2013 viengul\u0117 dviauk\u0161t\u0117 lova 90\u00d7200 cm \u010diu\u017einiui, kurioje vietoj standartini\u0173 kop\u0117\u010di\u0173 naudojami laiptai.<br \/>\nU\u017edar\u0173 lentyn\u0173 i\u0161d\u0117stymas lovos pakopose leid\u017eia laiptams atlikti lentynos funkcij\u0105, tod\u0117l \u0161is modelis tampa dar patrauklesnis, nes sukuriama papildomos vietos daiktams susid\u0117ti. Laiptus galima i\u0161d\u0117styti tiek de\u0161in\u0117je, tiek kair\u0117je pus\u0117je.<br \/>\nSistema leid\u017eia po lova pastatyti papildomus elementus: drabu\u017ei\u0173 spint\u0105, stal\u0105 arba dviauk\u0161t\u0119 lov\u0105 90\u00d7200 cm \u010diu\u017einiui \u2013 paie\u0161kos juostoje \u012fveskite \u201eDorian\u201c (\u0161iuo atveju \u2013 pa\u010di\u0105 lov\u0105).<br \/>\nBaldai yra baltos spalvos (pagrindin\u0117 spalva \u2013 nekei\u010diama) su m\u0117lynos, \u017ealios, oran\u017ein\u0117s, pelen\u0173 arba ro\u017ein\u0117s spalvos pasirinkimu.<br \/>\nPut\u0173 \u010diu\u017einys \u012f lovos komplekt\u0105 ne\u012feina ir turi b\u016bti u\u017esakomas atskirai.<br \/>\nDviauk\u0161t\u0117 lova \u201eDorian\u201c \u2013 specifikacijos:<br \/>\nTik lova \u2013 \u012fskai\u010diuota \u012f kain\u0105<br \/>\nU\u017erakintos lentynos lovos laipteliuose leid\u017eia laiptelius naudoti kaip lentyn\u0105<br \/>\nLaipteliai gali b\u016bti i\u0161d\u0117styti de\u0161in\u0117je arba kair\u0117je pus\u0117je.<br \/>\nLova pagaminta i\u0161 100% laminuotos plok\u0161t\u0117s. Apvadas apvadu \u2013 22 mm storio ABS plastiko plok\u0161t\u0117.<br \/>\nGroteli\u0173 r\u0117mas \u2013 groteles reikia prisukti prie lovos \u0161ono \u2013 tai parodyta paskutin\u0117je nuotraukoje naudojant kit\u0105 model\u012f \u2013 \u012fskai\u010diuota \u012f kain\u0105<br \/>\n8 cm putplas\u010dio \u010diu\u017einys \u2013 \u012fsigyjamas papildomai<br \/>\nGalima u\u017esisakyti bet kok\u012f \u010diu\u017ein\u012f iki 16 cm auk\u0161\u010dio<br \/>\nKeliamoji galia iki 90 kg<br \/>\nMatmenys:<br \/>\nI\u0161oriniai lovos matmenys (ilgis\/plotis\/auk\u0161tis): 205\/97\/187 cm<br \/>\nI\u0161oriniai laipteli\u0173 matmenys (I\/P\/A): 54\/104\/167(187) cm<br \/>\nI\u0161oriniai lovos su laipteliais matmenys (ilgis\/plotis\/auk\u0161tis): 259\/104\/187 cm<\/p>","protected":false},"excerpt":{"rendered":"<p>plotis [cm] 205\u2013259<br \/>\n\u016agis [cm] 187<br \/>\ngylis [cm] 97<br \/>\nVir\u0161utinio \u010diu\u017einio auk\u0161tis [cm] 151<\/p>","protected":false},"featured_media":193506,"comment_status":"open","ping_status":"closed","template":"","meta":[],"product_brand":[],"product_cat":[9789,505,1968,4775],"product_tag":[],"class_list":{"0":"post-331099","1":"product","2":"type-product","3":"status-publish","4":"has-post-thumbnail","6":"product_cat-bunk-beds-90x200-120x200-pvc-meblobed","7":"product_cat-bedroom-beds","8":"product_cat-beds-90x200","9":"product_cat-meblobed","11":"first","12":"instock","13":"shipping-taxable","14":"purchasable","15":"product-type-variable","16":"wvs-archive-product-wrapper"},"_links":{"self":[{"href":"https:\/\/baldumarket.lt\/lt\/wp-json\/wp\/v2\/product\/331099","targetHints":{"allow":["GET"]}}],"collection":[{"href":"https:\/\/baldumarket.lt\/lt\/wp-json\/wp\/v2\/product"}],"about":[{"href":"https:\/\/baldumarket.lt\/lt\/wp-json\/wp\/v2\/types\/product"}],"replies":[{"embeddable":true,"href":"https:\/\/baldumarket.lt\/lt\/wp-json\/wp\/v2\/comments?post=331099"}],"wp:featuredmedia":[{"embeddable":true,"href":"https:\/\/baldumarket.lt\/lt\/wp-json\/wp\/v2\/media\/193506"}],"wp:attachment":[{"href":"https:\/\/baldumarket.lt\/lt\/wp-json\/wp\/v2\/media?parent=331099"}],"wp:term":[{"taxonomy":"product_brand","embeddable":true,"href":"https:\/\/baldumarket.lt\/lt\/wp-json\/wp\/v2\/product_brand?post=331099"},{"taxonomy":"product_cat","embeddable":true,"href":"https:\/\/baldumarket.lt\/lt\/wp-json\/wp\/v2\/product_cat?post=331099"},{"taxonomy":"product_tag","embeddable":true,"href":"https:\/\/baldumarket.lt\/lt\/wp-json\/wp\/v2\/product_tag?post=331099"}],"curies":[{"name":"wp","href":"https:\/\/api.w.org\/{rel}","templated":true}]}}