{"id":331045,"date":"2026-02-23T23:44:00","date_gmt":"2026-02-23T20:44:00","guid":{"rendered":"https:\/\/baldumarket.lt\/?post_type=product&#038;p=331045"},"modified":"2026-03-03T12:01:31","modified_gmt":"2026-03-03T09:01:31","slug":"dois-jaunimo-isskleidziama-lova-2-asmenims-80x200-cm","status":"publish","type":"product","link":"https:\/\/baldumarket.lt\/lt\/product\/dois-jaunimo-isskleidziama-lova-2-asmenims-80x200-cm\/","title":{"rendered":"DOIS jaunimo i\u0161skleid\u017eiama lova 2 asmenims 80\u00d7200 cm"},"content":{"rendered":"<p>\u201eDois Trundle Bed\u201c \u2013 modernus baldas su patobulintu funkcionalumu<br \/>\nM\u016bs\u0173 i\u0161skleid\u017eiama lova \u2019Dois\u201c yra 2 viename baldas, si\u016blantis modern\u0173 sprendim\u0105 vaik\u0173 ir paaugli\u0173 kambariams. Ji priklauso m\u016bs\u0173 i\u0161skleid\u017eiam\u0173 ir dviauk\u0161ti\u0173 lov\u0173 kolekcijai. Originali \u0161io modelio versija turi viengul\u012f 80 x 200 cm dyd\u017eio \u010diu\u017ein\u012f, u\u017etikrinant\u012f auk\u0161\u010diausi\u0105 miego komfort\u0105. I\u0161skleid\u017eiama lova \u201eDois\u201c pasi\u017eymi patobulintu funkcionalumu d\u0117l galimyb\u0117s i\u0161pl\u0117sti antr\u0105 80 x 190 cm dyd\u017eio \u010diu\u017ein\u012f, suteikiant\u012f naudotojams du didelius miego pavir\u0161ius. I\u0161skleid\u017eiamoje lovoje \u201eDois\u201c derinamas nat\u016bralios medienos estetika su naujausiomis spalvomis, pabr\u0117\u017eiant modern\u0173 baldo charakter\u012f. Svarbu tai, kad si\u016blomos \u012fvairios spalv\u0173 parinktys, pavyzd\u017eiui, grafito beico ir akrilo ro\u017ein\u0117s, tod\u0117l lov\u0105 galite priderinti prie bet kurio vaik\u0173 ar paaugli\u0173 kambario dekoro ir dizaino. \u0160is modelis ypa\u010d tinka kambariams, kuriuose gyvena broliai ir seserys. \u201eDois\u201c lova sutaupys vertingos vietos dien\u0105, o nakt\u012f suteiks dvi patogias miegojimo zonas.<br \/>\nLovos ypatyb\u0117s:<br \/>\nDu 8 cm storio, itin kieti putplas\u010dio \u010diu\u017einiai su nuimamu, u\u017etrauktuku u\u017esegamu medvilniniu u\u017evalkalu \u2013 galima rinktis i\u0161 \u012fvairi\u0173 variant\u0173<br \/>\nDu groteli\u0173 r\u0117mai \u2013 groteli\u0173 r\u0117mus reikia prisukti prie lovos \u0161ono \u2013 tai parodyta paskutin\u0117je nuotraukoje naudojant kit\u0105 model\u012f \u2013 \u012fskai\u010diuota \u012f kain\u0105<br \/>\nVir\u0161utinio \u010diu\u017einio miegamasis plotas: 80 x 200 cm<br \/>\nApatinio \u010diu\u017einio miegamasis plotas: 80 x 190 cm<br \/>\nDu stal\u010diai patalynei, i\u0161traukiami ant ratuk\u0173 \u2013 \u012fskai\u010diuota \u012f kain\u0105<br \/>\n\u012ed\u0117klai pagaminti i\u0161 kartono su ABS apvadais<br \/>\nSpalv\u0173 schema, kaip parodyta nuotraukoje<br \/>\nGalimi miegamojo pavir\u0161iaus dyd\u017eiai:<br \/>\n80\/180 cm<br \/>\n80\/200 cm<br \/>\n90\/190 cm<br \/>\n90\/200 cm<br \/>\nSertifikuota Poznan\u0117s Medienos technologij\u0173 instituto<br \/>\nM\u016bs\u0173 pu\u0161in\u0117s konstrukcijos buvo grie\u017etai patikrintos d\u0117l patvarumo ir saugumo. 2008 m. jos gavo Poznan\u0117s Medienos technologij\u0173 instituto i\u0161duotus sertifikatus, patvirtinan\u010dius atitikt\u012f PN-EN747-1:2007 ir PN-EN747-2:2007 standart\u0173 reikalavimams.<br \/>\nBe to, 2016 m. visas dviauk\u0161tes lovas i\u0161 naujo pateik\u0117me grie\u017etiems bandymams, kad jos atitikt\u0173 nauj\u0173j\u0173 PN-EN747-1+A1:2015 ir PN-EN747-2+A1:2015 standart\u0173 reikalavimus. Nauji sertifikatai buvo i\u0161duoti neribotam laikui, dar kart\u0105 patvirtinant saugi\u0105 vis\u0173 m\u016bs\u0173 dviauk\u0161ti\u0173 lov\u0173 konstrukcij\u0105.<\/p>","protected":false},"excerpt":{"rendered":"<p>Plotis [cm] 208<br \/>\n\u016agis [cm] 79<br \/>\ngylis [cm] 87<br \/>\nVir\u0161utinio \u010diu\u017einio auk\u0161tis [cm] 52<br \/>\nApatinio \u010diu\u017einio auk\u0161tis [cm] 37<\/p>","protected":false},"featured_media":192936,"comment_status":"open","ping_status":"closed","template":"","meta":[],"product_brand":[],"product_cat":[9784,505,4775],"product_tag":[],"class_list":{"0":"post-331045","1":"product","2":"type-product","3":"status-publish","4":"has-post-thumbnail","6":"product_cat-ground-floor-beds-pine-wood-tiled-meblobed","7":"product_cat-bedroom-beds","8":"product_cat-meblobed","10":"first","11":"instock","12":"shipping-taxable","13":"purchasable","14":"product-type-variable","15":"wvs-archive-product-wrapper"},"_links":{"self":[{"href":"https:\/\/baldumarket.lt\/lt\/wp-json\/wp\/v2\/product\/331045","targetHints":{"allow":["GET"]}}],"collection":[{"href":"https:\/\/baldumarket.lt\/lt\/wp-json\/wp\/v2\/product"}],"about":[{"href":"https:\/\/baldumarket.lt\/lt\/wp-json\/wp\/v2\/types\/product"}],"replies":[{"embeddable":true,"href":"https:\/\/baldumarket.lt\/lt\/wp-json\/wp\/v2\/comments?post=331045"}],"wp:featuredmedia":[{"embeddable":true,"href":"https:\/\/baldumarket.lt\/lt\/wp-json\/wp\/v2\/media\/192936"}],"wp:attachment":[{"href":"https:\/\/baldumarket.lt\/lt\/wp-json\/wp\/v2\/media?parent=331045"}],"wp:term":[{"taxonomy":"product_brand","embeddable":true,"href":"https:\/\/baldumarket.lt\/lt\/wp-json\/wp\/v2\/product_brand?post=331045"},{"taxonomy":"product_cat","embeddable":true,"href":"https:\/\/baldumarket.lt\/lt\/wp-json\/wp\/v2\/product_cat?post=331045"},{"taxonomy":"product_tag","embeddable":true,"href":"https:\/\/baldumarket.lt\/lt\/wp-json\/wp\/v2\/product_tag?post=331045"}],"curies":[{"name":"wp","href":"https:\/\/api.w.org\/{rel}","templated":true}]}}