{"id":330979,"date":"2026-02-23T23:37:23","date_gmt":"2026-02-23T20:37:23","guid":{"rendered":"https:\/\/baldumarket.lt\/?post_type=product&#038;p=330979"},"modified":"2026-04-14T16:36:59","modified_gmt":"2026-04-14T13:36:59","slug":"astra-metaline-jaunimo-lova-90x200-cm","status":"publish","type":"product","link":"https:\/\/baldumarket.lt\/lt\/product\/astra-metaline-jaunimo-lova-90x200-cm\/","title":{"rendered":"ASTRA metalin\u0117 jaunimo lova 90\u00d7200 cm"},"content":{"rendered":"<p>\u201eAstra\u201c jaunimo lova yra ideali alternatyva lentoms ar medin\u0117ms lovoms.<br \/>\nMetalin\u0117 lova, kurios miegamoji dalis 90 \u00d7 200 cm<br \/>\nSpalvos \u2013 kaip parodyta paveiksl\u0117lyje<br \/>\n\u012e kain\u0105 \u012fskai\u010diuotas r\u0117mas, tinka \u010diu\u017einiams, ne auk\u0161tesniems nei 15 cm.<br \/>\nGroteli\u0173 r\u0117mas \u2013 r\u0117mo groteles reikia prisukti prie lovos \u0161ono \u2013 tai parodyta paskutin\u0117je nuotraukoje naudojant kit\u0105 model\u012f.<br \/>\nLova be \u010diu\u017einio \u2013 galite \u012fsigyti m\u016bs\u0173 \u010ciu\u017eini\u0173 skyriuje.<\/p>","protected":false},"excerpt":{"rendered":"<p>Plotis [cm] 210<br \/>\n\u016agis [cm] 77<br \/>\ngylis [cm] 97<br \/>\nApatinio \u010diu\u017einio auk\u0161tis [cm] 32<\/p>","protected":false},"featured_media":193748,"comment_status":"open","ping_status":"closed","template":"","meta":[],"product_brand":[],"product_cat":[9791,505,1968,4775],"product_tag":[],"class_list":{"0":"post-330979","1":"product","2":"type-product","3":"status-publish","4":"has-post-thumbnail","6":"product_cat-metal-beds-meblobed","7":"product_cat-bedroom-beds","8":"product_cat-beds-90x200","9":"product_cat-meblobed","11":"first","12":"instock","13":"shipping-taxable","14":"purchasable","15":"product-type-variable","16":"wvs-archive-product-wrapper"},"_links":{"self":[{"href":"https:\/\/baldumarket.lt\/lt\/wp-json\/wp\/v2\/product\/330979","targetHints":{"allow":["GET"]}}],"collection":[{"href":"https:\/\/baldumarket.lt\/lt\/wp-json\/wp\/v2\/product"}],"about":[{"href":"https:\/\/baldumarket.lt\/lt\/wp-json\/wp\/v2\/types\/product"}],"replies":[{"embeddable":true,"href":"https:\/\/baldumarket.lt\/lt\/wp-json\/wp\/v2\/comments?post=330979"}],"wp:featuredmedia":[{"embeddable":true,"href":"https:\/\/baldumarket.lt\/lt\/wp-json\/wp\/v2\/media\/193748"}],"wp:attachment":[{"href":"https:\/\/baldumarket.lt\/lt\/wp-json\/wp\/v2\/media?parent=330979"}],"wp:term":[{"taxonomy":"product_brand","embeddable":true,"href":"https:\/\/baldumarket.lt\/lt\/wp-json\/wp\/v2\/product_brand?post=330979"},{"taxonomy":"product_cat","embeddable":true,"href":"https:\/\/baldumarket.lt\/lt\/wp-json\/wp\/v2\/product_cat?post=330979"},{"taxonomy":"product_tag","embeddable":true,"href":"https:\/\/baldumarket.lt\/lt\/wp-json\/wp\/v2\/product_tag?post=330979"}],"curies":[{"name":"wp","href":"https:\/\/api.w.org\/{rel}","templated":true}]}}