{"id":33096,"date":"2025-11-14T22:39:23","date_gmt":"2025-11-14T19:39:23","guid":{"rendered":"https:\/\/baldumarket.lt\/product\/shellf-regal-czarny\/"},"modified":"2026-03-24T18:15:40","modified_gmt":"2026-03-24T15:15:40","slug":"shellf-regal-czarny","status":"publish","type":"product","link":"https:\/\/baldumarket.lt\/lt\/product\/shellf-regal-czarny\/","title":{"rendered":"\u201eShellf\u201c juoda lentyna"},"content":{"rendered":"<p>\u201eShellf\u201c lentyna \u2013 tai modernus baldas, puikiai tiksiantis bet kokiam interjerui ir si\u016blantis funkcionali\u0105 daikt\u0173 laikymo erdv\u0119. 80 cm plo\u010dio, 180 cm auk\u0161\u010dio ir 20 cm gylio ji puikiai tinka tiek svetain\u0117ms, tiek biurams. Stal\u010dius, kurio maksimali apkrova yra 3 kg, leid\u017eia patogiai laikyti smulkius daiktus, o juodos plastikin\u0117s b\u0117gel\u0117s u\u017etikrina stabilum\u0105 ir apsaugo grindis nuo \u012fbr\u0117\u017eim\u0173.<\/p>","protected":false},"excerpt":{"rendered":"<p>\u201eShellf\u201c lentyna \u2013 tai modernus baldas, puikiai tinkantis bet kokiam interjerui ir si\u016blantis funkcionali\u0105 daikt\u0173 laikymo erdv\u0119. 80 cm plo\u010dio, 180 cm auk\u0161\u010dio ir 20 cm gylio lentyna puikiai tinka tiek svetain\u0117ms, tiek biurams. Stal\u010dius, kurio maksimali apkrova yra 3 kg, leid\u017eia patogiai laikyti ma\u017eus [\u2026]<\/p>","protected":false},"featured_media":33097,"comment_status":"open","ping_status":"open","template":"","meta":[],"product_brand":[],"product_cat":[2012,9177,1987],"product_tag":[],"class_list":{"0":"post-33096","1":"product","2":"type-product","3":"status-publish","4":"has-post-thumbnail","6":"product_cat-eltap","7":"product_cat-shelving-units-eltap","8":"product_cat-shelving-units","10":"first","11":"instock","12":"purchasable","13":"product-type-simple"},"_links":{"self":[{"href":"https:\/\/baldumarket.lt\/lt\/wp-json\/wp\/v2\/product\/33096","targetHints":{"allow":["GET"]}}],"collection":[{"href":"https:\/\/baldumarket.lt\/lt\/wp-json\/wp\/v2\/product"}],"about":[{"href":"https:\/\/baldumarket.lt\/lt\/wp-json\/wp\/v2\/types\/product"}],"replies":[{"embeddable":true,"href":"https:\/\/baldumarket.lt\/lt\/wp-json\/wp\/v2\/comments?post=33096"}],"wp:featuredmedia":[{"embeddable":true,"href":"https:\/\/baldumarket.lt\/lt\/wp-json\/wp\/v2\/media\/33097"}],"wp:attachment":[{"href":"https:\/\/baldumarket.lt\/lt\/wp-json\/wp\/v2\/media?parent=33096"}],"wp:term":[{"taxonomy":"product_brand","embeddable":true,"href":"https:\/\/baldumarket.lt\/lt\/wp-json\/wp\/v2\/product_brand?post=33096"},{"taxonomy":"product_cat","embeddable":true,"href":"https:\/\/baldumarket.lt\/lt\/wp-json\/wp\/v2\/product_cat?post=33096"},{"taxonomy":"product_tag","embeddable":true,"href":"https:\/\/baldumarket.lt\/lt\/wp-json\/wp\/v2\/product_tag?post=33096"}],"curies":[{"name":"wp","href":"https:\/\/api.w.org\/{rel}","templated":true}]}}