{"id":330955,"date":"2026-02-23T23:35:06","date_gmt":"2026-02-23T20:35:06","guid":{"rendered":"https:\/\/baldumarket.lt\/?post_type=product&#038;p=330955"},"modified":"2026-04-14T16:36:59","modified_gmt":"2026-04-14T13:36:59","slug":"arten-triviete-dviaukste-lova-su-stalciais-90x200-cm","status":"publish","type":"product","link":"https:\/\/baldumarket.lt\/lt\/product\/arten-triviete-dviaukste-lova-su-stalciais-90x200-cm\/","title":{"rendered":"ARTEN III triviet\u0117 dviauk\u0161t\u0117 lova su stal\u010diais 90\u00d7200 cm"},"content":{"rendered":"<p>Dviauk\u0161t\u0117 lova \u201eArten\u201c \u2013 tai moderni lova, skirta jauniems \u017emon\u0117ms.<br \/>\nModernus dizainas ir dizaino paprastumas leid\u017eia lovai der\u0117ti prie bet kokio interjero. Konstrukcijai buvo naudojama pu\u0161ies mediena su laminuota lenta. Konstrukciniai elementai buvo pagaminti i\u0161 kruop\u0161\u010diai atrinktos pu\u0161ies medienos. Gamintojai sutelk\u0117 d\u0117mes\u012f ne tik \u012f modernum\u0105, bet ir \u012f funkcionalum\u0105, \u012f konstrukcij\u0105 \u012fmontuodami lentyn\u0105, tod\u0117l lova yra patvaresn\u0117 ir prakti\u0161kesn\u0117.<br \/>\nI\u0161 pu\u0161ies masyvo pagamint\u0173 bald\u0173 privalumai \u2013 lengvumas, tvirtumas ir elegancija. Pageidaujant, pu\u0161inius baldus galima beicuoti \u012fvairi\u0173 spalv\u0173 medienos beicais ir padengti ekologi\u0161kais lakais. Vandens pagrindo beicai ir akriliniai lakai yra nekenksmingi vartotojui, puikiai apsaugo nuo per didelio trinties ir ilg\u0105 laik\u0105 i\u0161laiko nat\u016brali\u0105 spalv\u0105.<br \/>\nDviauk\u0161t\u0117 lova gali b\u016bti gaminama i\u0161 \u012fvairi\u0173 spalv\u0173 beic\u0173, akrilini\u0173 ir skaidri\u0173 lak\u0173, kurie, kaip min\u0117ta, yra ekologi\u0161ki ir saug\u016bs.<br \/>\nLovos ypatyb\u0117s:<br \/>\n2 stal\u010diai su ratukais \u2013 \u012ftraukti<br \/>\n3 itin kieti 8 cm putplas\u010dio \u010diu\u017einiai su nuimamu medvilniniu u\u017evalkalu ir u\u017etrauktuku \u2013 galimi pasirinkimai<br \/>\n3 miegamieji pavir\u0161iai, kuri\u0173 matmenys 80 \u00d7 180 cm<br \/>\n3 groteli\u0173 r\u0117mai \u2013 groteli\u0173 r\u0117mus reikia prisukti prie lovos \u0161ono \u2013 tai parodyta paskutin\u0117je nuotraukoje naudojant kit\u0105 model\u012f \u2013 \u012ftraukti<br \/>\nSpalvas galima derinti \u2013 kaip parodyta nuotraukoje<br \/>\nParametrai:<br \/>\nI\u0161oriniai lovos matmenys (ilgis\/plotis\/auk\u0161tis): 214 x 103 x 160 cm<br \/>\nVir\u0161utinio \u010diu\u017einio matmenys: 200x90x8 cm<br \/>\nApatinio \u010diu\u017einio matmenys: 190x90x8 cm<br \/>\nVir\u0161utinio \u010diu\u017einio auk\u0161tis: 135 cm<br \/>\nApatinio \u010diu\u017einio auk\u0161tis: 37 cm<br \/>\nTarpas tarp lov\u0173 lygi\u0173: 84 cm<br \/>\nGalimi miegamojo pavir\u0161iaus dyd\u017eiai:<br \/>\n80\/180 cm<br \/>\n80\/200 cm<br \/>\n90\/190 cm<br \/>\n90\/200 cm<br \/>\nSertifikuota Poznan\u0117s Medienos technologij\u0173 instituto<br \/>\nM\u016bs\u0173 pu\u0161in\u0117s konstrukcijos buvo grie\u017etai patikrintos d\u0117l patvarumo ir saugumo. 2008 m. jos gavo Poznan\u0117s Medienos technologij\u0173 instituto i\u0161duotus sertifikatus, patvirtinan\u010dius atitikt\u012f PN-EN747-1:2007 ir PN-EN747-2:2007 standart\u0173 reikalavimams.<br \/>\nBe to, 2016 m. visas dviauk\u0161tes lovas i\u0161 naujo pateik\u0117me grie\u017etiems bandymams, kad jos atitikt\u0173 nauj\u0173j\u0173 PN-EN747-1+A1:2015 ir PN-EN747-2+A1:2015 standart\u0173 reikalavimus. Nauji sertifikatai buvo i\u0161duoti neribotam laikui, dar kart\u0105 patvirtinant saugi\u0105 vis\u0173 m\u016bs\u0173 dviauk\u0161ti\u0173 lov\u0173 konstrukcij\u0105.<\/p>","protected":false},"excerpt":{"rendered":"<p>Plotis [cm] 214<br \/>\n\u016agis [cm] 175<br \/>\nGylis [cm] 103<br \/>\nVir\u0161utinio \u010diu\u017einio auk\u0161tis [cm] 148<br \/>\nVidurinio \u010diu\u017einio auk\u0161tis [cm] 52<br \/>\nApatinio \u010diu\u017einio auk\u0161tis [cm] 37<\/p>","protected":false},"featured_media":193535,"comment_status":"open","ping_status":"closed","template":"","meta":[],"product_brand":[],"product_cat":[9788,505,1968,4775],"product_tag":[],"class_list":{"0":"post-330955","1":"product","2":"type-product","3":"status-publish","4":"has-post-thumbnail","6":"product_cat-bunk-beds-3-persons-pvc-meblobed","7":"product_cat-bedroom-beds","8":"product_cat-beds-90x200","9":"product_cat-meblobed","11":"first","12":"instock","13":"shipping-taxable","14":"purchasable","15":"product-type-variable","16":"wvs-archive-product-wrapper"},"_links":{"self":[{"href":"https:\/\/baldumarket.lt\/lt\/wp-json\/wp\/v2\/product\/330955","targetHints":{"allow":["GET"]}}],"collection":[{"href":"https:\/\/baldumarket.lt\/lt\/wp-json\/wp\/v2\/product"}],"about":[{"href":"https:\/\/baldumarket.lt\/lt\/wp-json\/wp\/v2\/types\/product"}],"replies":[{"embeddable":true,"href":"https:\/\/baldumarket.lt\/lt\/wp-json\/wp\/v2\/comments?post=330955"}],"wp:featuredmedia":[{"embeddable":true,"href":"https:\/\/baldumarket.lt\/lt\/wp-json\/wp\/v2\/media\/193535"}],"wp:attachment":[{"href":"https:\/\/baldumarket.lt\/lt\/wp-json\/wp\/v2\/media?parent=330955"}],"wp:term":[{"taxonomy":"product_brand","embeddable":true,"href":"https:\/\/baldumarket.lt\/lt\/wp-json\/wp\/v2\/product_brand?post=330955"},{"taxonomy":"product_cat","embeddable":true,"href":"https:\/\/baldumarket.lt\/lt\/wp-json\/wp\/v2\/product_cat?post=330955"},{"taxonomy":"product_tag","embeddable":true,"href":"https:\/\/baldumarket.lt\/lt\/wp-json\/wp\/v2\/product_tag?post=330955"}],"curies":[{"name":"wp","href":"https:\/\/api.w.org\/{rel}","templated":true}]}}