{"id":330907,"date":"2026-02-23T23:31:05","date_gmt":"2026-02-23T20:31:05","guid":{"rendered":"https:\/\/baldumarket.lt\/?post_type=product&#038;p=330907"},"modified":"2026-04-14T16:37:07","modified_gmt":"2026-04-14T13:37:07","slug":"aldo-plus-lova-su-stalciais-ir-lentyna-90x200-cm","status":"publish","type":"product","link":"https:\/\/baldumarket.lt\/lt\/product\/aldo-plus-lova-su-stalciais-ir-lentyna-90x200-cm\/","title":{"rendered":"ALDO PLUS lova su stal\u010diais ir lentyna 90\u00d7200 cm"},"content":{"rendered":"<p>\u201eAldo Plus\u201c lova su lentynomis \u2013 puikus pasirinkimas \u0161iuolaikiniam paauglio kambariui. Jos modernus ir minimalistinis dizainas \u017eavi ir leid\u017eia prie \u201eAldo Plus\u201c lovos derinti kitus miegamojo baldus. Pagaminta i\u0161 auk\u0161tos kokyb\u0117s pu\u0161ies medienos, ji \u017eavi savo lengvumu ir patvarumu, u\u017etikrinant ilgamet\u012f patikimum\u0105.<br \/>\nKomfortas ir komfortas u\u017e prieinam\u0105 kain\u0105<br \/>\nVisi m\u016bs\u0173 gaminiai pagaminti i\u0161 auk\u0161tos kokyb\u0117s med\u017eiag\u0173 ir nustebins savo kokybe, kuri si\u016bloma u\u017e prieinam\u0105 kain\u0105. \u201eAldo Plus\u201c lova su lentynomis pagaminta i\u0161 auk\u0161tos kokyb\u0117s pu\u0161ies medienos. Tvirta pu\u0161is daro lov\u0105 labai lengv\u0105 ir itin patvari\u0105, be to, ji \u017eavi eleganti\u0161ka i\u0161vaizda.<br \/>\n\u201eAldo Plus\u201c galima \u012fsigyti su \u012fvairiais beicais ir akrilais, kuriuos galima \u012fsigyti u\u017e papildom\u0105 mokest\u012f, ir su skaidriu laku, kuris \u012fskai\u010diuotas \u012f kain\u0105. Visi lakai, beicai ir akrilai yra ekologi\u0161ki ir saug\u016bs sveikatai. Be to, jie puikiai apsaugo nuo trinties ir labai ilgai i\u0161laiko nat\u016brali\u0105 spalv\u0105.<br \/>\nFunkcionali ir patogi lova paaugliams<br \/>\n\u201eAldo Plus\u201c lova su lentynomis yra 208 x 72 x 139 cm dyd\u017eio ir suteikia erdvi\u0105 90 x 200 cm miegojimo erdv\u0119. \u012e kain\u0105 taip pat \u012fskai\u010diuoti du stal\u010diai patalynei, i\u0161traukiami ant ratuk\u0173. Itin funkcionalus naktinis staliukas \u2013 lentyna \u2013 leid\u017eia pasid\u0117ti \u017eadintuv\u0105, naktin\u0119 lemp\u0105 ir kitus daiktus, kuriuos reikia tur\u0117ti po ranka nakt\u012f.<br \/>\n\u201eAldo Plus\u201c lov\u0105 galima u\u017esisakyti vienspalv\u0117s. U\u017e papildom\u0105 mokest\u012f taip pat galite pasirinkti 8 cm storio putplas\u010dio \u010diu\u017ein\u012f su padidintu kietumu, u\u017etikrinant\u012f ram\u0173 ir patog\u0173 mieg\u0105. \u010ciu\u017einys parduodamas su nuimamu medvilniniu u\u017evalkalu.<br \/>\nLova su lentynomis turi b\u016bti surinkta savaranki\u0161kai, tod\u0117l pristatoma plok\u0161\u010diai supakuota, kartu su i\u0161samiomis instrukcijomis ir surinkimo priedais.<br \/>\n\u201eAldo Plus\u201c jaunimo lova pasi\u017eymi moderniu dizainu ir savyb\u0117mis:<br \/>\nDu stal\u010diai patalynei ant ratuk\u0173 \u2013 komplekte<br \/>\nNaktinis staliukas ir lentyna \u2013 komplekte<br \/>\n8 cm storio, itin kietas putplas\u010dio \u010diu\u017einys su nuimamu, u\u017etrauktuku u\u017esegamu medvilniniu u\u017evalkalu \u2013 galima rinktis i\u0161 \u012fvairi\u0173 variant\u0173<br \/>\nMiegamoji erdv\u0117: 90 x 200 cm<br \/>\nGroteli\u0173 r\u0117mas \u2013 r\u0117mo groteles reikia prisukti prie lovos \u0161ono \u2013 tai parodyta paskutin\u0117je nuotraukoje naudojant kit\u0105 model\u012f \u2013 pridedama<br \/>\n\u012ed\u0117klai pagaminti i\u0161 kartono su ABS apvadais<br \/>\nVisa lova gali b\u016bti apdailinta vientisa spalva<br \/>\nGalimi miegamojo pavir\u0161iaus dyd\u017eiai:<br \/>\n80\/180 cm<br \/>\n80\/200 cm<br \/>\n90\/190 cm<br \/>\n90\/200 cm<br \/>\nSertifikuota Poznan\u0117s Medienos technologij\u0173 instituto<br \/>\nM\u016bs\u0173 pu\u0161in\u0117s konstrukcijos buvo grie\u017etai patikrintos d\u0117l patvarumo ir saugumo. 2008 m. jos gavo Poznan\u0117s Medienos technologij\u0173 instituto i\u0161duotus sertifikatus, patvirtinan\u010dius atitikt\u012f PN-EN747-1:2007 ir PN-EN747-2:2007 standart\u0173 reikalavimams.<br \/>\nBe to, 2016 m. visas dviauk\u0161tes lovas i\u0161 naujo pateik\u0117me grie\u017etiems bandymams, kad jos atitikt\u0173 nauj\u0173j\u0173 PN-EN747-1+A1:2015 ir PN-EN747-2+A1:2015 standart\u0173 reikalavimus. Nauji sertifikatai buvo i\u0161duoti neribotam laikui, dar kart\u0105 patvirtinant saugi\u0105 vis\u0173 m\u016bs\u0173 dviauk\u0161ti\u0173 lov\u0173 konstrukcij\u0105.<\/p>","protected":false},"excerpt":{"rendered":"<p>Plotis [cm] 208<br \/>\n\u016agis [cm] 72<br \/>\ngylis [cm] 139<br \/>\nApatinio \u010diu\u017einio auk\u0161tis [cm] 41<\/p>","protected":false},"featured_media":332362,"comment_status":"open","ping_status":"closed","template":"","meta":[],"product_brand":[],"product_cat":[9784,505,1968,4775],"product_tag":[],"class_list":{"0":"post-330907","1":"product","2":"type-product","3":"status-publish","4":"has-post-thumbnail","6":"product_cat-ground-floor-beds-pine-wood-tiled-meblobed","7":"product_cat-bedroom-beds","8":"product_cat-beds-90x200","9":"product_cat-meblobed","11":"first","12":"instock","13":"shipping-taxable","14":"purchasable","15":"product-type-variable","16":"wvs-archive-product-wrapper"},"_links":{"self":[{"href":"https:\/\/baldumarket.lt\/lt\/wp-json\/wp\/v2\/product\/330907","targetHints":{"allow":["GET"]}}],"collection":[{"href":"https:\/\/baldumarket.lt\/lt\/wp-json\/wp\/v2\/product"}],"about":[{"href":"https:\/\/baldumarket.lt\/lt\/wp-json\/wp\/v2\/types\/product"}],"replies":[{"embeddable":true,"href":"https:\/\/baldumarket.lt\/lt\/wp-json\/wp\/v2\/comments?post=330907"}],"wp:featuredmedia":[{"embeddable":true,"href":"https:\/\/baldumarket.lt\/lt\/wp-json\/wp\/v2\/media\/332362"}],"wp:attachment":[{"href":"https:\/\/baldumarket.lt\/lt\/wp-json\/wp\/v2\/media?parent=330907"}],"wp:term":[{"taxonomy":"product_brand","embeddable":true,"href":"https:\/\/baldumarket.lt\/lt\/wp-json\/wp\/v2\/product_brand?post=330907"},{"taxonomy":"product_cat","embeddable":true,"href":"https:\/\/baldumarket.lt\/lt\/wp-json\/wp\/v2\/product_cat?post=330907"},{"taxonomy":"product_tag","embeddable":true,"href":"https:\/\/baldumarket.lt\/lt\/wp-json\/wp\/v2\/product_tag?post=330907"}],"curies":[{"name":"wp","href":"https:\/\/api.w.org\/{rel}","templated":true}]}}