{"id":33090,"date":"2025-11-14T22:39:08","date_gmt":"2025-11-14T19:39:08","guid":{"rendered":"https:\/\/baldumarket.lt\/product\/figgi-regal-bialy\/"},"modified":"2026-03-24T18:15:48","modified_gmt":"2026-03-24T15:15:48","slug":"figgi-regal-bialy","status":"publish","type":"product","link":"https:\/\/baldumarket.lt\/lt\/product\/figgi-regal-bialy\/","title":{"rendered":"Figgi balta lentel\u0117"},"content":{"rendered":"<p>\u201eFiggi\u201c lentyna \u2013 kompakti\u0161kas ir stilingas baldas, puikiai tinkantis \u012fvairiems kambariams. 40 cm plo\u010dio, 150 cm auk\u0161\u010dio ir 40 cm gylio ji puikiai tinka ma\u017eesn\u0117ms erdv\u0117ms ir si\u016blo funkcional\u0173 daikt\u0173 laikymo b\u016bd\u0105. Stal\u010dius, kurio maksimali apkrova yra 3 kg, idealiai tinka smulkiems daiktams laikyti, o juodos plastikin\u0117s b\u0117gel\u0117s u\u017etikrina stabilum\u0105 ir apsaugo grindis nuo \u012fbr\u0117\u017eim\u0173.<\/p>","protected":false},"excerpt":{"rendered":"<p>\u201eFiggi\u201c lentyna \u2013 kompakti\u0161kas ir stilingas baldas, puikiai tinkantis \u012fvairiems kambariams. 40 cm plo\u010dio, 150 cm auk\u0161\u010dio ir 40 cm gylio, tod\u0117l ji puikiai tinka ma\u017eesn\u0117ms erdv\u0117ms ir si\u016blo funkcional\u0173 daikt\u0173 laikymo b\u016bd\u0105. Stal\u010dius, kurio maksimali apkrova yra 3 kg, idealiai tinka smulkiems daiktams laikyti, o juodas plastikinis [\u2026]<\/p>","protected":false},"featured_media":33091,"comment_status":"open","ping_status":"open","template":"","meta":[],"product_brand":[],"product_cat":[2012,9177,1987],"product_tag":[],"class_list":{"0":"post-33090","1":"product","2":"type-product","3":"status-publish","4":"has-post-thumbnail","6":"product_cat-eltap","7":"product_cat-shelving-units-eltap","8":"product_cat-shelving-units","10":"first","11":"instock","12":"purchasable","13":"product-type-simple"},"_links":{"self":[{"href":"https:\/\/baldumarket.lt\/lt\/wp-json\/wp\/v2\/product\/33090","targetHints":{"allow":["GET"]}}],"collection":[{"href":"https:\/\/baldumarket.lt\/lt\/wp-json\/wp\/v2\/product"}],"about":[{"href":"https:\/\/baldumarket.lt\/lt\/wp-json\/wp\/v2\/types\/product"}],"replies":[{"embeddable":true,"href":"https:\/\/baldumarket.lt\/lt\/wp-json\/wp\/v2\/comments?post=33090"}],"wp:featuredmedia":[{"embeddable":true,"href":"https:\/\/baldumarket.lt\/lt\/wp-json\/wp\/v2\/media\/33091"}],"wp:attachment":[{"href":"https:\/\/baldumarket.lt\/lt\/wp-json\/wp\/v2\/media?parent=33090"}],"wp:term":[{"taxonomy":"product_brand","embeddable":true,"href":"https:\/\/baldumarket.lt\/lt\/wp-json\/wp\/v2\/product_brand?post=33090"},{"taxonomy":"product_cat","embeddable":true,"href":"https:\/\/baldumarket.lt\/lt\/wp-json\/wp\/v2\/product_cat?post=33090"},{"taxonomy":"product_tag","embeddable":true,"href":"https:\/\/baldumarket.lt\/lt\/wp-json\/wp\/v2\/product_tag?post=33090"}],"curies":[{"name":"wp","href":"https:\/\/api.w.org\/{rel}","templated":true}]}}