{"id":330886,"date":"2026-02-23T23:28:07","date_gmt":"2026-02-23T20:28:07","guid":{"rendered":"https:\/\/baldumarket.lt\/?post_type=product&#038;p=330886"},"modified":"2026-04-14T16:37:07","modified_gmt":"2026-04-14T13:37:07","slug":"megan-lova-su-stalu-ir-sedyne-90x200-cm","status":"publish","type":"product","link":"https:\/\/baldumarket.lt\/lt\/product\/megan-lova-su-stalu-ir-sedyne-90x200-cm\/","title":{"rendered":"MEGAN lova su stalu ir s\u0117dyne 90\u00d7200 cm"},"content":{"rendered":"<p>\u201eMegan\u201c lova yra daugiafunkcis baldas, kuriame suderinta patogi miegojimo zona su ergonomi\u0161ka erdve mokymuisi ir darbui.<br \/>\nDar vienas privalumas \u2013 erdv\u016bs stal\u010diai, kurie suteikia papildomos vietos daiktams susid\u0117ti.<br \/>\n\u201eMegan\u201c lovos specifikacijos:<br \/>\nLova su 90\/200 cm miegojimo plotu<br \/>\nGroteli\u0173 r\u0117mas \u2013 r\u0117mo groteles reikia prisukti prie lovos \u0161ono \u2013 tai parodyta paskutin\u0117je nuotraukoje \u2013 \u012fskai\u010diuota \u012f kain\u0105<br \/>\nPagaminta klasikin\u0117s baltos spalvos (negalima pakeisti)<br \/>\nU\u017e papildom\u0105 mokest\u012f galima \u012fsigyti 8 cm storio putplas\u010dio \u010diu\u017ein\u012f<br \/>\nApmu\u0161ta s\u0117dyn\u0117 su 5 audini\u0173 pasirinkimu \u2013 \u017er. skirtuk\u0105 \u201cPasirinkite spalv\u0105\u201d<br \/>\nDu ma\u017ei stal\u010diai<br \/>\nStabilus, klasikinio stiliaus ra\u0161omasis stalas<br \/>\nSpalv\u0173 suskirstymas, kaip parodyta nuotraukoje \u2013 \u012fd\u0117klo spalv\u0105 galima pasirinkti skirtuke \u201cPasirinkti spalv\u0105\u201d<br \/>\nPastaba! Gamintojas pasilieka teis\u0119 keisti bald\u0173 konstrukcij\u0105 nekeisdamas j\u0173 bendro charakterio. Spalvos nuotraukose gali skirtis nuo tikr\u0173j\u0173 spalv\u0173. Visi matmenys nurodyti cm su +\/- 2 cm paklaida.<\/p>","protected":false},"excerpt":{"rendered":"<p>Plotis [cm] 205<br \/>\n\u016agis [cm] 80<br \/>\ngylis [cm] 131<\/p>","protected":false},"featured_media":193831,"comment_status":"open","ping_status":"closed","template":"","meta":[],"product_brand":[],"product_cat":[9784,505,1968,4775],"product_tag":[],"class_list":{"0":"post-330886","1":"product","2":"type-product","3":"status-publish","4":"has-post-thumbnail","6":"product_cat-ground-floor-beds-pine-wood-tiled-meblobed","7":"product_cat-bedroom-beds","8":"product_cat-beds-90x200","9":"product_cat-meblobed","11":"first","12":"instock","13":"shipping-taxable","14":"purchasable","15":"product-type-variable","16":"wvs-archive-product-wrapper"},"_links":{"self":[{"href":"https:\/\/baldumarket.lt\/lt\/wp-json\/wp\/v2\/product\/330886","targetHints":{"allow":["GET"]}}],"collection":[{"href":"https:\/\/baldumarket.lt\/lt\/wp-json\/wp\/v2\/product"}],"about":[{"href":"https:\/\/baldumarket.lt\/lt\/wp-json\/wp\/v2\/types\/product"}],"replies":[{"embeddable":true,"href":"https:\/\/baldumarket.lt\/lt\/wp-json\/wp\/v2\/comments?post=330886"}],"wp:featuredmedia":[{"embeddable":true,"href":"https:\/\/baldumarket.lt\/lt\/wp-json\/wp\/v2\/media\/193831"}],"wp:attachment":[{"href":"https:\/\/baldumarket.lt\/lt\/wp-json\/wp\/v2\/media?parent=330886"}],"wp:term":[{"taxonomy":"product_brand","embeddable":true,"href":"https:\/\/baldumarket.lt\/lt\/wp-json\/wp\/v2\/product_brand?post=330886"},{"taxonomy":"product_cat","embeddable":true,"href":"https:\/\/baldumarket.lt\/lt\/wp-json\/wp\/v2\/product_cat?post=330886"},{"taxonomy":"product_tag","embeddable":true,"href":"https:\/\/baldumarket.lt\/lt\/wp-json\/wp\/v2\/product_tag?post=330886"}],"curies":[{"name":"wp","href":"https:\/\/api.w.org\/{rel}","templated":true}]}}