{"id":330874,"date":"2026-02-23T23:20:55","date_gmt":"2026-02-23T20:20:55","guid":{"rendered":"https:\/\/baldumarket.lt\/?post_type=product&#038;p=330874"},"modified":"2026-02-25T13:14:12","modified_gmt":"2026-02-25T10:14:12","slug":"aldo-lova-su-stalciais-80x181-cm","status":"publish","type":"product","link":"https:\/\/baldumarket.lt\/lt\/product\/aldo-lova-su-stalciais-80x181-cm\/","title":{"rendered":"ALDO lova su stal\u010diais 80&#215;181 cm"},"content":{"rendered":"<p>Lova gali b\u016bti apdailinta \u012fvairiais da\u017eais, akriliniais da\u017eais ir skaidriais lakais, kurie visi, kaip min\u0117ta anks\u010diau, yra ekologi\u0161ki ir saug\u016bs.<br \/>\nTvirt\u0173 pu\u0161ies bald\u0173 privalumai yra j\u0173 lengvumas, ilgaam\u017ei\u0161kumas ir elegancija. Pageidaujant, pu\u0161iniai baldai gali b\u016bti beicuojami \u012fvairi\u0173 spalv\u0173 medienos beicais ir padengiami ekologi\u0161kais lakais. Vandens pagrindo beicai ir akriliniai lakai yra nekenksmingi vartotojui, puikiai apsaugo nuo per didelio trinties ir ilgai i\u0161laiko nat\u016brali\u0105 spalv\u0105. \u201eAldo\u201c lova \u2013 tai moderni lova, skirta jauniems \u017emon\u0117ms.<br \/>\nD\u0117l modernaus dizaino ir paprastumo lova der\u0117s prie bet kokio interjero. Gamybai buvo naudojama pu\u0161ies mediena ir laminuota plok\u0161t\u0117. Konstrukciniai elementai pagaminti i\u0161 kruop\u0161\u010diai atrinktos pu\u0161ies medienos. \u201eAldo\u201c jaunimo lova pasi\u017eymi moderniu dizainu ir savyb\u0117mis:<br \/>\nDu stal\u010diai patalynei ant ratuk\u0173 \u2013 \u012fskai\u010diuota \u012f kain\u0105<br \/>\n8 cm storio, itin kietas putplas\u010dio \u010diu\u017einys su nuimamu, u\u017etrauktuku u\u017esegamu medvilniniu u\u017evalkalu \u2013 galima rinktis i\u0161 \u012fvairi\u0173 variant\u0173<br \/>\nMiegamoji erdv\u0117: 80 x 180 cm<br \/>\nGroteli\u0173 r\u0117mas \u2013 r\u0117mo groteles reikia prisukti prie lovos \u0161ono \u2013 tai parodyta paskutin\u0117je nuotraukoje naudojant kit\u0105 model\u012f \u2013 \u012fskai\u010diuota \u012f kain\u0105<br \/>\n\u012ed\u0117klai pagaminti i\u0161 kartono su ABS apvadais<br \/>\nVisa lova gali b\u016bti apdailinta vientisa spalva<br \/>\nNuotraukoje naudotos spalvos: baltas akrilas \/ Sonoma \u0105\u017euolas<br \/>\nGalimi miegamojo pavir\u0161iaus dyd\u017eiai:<br \/>\n80\/180 cm<br \/>\n80\/200 cm<br \/>\n90\/190 cm<br \/>\n90\/200 cm<br \/>\nSertifikuota Poznan\u0117s Medienos technologij\u0173 instituto<br \/>\nM\u016bs\u0173 pu\u0161in\u0117s konstrukcijos buvo grie\u017etai patikrintos d\u0117l patvarumo ir saugumo. 2008 m. jos gavo Poznan\u0117s Medienos technologij\u0173 instituto i\u0161duotus sertifikatus, patvirtinan\u010dius atitikt\u012f PN-EN747-1:2007 ir PN-EN747-2:2007 standart\u0173 reikalavimams.<br \/>\nBe to, 2016 m. visas dviauk\u0161tes lovas i\u0161 naujo pateik\u0117me grie\u017etiems bandymams, kad jos atitikt\u0173 nauj\u0173j\u0173 PN-EN747-1+A1:2015 ir PN-EN747-2+A1:2015 standart\u0173 reikalavimus. Nauji sertifikatai buvo i\u0161duoti neribotam laikui, dar kart\u0105 patvirtinant saugi\u0105 vis\u0173 m\u016bs\u0173 dviauk\u0161ti\u0173 lov\u0173 konstrukcij\u0105.<\/p>","protected":false},"excerpt":{"rendered":"<p>Plotis [cm] 190<br \/>\n\u016agis [cm] 72<br \/>\ngylis [cm] 96<br \/>\nApatinio \u010diu\u017einio auk\u0161tis [cm] 41<\/p>","protected":false},"featured_media":332363,"comment_status":"open","ping_status":"closed","template":"","meta":[],"product_brand":[],"product_cat":[9784,505,4775],"product_tag":[],"class_list":{"0":"post-330874","1":"product","2":"type-product","3":"status-publish","4":"has-post-thumbnail","6":"product_cat-ground-floor-beds-pine-wood-tiled-meblobed","7":"product_cat-bedroom-beds","8":"product_cat-meblobed","10":"first","11":"instock","12":"shipping-taxable","13":"purchasable","14":"product-type-variable","15":"wvs-archive-product-wrapper"},"_links":{"self":[{"href":"https:\/\/baldumarket.lt\/lt\/wp-json\/wp\/v2\/product\/330874","targetHints":{"allow":["GET"]}}],"collection":[{"href":"https:\/\/baldumarket.lt\/lt\/wp-json\/wp\/v2\/product"}],"about":[{"href":"https:\/\/baldumarket.lt\/lt\/wp-json\/wp\/v2\/types\/product"}],"replies":[{"embeddable":true,"href":"https:\/\/baldumarket.lt\/lt\/wp-json\/wp\/v2\/comments?post=330874"}],"wp:featuredmedia":[{"embeddable":true,"href":"https:\/\/baldumarket.lt\/lt\/wp-json\/wp\/v2\/media\/332363"}],"wp:attachment":[{"href":"https:\/\/baldumarket.lt\/lt\/wp-json\/wp\/v2\/media?parent=330874"}],"wp:term":[{"taxonomy":"product_brand","embeddable":true,"href":"https:\/\/baldumarket.lt\/lt\/wp-json\/wp\/v2\/product_brand?post=330874"},{"taxonomy":"product_cat","embeddable":true,"href":"https:\/\/baldumarket.lt\/lt\/wp-json\/wp\/v2\/product_cat?post=330874"},{"taxonomy":"product_tag","embeddable":true,"href":"https:\/\/baldumarket.lt\/lt\/wp-json\/wp\/v2\/product_tag?post=330874"}],"curies":[{"name":"wp","href":"https:\/\/api.w.org\/{rel}","templated":true}]}}