{"id":330871,"date":"2026-02-23T23:20:10","date_gmt":"2026-02-23T20:20:10","guid":{"rendered":"https:\/\/baldumarket.lt\/?post_type=product&#038;p=330871"},"modified":"2026-04-14T16:37:07","modified_gmt":"2026-04-14T13:37:07","slug":"solano-jaunimo-isskleidziama-lova-dviem-asmenims-90x200-cm","status":"publish","type":"product","link":"https:\/\/baldumarket.lt\/lt\/product\/solano-jaunimo-isskleidziama-lova-dviem-asmenims-90x200-cm\/","title":{"rendered":"SOLANO jaunimo i\u0161skleid\u017eiama lova dviem asmenims 90\u00d7200 cm"},"content":{"rendered":"<p>Dviej\u0173 asmen\u0173 jaunimo lova \u201eSolano\u201c sukurta i\u0161 pu\u0161ies medienos, kuri grie\u017etai tikrinama d\u0117l patvarumo ir saugos savybi\u0173.<br \/>\nJ\u0105 sertifikavo Poznan\u0117s Medienos technologij\u0173 institutas pagal PN-EN 747-1:2007 ir PN-EN747-2:2007 standart\u0173 reikalavimus. Be to, visos lovos yra padengtos ekologi\u0161kais lakais, kurie yra saug\u016bs tiek vaikams, tiek suaugusiesiems.<br \/>\nProjektuodami lov\u0105, daugiausia d\u0117mesio skyr\u0117me ne tik saugumui, bet ir funkcionalumui bei estetikai. Pu\u0161is yra ideali med\u017eiaga, atitinkanti visus \u0161iuos reikalavimus. \u0160ios med\u017eiagos patvarumas yra itin svarbus dirbant su auk\u0161tomis lovomis. \u0160ios konstrukcijos gali b\u016bti pavojingos, tod\u0117l naudojamos med\u017eiagos kokyb\u0117 yra labai svarbi, \u012f kuri\u0105 skiriame ypating\u0105 d\u0117mes\u012f ir atid\u017eiai stebime gamybos proces\u0105 kiekviename etape.<br \/>\nKomfortas ir maksimalus erdv\u0117s i\u0161naudojimas neabejotinai yra reik\u0161mingi privalumai, tod\u0117l verta d\u0117ti visas pastangas, kad b\u016bt\u0173 u\u017etikrintas j\u0173 saugumas. \u201eSolano\u201c jaunimo lova si\u016bloma su \u012fvairiais beicais, akrilais ir skaidriais lakais, kurie visi, kaip min\u0117ta anks\u010diau, yra ekologi\u0161ki ir saug\u016bs.<br \/>\nLovos ypatyb\u0117s:<br \/>\nDu 8 cm storio, itin kieti putplas\u010dio \u010diu\u017einiai su nuimamu, u\u017etrauktuku u\u017esegamu medvilniniu u\u017evalkalu \u2013 galima rinktis i\u0161 \u012fvairi\u0173 variant\u0173<br \/>\nDu groteli\u0173 r\u0117mai \u2013 r\u0117mo groteles reikia prisukti prie lovos \u0161ono \u2013 tai parodyta paskutin\u0117je nuotraukoje naudojant kit\u0105 model\u012f \u2013 \u012fskai\u010diuota \u012f kain\u0105<br \/>\nVir\u0161utinio \u010diu\u017einio miegamasis plotas: 90 \u00d7 200 cm<br \/>\nApatinio \u010diu\u017einio miegamasis plotas: 90 \u00d7 190 cm<br \/>\nDu i\u0161traukiami patalyn\u0117s stal\u010diai ant ratuk\u0173 \u2013 \u012fskai\u010diuoti \u012f kain\u0105<br \/>\n\u012ed\u0117klai pagaminti i\u0161 kartono su ABS apvadais<br \/>\nVisa lova gali b\u016bti apdailinta vientisa spalva<br \/>\nNuotraukoje naudotos spalvos: balta \/ \u0160etlando \u0105\u017euolas<br \/>\nGalimi miegamojo pavir\u0161iaus dyd\u017eiai:<br \/>\n80\/180 cm<br \/>\n80\/200 cm<br \/>\n90\/190 cm<br \/>\n90\/200 cm<br \/>\nSertifikuota Poznan\u0117s Medienos technologij\u0173 instituto<br \/>\nM\u016bs\u0173 pu\u0161in\u0117s konstrukcijos buvo grie\u017etai patikrintos d\u0117l patvarumo ir saugumo. 2008 m. jos gavo Poznan\u0117s Medienos technologij\u0173 instituto i\u0161duotus sertifikatus, patvirtinan\u010dius atitikt\u012f PN-EN747-1:2007 ir PN-EN747-2:2007 standart\u0173 reikalavimams.<br \/>\nBe to, 2016 m. visas dviauk\u0161tes lovas i\u0161 naujo pateik\u0117me grie\u017etiems bandymams, kad jos atitikt\u0173 nauj\u0173j\u0173 PN-EN747-1+A1:2015 ir PN-EN747-2+A1:2015 standart\u0173 reikalavimus. Nauji sertifikatai buvo i\u0161duoti neribotam laikui, dar kart\u0105 patvirtinant saugi\u0105 vis\u0173 m\u016bs\u0173 dviauk\u0161ti\u0173 lov\u0173 konstrukcij\u0105.<\/p>","protected":false},"excerpt":{"rendered":"<p>Plotis [cm] 208<br \/>\n\u016agis [cm] 78<br \/>\ngylis [cm] 103<br \/>\nVir\u0161utinio \u010diu\u017einio auk\u0161tis [cm] 52<br \/>\nApatinio \u010diu\u017einio auk\u0161tis [cm] 37<\/p>","protected":false},"featured_media":193048,"comment_status":"open","ping_status":"closed","template":"","meta":[],"product_brand":[],"product_cat":[9784,505,1968,4775],"product_tag":[],"class_list":{"0":"post-330871","1":"product","2":"type-product","3":"status-publish","4":"has-post-thumbnail","6":"product_cat-ground-floor-beds-pine-wood-tiled-meblobed","7":"product_cat-bedroom-beds","8":"product_cat-beds-90x200","9":"product_cat-meblobed","11":"first","12":"instock","13":"shipping-taxable","14":"purchasable","15":"product-type-variable","16":"wvs-archive-product-wrapper"},"_links":{"self":[{"href":"https:\/\/baldumarket.lt\/lt\/wp-json\/wp\/v2\/product\/330871","targetHints":{"allow":["GET"]}}],"collection":[{"href":"https:\/\/baldumarket.lt\/lt\/wp-json\/wp\/v2\/product"}],"about":[{"href":"https:\/\/baldumarket.lt\/lt\/wp-json\/wp\/v2\/types\/product"}],"replies":[{"embeddable":true,"href":"https:\/\/baldumarket.lt\/lt\/wp-json\/wp\/v2\/comments?post=330871"}],"wp:featuredmedia":[{"embeddable":true,"href":"https:\/\/baldumarket.lt\/lt\/wp-json\/wp\/v2\/media\/193048"}],"wp:attachment":[{"href":"https:\/\/baldumarket.lt\/lt\/wp-json\/wp\/v2\/media?parent=330871"}],"wp:term":[{"taxonomy":"product_brand","embeddable":true,"href":"https:\/\/baldumarket.lt\/lt\/wp-json\/wp\/v2\/product_brand?post=330871"},{"taxonomy":"product_cat","embeddable":true,"href":"https:\/\/baldumarket.lt\/lt\/wp-json\/wp\/v2\/product_cat?post=330871"},{"taxonomy":"product_tag","embeddable":true,"href":"https:\/\/baldumarket.lt\/lt\/wp-json\/wp\/v2\/product_tag?post=330871"}],"curies":[{"name":"wp","href":"https:\/\/api.w.org\/{rel}","templated":true}]}}