{"id":330755,"date":"2026-02-21T12:02:22","date_gmt":"2026-02-21T09:02:22","guid":{"rendered":"https:\/\/baldumarket.lt\/?post_type=product&#038;p=330755"},"modified":"2026-03-05T11:09:41","modified_gmt":"2026-03-05T08:09:41","slug":"sofa-lukka-2f-etap-sofa","status":"publish","type":"product","link":"https:\/\/baldumarket.lt\/lt\/product\/sofa-lukka-2f-etap-sofa\/","title":{"rendered":"Sofa LUKKA 2F Etap Sofa GR1"},"content":{"rendered":"<p>Moderni bald\u0173 gamintojo \u201eEtap Sofa\u201c sofa \u201eLukka\u201c si\u016bloma trij\u0173 versij\u0173: sofa be ki\u0161eni\u0173, sofa su viena ki\u0161ene; galima rinktis i\u0161 kair\u0117s arba de\u0161in\u0117s pus\u0117s (ki\u0161en\u0117s pus\u0117 nustatoma stovint prie\u0161ais bald\u0105) ir sofa su dviem ki\u0161en\u0117mis; viena kair\u0117je pus\u0117je, kita de\u0161in\u0117je. Trys ki\u0161en\u0117s yra sofos \u0161one (porankyje). 188x92x106 cm matmen\u0173 sofa buvo apr\u016bpinta itali\u0161ko stela\u017eo tipo miegojimo funkcija, kurios plotas 192\u00d7138 cm. 50 cm auk\u0161\u010dio s\u0117dyn\u0117 buvo u\u017epildyta labai elastingomis putomis, o atlo\u0161as \u2013 dviem didel\u0117mis pagalv\u0117l\u0117mis, u\u017epildytomis silikoniniu \u012fd\u0117klu. Sofa turi juodas plastikines kojeles. Sofa aptraukta tik audiniu.<br \/>\nCharakteristikos:<\/p>\n<p>Dviviet\u0117 sofa su miegojimo funkcija (ital\u0173 lentyna) be patalyn\u0117s d\u0117\u017e\u0117s<br \/>\nsofa be ki\u0161eni\u0173<br \/>\nploni porankiai<br \/>\npatogi s\u0117dyn\u0117 ir atlo\u0161as<br \/>\nmink\u0161ti baldai i\u0161 audinio<br \/>\nmodernus stilius<br \/>\nVykdymas:<br \/>\ns\u0117dyn\u0117 \u2013 labai elastingas putplastis + labai elastingas<br \/>\natlo\u0161as - silikoninis \u012fd\u0117klas<br \/>\nMiegojimo funkcija \u2013 itali\u0161ka lentyn\u0117l\u0117 yra sprendimas, rekomenduojamas kasdieniam miegui. Bald\u0173 i\u0161d\u0117stymas su \u0161ia sistema prasideda nuo atlo\u0161o atlenkimo. \u0160iuo metu atlo\u0161as ir s\u0117dyn\u0117 yra sulankstomi, o i\u0161 po j\u0173 i\u0161stumiamas pilno dyd\u017eio patogus \u010diu\u017einys. Taigi gauname lygi\u0105 ir patogi\u0105 miegojimo zon\u0105. Bald\u0173 i\u0161ardymas su \u0161ia sistema yra greitas ir, svarbiausia, nereikia j\u0173 atitraukti nuo sienos.<br \/>\nkojel\u0117s juodos (plastikin\u0117s)<br \/>\nApmu\u0161al\u0173 tipas:<\/p>\n<p>audiniai (pagal pavyzd\u017ei\u0173 gav\u0117j\u0105)<\/p>","protected":false},"excerpt":{"rendered":"<p>Matmenys<br \/>\nPlotis [cm] 188<br \/>\n\u016agis [cm] 92<br \/>\nGylis [cm] 106<br \/>\nS\u0117dyn\u0117s auk\u0161tis [cm] 50<br \/>\nMiegamosios dalies plotis 140 \u00d7 190<\/p>","protected":false},"featured_media":330756,"comment_status":"open","ping_status":"closed","template":"","meta":[],"product_brand":[],"product_cat":[9742],"product_tag":[],"class_list":{"0":"post-330755","1":"product","2":"type-product","3":"status-publish","4":"has-post-thumbnail","6":"product_cat-upholstered-furniture-lukka-etap-sofa","8":"first","9":"instock","10":"shipping-taxable","11":"purchasable","12":"product-type-simple"},"_links":{"self":[{"href":"https:\/\/baldumarket.lt\/lt\/wp-json\/wp\/v2\/product\/330755","targetHints":{"allow":["GET"]}}],"collection":[{"href":"https:\/\/baldumarket.lt\/lt\/wp-json\/wp\/v2\/product"}],"about":[{"href":"https:\/\/baldumarket.lt\/lt\/wp-json\/wp\/v2\/types\/product"}],"replies":[{"embeddable":true,"href":"https:\/\/baldumarket.lt\/lt\/wp-json\/wp\/v2\/comments?post=330755"}],"wp:featuredmedia":[{"embeddable":true,"href":"https:\/\/baldumarket.lt\/lt\/wp-json\/wp\/v2\/media\/330756"}],"wp:attachment":[{"href":"https:\/\/baldumarket.lt\/lt\/wp-json\/wp\/v2\/media?parent=330755"}],"wp:term":[{"taxonomy":"product_brand","embeddable":true,"href":"https:\/\/baldumarket.lt\/lt\/wp-json\/wp\/v2\/product_brand?post=330755"},{"taxonomy":"product_cat","embeddable":true,"href":"https:\/\/baldumarket.lt\/lt\/wp-json\/wp\/v2\/product_cat?post=330755"},{"taxonomy":"product_tag","embeddable":true,"href":"https:\/\/baldumarket.lt\/lt\/wp-json\/wp\/v2\/product_tag?post=330755"}],"curies":[{"name":"wp","href":"https:\/\/api.w.org\/{rel}","templated":true}]}}